{"id":1218,"date":"2020-01-30T14:11:56","date_gmt":"2020-01-30T19:11:56","guid":{"rendered":"https:\/\/canadianigf.ca\/?page_id=1218"},"modified":"2020-11-11T17:36:47","modified_gmt":"2020-11-11T22:36:47","slug":"la-litteratie-numerique-a-lere-de-linternet","status":"publish","type":"page","link":"https:\/\/canadianigf.ca\/fr\/la-litteratie-numerique-a-lere-de-linternet\/","title":{"rendered":"La litt\u00e9ratie num\u00e9rique \u00e0 l\u2019\u00e8re de l\u2019Internet"},"content":{"rendered":"\n<p> Le mercredi 25 novembre: 15:30 &#8211; 16:25  <\/p>\n\n\n\n<p>La soci\u00e9t\u00e9 innovante et num\u00e9rique dans laquelle nous vivons aujourd\u2019hui nous oblige \u00e0 confronter les appareils et plateformes connect\u00e9s \u00e0 Internet dans pratiquement tous les domaines de notre vie. En quelques mois, la COVID-19 a radicalement chang\u00e9 notre fa\u00e7on de travailler et d\u2019interagir les uns avec les autres, tout en mettant \u00e9galement en lumi\u00e8re l\u2019importance de la litt\u00e9ratie num\u00e9rique et du renforcement des comp\u00e9tences num\u00e9riques. La litt\u00e9ratie num\u00e9rique est sans doute plus importante que jamais, car nos vies deviennent de plus en plus virtuelles et \u00e9loign\u00e9es. <br><br>Cette s\u00e9ance explorera les d\u00e9fis et les opportunit\u00e9s pour le renforcement des capacit\u00e9s num\u00e9riques et la cr\u00e9ation d\u2019une cybercommunaut\u00e9 plus s\u00fbre dans ce paysage en pleine \u00e9volution, ainsi que les pr\u00e9occupations concernant les menaces li\u00e9es \u00e0 Internet et aux d\u00e9fis de la d\u00e9sinformation et du foss\u00e9 num\u00e9rique. <\/p>\n\n\n\n<p>Conf\u00e9renciers:<\/p>\n\n\n\n<p> <strong>Daphnee Nostrome<\/strong>, Ontario Digital Service<br><strong>Lequanne Collins-Bacchus<\/strong>, Treasury Board of Canada Secretariat<br><strong>Matthew Johnson,\u00a0<\/strong>MediaSmarts<br><strong>Maureen James<\/strong>, ACEI<br><strong>Jim Ghadbane,\u00a0<\/strong>CANARIE  <\/p>\n\n\n\n<figure class=\"wp-block-image\"><img fetchpriority=\"high\" decoding=\"async\" width=\"865\" height=\"603\" src=\"https:\/\/canadianigf.ca\/wp-content\/uploads\/2020\/02\/Daphne-Nostrome.jpg\" alt=\"\" class=\"wp-image-1294\" srcset=\"https:\/\/canadianigf.ca\/wp-content\/uploads\/2020\/02\/Daphne-Nostrome.jpg 865w, https:\/\/canadianigf.ca\/wp-content\/uploads\/2020\/02\/Daphne-Nostrome-300x209.jpg 300w, https:\/\/canadianigf.ca\/wp-content\/uploads\/2020\/02\/Daphne-Nostrome-768x535.jpg 768w\" sizes=\"(max-width: 865px) 100vw, 865px\" \/><\/figure>\n\n\n\n<p><strong>Daphn\u00e9e Nostrome<\/strong> <br> Daphn\u00e9e est une artisane du changement depuis 20 ans. Ardente d\u00e9fenseure de l\u2019inclusion num\u00e9rique, elle offre des conseils strat\u00e9giques \u00e0 une vaste gamme de groupes communautaire au Canada et \u00e0 l\u2019\u00e9tranger. Elle a donn\u00e9 des conf\u00e9rences sur la litt\u00e9ratie num\u00e9rique \u00e0 la conf\u00e9rence Diversity in Digital Services, \u00e0 FWD50, \u00e0 la Harvard Kennedy School et au Bureau du directeur de la technologie du maire de New York.<\/p>\n\n\n\n<p>Elle est actuellement\ndirectrice principale de la section de conception de contenu des Services num\u00e9riques\nde l\u2019Ontario. Avant d\u2019occuper ce poste, elle a fond\u00e9 et dirig\u00e9 l\u2019\u00e9quipe de\nformation num\u00e9rique des Services num\u00e9riques de l\u2019Ontario.<\/p>\n\n\n\n<p><\/p>\n\n\n\n<figure class=\"wp-block-image\"><img decoding=\"async\" width=\"578\" height=\"578\" src=\"https:\/\/canadianigf.ca\/wp-content\/uploads\/2020\/02\/Lequanne-Collins-Bacchus.jpg\" alt=\"\" class=\"wp-image-1302\" srcset=\"https:\/\/canadianigf.ca\/wp-content\/uploads\/2020\/02\/Lequanne-Collins-Bacchus.jpg 578w, https:\/\/canadianigf.ca\/wp-content\/uploads\/2020\/02\/Lequanne-Collins-Bacchus-150x150.jpg 150w, https:\/\/canadianigf.ca\/wp-content\/uploads\/2020\/02\/Lequanne-Collins-Bacchus-300x300.jpg 300w, https:\/\/canadianigf.ca\/wp-content\/uploads\/2020\/02\/Lequanne-Collins-Bacchus-100x100.jpg 100w\" sizes=\"(max-width: 578px) 100vw, 578px\" \/><\/figure>\n\n\n\n<p><strong>Lequanne Collins-Bacchus<\/strong> <br><\/p>\n\n\n\n<p>Lequanne est actuellement conseill\u00e8re au\nSecr\u00e9tariat du Conseil du Tr\u00e9sor du Canada et travaille sur des dossiers li\u00e9s\nau D9.&nbsp;<\/p>\n\n\n\n<p>Par le pass\u00e9, elle a travaill\u00e9\ndans le domaine de la transformation num\u00e9rique, notamment comme fellow de Code\nfor Canada en 2019, comme conseill\u00e8re sur la premi\u00e8re strat\u00e9gie ontarienne en\nmati\u00e8re de donn\u00e9es aux Services num\u00e9riques de l\u2019Ontario et en recherche sur l\u2019intelligence\nartificielle \u00e0 l\u2019Universit\u00e9 de l\u2019EADO. Elle a parl\u00e9 de son travail et l\u2019a\nexpos\u00e9 \u00e0 Londres, au Royaume-Uni, au Mozilla Festival; \u00e0 Tallinn, en Estonie, \u00e0\nSmart-Up BSR; \u00e0 Toronto, au Canada, au Toronto Offsite Design Festival; \u00e0 la\nconf\u00e9rence Make Change; \u00e0 la conf\u00e9rence Open Government et au Youth Impact\nSummit au District de la d\u00e9couverte MaRS, pour n\u2019en nommer que quelques-uns.<\/p>\n\n\n\n<p>Lequanne a poursuivi des\n\u00e9tudes de cycles sup\u00e9rieurs en Estonie, se concentrant sur les technologies de\ngouvernance et les syst\u00e8mes de gestion de l\u2019information \u00e0 l\u2019Extension School de\nl\u2019Universit\u00e9 Harvard. Elle est passionn\u00e9e par la transformation num\u00e9rique ax\u00e9e\nsur l\u2019humain, \u00e9tique et co-cr\u00e9\u00e9e!<\/p>\n\n\n\n<figure class=\"wp-block-image is-resized\"><img decoding=\"async\" src=\"https:\/\/canadianigf.ca\/wp-content\/uploads\/2020\/10\/Matthew-Johnson.jpg\" alt=\"\" class=\"wp-image-1645\" width=\"459\" height=\"502\" srcset=\"https:\/\/canadianigf.ca\/wp-content\/uploads\/2020\/10\/Matthew-Johnson.jpg 893w, https:\/\/canadianigf.ca\/wp-content\/uploads\/2020\/10\/Matthew-Johnson-274x300.jpg 274w, https:\/\/canadianigf.ca\/wp-content\/uploads\/2020\/10\/Matthew-Johnson-768x841.jpg 768w\" sizes=\"(max-width: 459px) 100vw, 459px\" \/><\/figure>\n\n\n\n<p><strong>Matthew Johnson <\/strong><br>Matthew est le directeur de l\u2019\u00e9ducation de HabiloM\u00e9dias, le centre canadien d\u2019\u00e9ducation num\u00e9rique et m\u00e9diatique. Il est l\u2019auteur de nombreuses le\u00e7ons de HabiloM\u00e9dias, de mat\u00e9riel destin\u00e9 aux parents et de ressources interactives et il est \u00e9galement responsable des projets de recherche de HabiloM\u00e9dias. Matthew est l\u2019architecte des programmes de perfectionnement professionnel <em>Utiliser, comprendre et cr\u00e9er&nbsp;: Un cadre de litt\u00e9ratie num\u00e9rique pour les \u00e9coles canadiennes,\u00c9ducation m\u00e9dias 101<\/em> et <em>Litt\u00e9ratie num\u00e9rique 101<\/em> de HabiloM\u00e9dias.<em> <\/em>Il a r\u00e9dig\u00e9 des blogues et des articles pour des sites Web et des magazines du monde entier et a pr\u00e9sent\u00e9 des documents de recherche de HabiloM\u00e9dias sur des sujets tels que le droit d\u2019auteur, la cyberintimidation, l\u2019image corporelle et la haine sur Internet \u00e0 des comit\u00e9s parlementaires, des conf\u00e9rences universitaires et des gouvernements et organisations du monde entier. En tant que membre du Groupe de travail sur la sant\u00e9 num\u00e9rique de la Soci\u00e9t\u00e9 canadienne de p\u00e9diatrie, il a particip\u00e9 \u00e0 la r\u00e9daction des recommandations de la SCP sur le temps d\u2019\u00e9cran des enfants.  <\/p>\n\n\n\n<figure class=\"wp-block-image is-resized\"><img loading=\"lazy\" decoding=\"async\" src=\"https:\/\/canadianigf.ca\/wp-content\/uploads\/2020\/11\/maureen-james-1024x684.jpg\" alt=\"\" class=\"wp-image-1700\" width=\"548\" height=\"366\" srcset=\"https:\/\/canadianigf.ca\/wp-content\/uploads\/2020\/11\/maureen-james-1024x684.jpg 1024w, https:\/\/canadianigf.ca\/wp-content\/uploads\/2020\/11\/maureen-james-300x200.jpg 300w, https:\/\/canadianigf.ca\/wp-content\/uploads\/2020\/11\/maureen-james-768x513.jpg 768w, https:\/\/canadianigf.ca\/wp-content\/uploads\/2020\/11\/maureen-james.jpg 1730w\" sizes=\"(max-width: 548px) 100vw, 548px\" \/><figcaption><br><\/figcaption><\/figure>\n\n\n\n<p><strong>Maureen James <br><\/strong>Maureen g\u00e8re le programme d&#8217;investissement communautaire de l&#8217;Autorit\u00e9 canadienne pour les enregistrements Internet (ACEI), qui finance des projets Internet communautaires innovants pour construire un Internet r\u00e9silient, fiable et s\u00fbr pour tous les Canadiens. Elle a de l\u2019exp\u00e9rience dans la collecte de fonds, l&#8217;octroi de subventions et l&#8217;\u00e9laboration de strat\u00e9gies avec des organisations \u00e0 but non lucratif, tant au niveau international qu&#8217;au Canada.<br><\/p>\n\n\n\n<figure class=\"wp-block-image is-resized\"><img loading=\"lazy\" decoding=\"async\" src=\"https:\/\/canadianigf.ca\/wp-content\/uploads\/2020\/03\/Jim-Ghadbane-Photo-782x1024.jpg\" alt=\"\" class=\"wp-image-1490\" width=\"347\" height=\"454\" srcset=\"https:\/\/canadianigf.ca\/wp-content\/uploads\/2020\/03\/Jim-Ghadbane-Photo-782x1024.jpg 782w, https:\/\/canadianigf.ca\/wp-content\/uploads\/2020\/03\/Jim-Ghadbane-Photo-229x300.jpg 229w, https:\/\/canadianigf.ca\/wp-content\/uploads\/2020\/03\/Jim-Ghadbane-Photo-768x1006.jpg 768w\" sizes=\"(max-width: 347px) 100vw, 347px\" \/><\/figure>\n\n\n\n<p><strong>Jim Ghadbane<\/strong><br>Jim a \u00e9t\u00e9 nomm\u00e9 pr\u00e9sident et chef de la direction de CANARIE en 2013, apr\u00e8s s\u2019\u00eatre joint \u00e0 l\u2019organisation en tant que directeur de la technologie en 2010. Le leadership de Jim, son expertise technique et son accent mis sur les besoins des parties prenantes contribuent \u00e0 accro\u00eetre l\u2019incidence et la pertinence des programmes et services de CANARIE dans les secteurs public et priv\u00e9 du Canada.<\/p>\n\n\n\n<p>\u00c0 l\u2019\u00e9chelle nationale, Jim\ns\u2019emploie \u00e0 renforcer la gouvernance, le fonctionnement ax\u00e9 sur la\ncollaboration et l\u2019\u00e9volution du R\u00e9seau national de recherche et d\u2019\u00e9ducation\n(RNRE) du Canada. \u00c0 l\u2019\u00e9chelle internationale, Jim travaille avec ses homologues\ndu monde entier sur le forum des chefs de direction des RNRE pour guider l\u2019\u00e9volution\ndu R\u00e9seau mondial de recherche et d\u2019\u00e9ducation.<\/p>\n\n\n\n<p>Avant de se joindre \u00e0 CANARIE, Jim a occup\u00e9 divers postes de direction au sein de soci\u00e9t\u00e9s de TIC de premier plan, notamment Bridgewater Systems (qui fait maintenant partie d\u2019Amdocs), Ceyba Corporation, Alcatel Corporation et Newbridge Networks. Jim est un mentor d\u00e9vou\u00e9 pour de nombreux coll\u00e8gues et un passionn\u00e9 de golf.<\/p>\n\n\n\n<p><strong>Remarque&nbsp;: D\u2019autres conf\u00e9renciers sont\nactuellement en train d\u2019\u00eatre confirm\u00e9s et seront annonc\u00e9s dans les prochains\njours.<\/strong><\/p>\n\n\n<p><!--EndFragment--><\/p>\n<p><\/p>","protected":false},"excerpt":{"rendered":"<p>Le mercredi 25 novembre: 15:30 &#8211; 16:25 La soci\u00e9t\u00e9 innovante et num\u00e9rique dans laquelle nous vivons aujourd\u2019hui nous oblige \u00e0 confronter les appareils et plateformes connect\u00e9s \u00e0 Internet dans pratiquement tous les domaines de notre vie. En quelques mois, la COVID-19 a radicalement chang\u00e9 notre fa\u00e7on de travailler et d\u2019interagir les uns avec les autres, [&hellip;]<\/p>\n","protected":false},"author":1,"featured_media":0,"parent":0,"menu_order":106,"comment_status":"closed","ping_status":"closed","template":"","meta":{"cybocfi_hide_featured_image":"","footnotes":""},"class_list":["post-1218","page","type-page","status-publish","hentry"],"_links":{"self":[{"href":"https:\/\/canadianigf.ca\/fr\/wp-json\/wp\/v2\/pages\/1218","targetHints":{"allow":["GET"]}}],"collection":[{"href":"https:\/\/canadianigf.ca\/fr\/wp-json\/wp\/v2\/pages"}],"about":[{"href":"https:\/\/canadianigf.ca\/fr\/wp-json\/wp\/v2\/types\/page"}],"author":[{"embeddable":true,"href":"https:\/\/canadianigf.ca\/fr\/wp-json\/wp\/v2\/users\/1"}],"replies":[{"embeddable":true,"href":"https:\/\/canadianigf.ca\/fr\/wp-json\/wp\/v2\/comments?post=1218"}],"version-history":[{"count":9,"href":"https:\/\/canadianigf.ca\/fr\/wp-json\/wp\/v2\/pages\/1218\/revisions"}],"predecessor-version":[{"id":1813,"href":"https:\/\/canadianigf.ca\/fr\/wp-json\/wp\/v2\/pages\/1218\/revisions\/1813"}],"wp:attachment":[{"href":"https:\/\/canadianigf.ca\/fr\/wp-json\/wp\/v2\/media?parent=1218"}],"curies":[{"name":"wp","href":"https:\/\/api.w.org\/{rel}","templated":true}]}}