{"id":1222,"date":"2020-01-30T14:13:05","date_gmt":"2020-01-30T19:13:05","guid":{"rendered":"https:\/\/canadianigf.ca\/?page_id=1222"},"modified":"2020-11-19T17:02:41","modified_gmt":"2020-11-19T22:02:41","slug":"structurer-la-conversation-evaluer-les-differentes-approches-a-la-moderation-du-contenu","status":"publish","type":"page","link":"https:\/\/canadianigf.ca\/fr\/structurer-la-conversation-evaluer-les-differentes-approches-a-la-moderation-du-contenu\/","title":{"rendered":"Structurer la conversation ? \u00c9valuer les diff\u00e9rentes approches \u00e0 la mod\u00e9ration du contenu"},"content":{"rendered":"\n<p> <br> Le mardi 24 novembre: 13:25 &#8211; 14:20 <\/p>\n\n\n\n<p>La d\u00e9sinformation et les contenus extr\u00e9mistes posent de s\u00e9rieux d\u00e9fis \u00e0 la d\u00e9mocratie et au discours public. Avec la propagation des th\u00e9ories du complot au sujet de la COVID-19 sur les plateformes m\u00e9diatiques, plusieurs pensent que la pand\u00e9mie a acc\u00e9l\u00e9r\u00e9 la production de contenu en ligne destin\u00e9 \u00e0 manipuler, tromper ou radicaliser les utilisateurs. Ce panel portera sur la nature de la d\u00e9sinformation en ligne qui nous affecte, les politiques et les outils \u00e9mergents cr\u00e9\u00e9s par les gouvernements et les plateformes, ainsi que les effets que ces nouveaux \u00e9l\u00e9ments auront sur les moyens d\u2019expression virtuels. Cette s\u00e9ance \u00e9value la compatibilit\u00e9 des r\u00e9ponses publiques et priv\u00e9es \u00e0 la d\u00e9sinformation et au contenu extr\u00e9miste avec un Internet libre et ouvert, la responsabilit\u00e9 publique et d\u00e9mocratique et les principes fondamentaux des droits de la personne.<\/p>\n\n\n\n<p> Conf\u00e9renciers: <\/p>\n\n\n\n<p><strong>Suzie Dunn<\/strong>,  l&#8217;Universit\u00e9 d&#8217;Ottawa<br><strong>Steve de Eyre,\u00a0<\/strong>Tik\u00a0Tok <br><strong>Kevin Chan<\/strong>, Facebook<br><strong>Fenwick McElvey,\u00a0<\/strong>Concordia\u00a0University<br><strong>David Moscrop\u00a0<\/strong>(moderateurr) <\/p>\n\n\n\n<figure class=\"wp-block-image is-resized\"><img fetchpriority=\"high\" decoding=\"async\" src=\"https:\/\/canadianigf.ca\/wp-content\/uploads\/2020\/03\/Suzie-Dunn-bio-pic.jpeg\" alt=\"\" class=\"wp-image-1467\" width=\"447\" height=\"563\" srcset=\"https:\/\/canadianigf.ca\/wp-content\/uploads\/2020\/03\/Suzie-Dunn-bio-pic.jpeg 738w, https:\/\/canadianigf.ca\/wp-content\/uploads\/2020\/03\/Suzie-Dunn-bio-pic-238x300.jpeg 238w\" sizes=\"(max-width: 447px) 100vw, 447px\" \/><\/figure>\n\n\n\n<p><strong>Suzie Dunn <\/strong><br>Suzie est \u00e9tudiante au doctorat et professeure \u00e0 temps partiel \u00e0 la facult\u00e9 de droit de l&#8217;Universit\u00e9 d&#8217;Ottawa. Elle enseigne actuellement le droit des contrats \u00e0 l&#8217;universit\u00e9 et donne des conf\u00e9rences sur le droit et la technologie.<\/p>\n\n\n\n<p>Ses recherches portent sur les intersections entre le genre, l&#8217;\u00e9galit\u00e9, la technologie et le droit, avec un accent particulier sur la distribution non consensuelle d&#8217;images intimes, les trucages et l&#8217;usurpation d&#8217;identit\u00e9 dans les espaces num\u00e9riques. Elle a re\u00e7u la bourse Joseph-Armand Bombardier pour ses recherches de doctorat.<br><\/p>\n\n\n\n<figure class=\"wp-block-image is-resized\"><img decoding=\"async\" src=\"https:\/\/canadianigf.ca\/wp-content\/uploads\/2020\/11\/Steve_de_Eyere_Headshot-683x1024.jpg\" alt=\"\" class=\"wp-image-1853\" width=\"436\" height=\"653\" srcset=\"https:\/\/canadianigf.ca\/wp-content\/uploads\/2020\/11\/Steve_de_Eyere_Headshot-683x1024.jpg 683w, https:\/\/canadianigf.ca\/wp-content\/uploads\/2020\/11\/Steve_de_Eyere_Headshot-200x300.jpg 200w, https:\/\/canadianigf.ca\/wp-content\/uploads\/2020\/11\/Steve_de_Eyere_Headshot-768x1152.jpg 768w\" sizes=\"(max-width: 436px) 100vw, 436px\" \/><\/figure>\n\n\n\n<p><strong>Steve\nde Eyre<\/strong><br>\nSteve de Eyre est \u00e0 la t\u00eate des politiques publiques et des relations\ngouvernementales de TikTok au Canada. Il travaille avec toutes les sph\u00e8res du\ngouvernement pour les informer des engagements de TikTok en ce qui concerne la\ns\u00e9curit\u00e9 et le respect des renseignements priv\u00e9s des utilisateurs, ainsi que pour\nexpliquer la mani\u00e8re dont les Canadiens utilisent TikTok pour cr\u00e9er et trouver\ndu contenu canadien unique en ligne. Avant de se joindre \u00e0 TikTok en 2020, il\n\u00e9tait chef des politiques publiques chez Amazon.ca de 2016&nbsp;\u00e0 2020, o\u00f9 il a\nmis sur pied l\u2019\u00e9quipe des relations gouvernementales d\u2019Amazon pour le Canada.\nDurant cette p\u00e9riode, il a \u00e9galement \u00e9t\u00e9 responsable de l\u2019engagement\ngouvernemental en lien avec les entreprises consommatrices et la main-d\u2019\u0153uvre\nau Canada.<\/p>\n\n\n\n<p>Steve poss\u00e8de une vaste exp\u00e9rience en\npolitique Internet et technologique, en commerce num\u00e9rique et international\nainsi qu\u2019en relations canado-am\u00e9ricaines. Auparavant, il a travaill\u00e9 pour\nl\u2019ambassade du Canada \u00e0 Washington D.C. en tant que repr\u00e9sentant local de\nl\u2019innovation, de la science et du d\u00e9veloppement \u00e9conomique, ainsi que pour\nl\u2019Agence canadienne des services frontaliers. Steve a aussi servi l\u2019Assembl\u00e9e\nl\u00e9gislative de l\u2019Ontario et la Commission f\u00e9d\u00e9rale du commerce des \u00c9tats-Unis,\net a \u00e9galement \u0153uvr\u00e9 comme b\u00e9n\u00e9vole durant les campagnes politiques canadiennes\net am\u00e9ricaines.<\/p>\n\n\n\n<p>Steve poss\u00e8de un baccalaur\u00e9at (avec\ndistinction) en sciences politiques de l\u2019Universit\u00e9 Bishop, o\u00f9 il a \u00e9t\u00e9 nomm\u00e9 \u00ab\u2009Top&nbsp;10\nafter 10\u2009\u00bb des finissants, ainsi qu\u2019\u00e0 l\u2019\u00e9cole de droit de l\u2019Universit\u00e9 Case\nWestern Reserve (Cleveland, Ohio), o\u00f9 il \u00e9tait agr\u00e9g\u00e9 sup\u00e9rieur de l\u2019institut\nde droit canado-am\u00e9ricain. Il habite \u00e0 Oakville, en Ontario, avec sa femme et\nses deux enfants.<\/p>\n\n\n\n<figure class=\"wp-block-image\"><img decoding=\"async\" width=\"400\" height=\"600\" src=\"https:\/\/canadianigf.ca\/wp-content\/uploads\/2020\/10\/Fenwick-Mckelvey-Headshot.jpg\" alt=\"\" class=\"wp-image-1662\" srcset=\"https:\/\/canadianigf.ca\/wp-content\/uploads\/2020\/10\/Fenwick-Mckelvey-Headshot.jpg 400w, https:\/\/canadianigf.ca\/wp-content\/uploads\/2020\/10\/Fenwick-Mckelvey-Headshot-200x300.jpg 200w\" sizes=\"(max-width: 400px) 100vw, 400px\" \/><\/figure>\n\n\n\n<p><strong>Fenwick McKelvey<\/strong><br>\nAlors que la discussion sur l&#8217;Internet des objets bat son plein, Fenwick\nMcKelvey se consacre \u00e0 l&#8217;\u00e9tude de ce ph\u00e9nom\u00e8ne. Enqu\u00eatant sur les machines, les\nrobots, l&#8217;intelligence artificielle, les algorithmes et les d\u00e9mons qui\nconstituent la structure de l&#8217;Internet, sa recherche l\u2019entra\u00eene depuis les\nd\u00e9bats du CRTC aux centres de donn\u00e9es et de Gilles Deleuza \u00e0 John Dewey. Ses\n\u00e9tudes r\u00e9centes et en cours sont consacr\u00e9es aux d\u00e9mons qui g\u00e8rent les flux\nInternet et \u00e0 leur r\u00f4le dans les d\u00e9bats sur la neutralit\u00e9 du r\u00e9seau, au nouveau\nlogiciel et aux plates-formes des m\u00e9dias sociaux qui jouent le r\u00f4le de\nm\u00e9diateurs sur le plan de l&#8217;engagement politique, ainsi qu\u2019aux algorithmes et \u00e0\nl\u2019IA qui r\u00e9gissent la d\u00e9couvrabilit\u00e9 du contenu en ligne. Le Dr McKelvey est\nprofesseur agr\u00e9g\u00e9 en politiques sur les technologies de l&#8217;information et des\ncommunications au d\u00e9partement d\u2019\u00e9tudes en communication de l\u2019Universit\u00e9\nConcordia.<\/p>\n\n\n\n<p>Chaque fois qu\u2019il le peut, McKelvey prend part \u00e0 des d\u00e9bats publics et \u00e0 des discussions portant sur diff\u00e9rents enjeux en lien avec l&#8217;Internet des objets, en plus d\u2019agir fr\u00e9quemment \u00e0 titre de commentateur pour diff\u00e9rentes organisations m\u00e9diatiques, dont Power and Politics et The National \u00e0 CBC, The Globe and Mail, le National Post, le Montreal Gazette.<\/p>\n\n\n\n<figure class=\"wp-block-image is-resized\"><img loading=\"lazy\" decoding=\"async\" src=\"https:\/\/canadianigf.ca\/wp-content\/uploads\/2020\/10\/DaveMoscropHeadshot_2-682x1024.jpg\" alt=\"\" class=\"wp-image-1664\" width=\"504\" height=\"756\" srcset=\"https:\/\/canadianigf.ca\/wp-content\/uploads\/2020\/10\/DaveMoscropHeadshot_2-682x1024.jpg 682w, https:\/\/canadianigf.ca\/wp-content\/uploads\/2020\/10\/DaveMoscropHeadshot_2-200x300.jpg 200w, https:\/\/canadianigf.ca\/wp-content\/uploads\/2020\/10\/DaveMoscropHeadshot_2-768x1153.jpg 768w, https:\/\/canadianigf.ca\/wp-content\/uploads\/2020\/10\/DaveMoscropHeadshot_2.jpg 1154w\" sizes=\"(max-width: 504px) 100vw, 504px\" \/><\/figure>\n\n\n\n<p><strong>David Moscrop<\/strong><br>David Moscrop est l\u2019auteur de l&#8217;ouvrage intitul\u00e9 \u2018Too Dumb for Democracy? Why We Make Bad Political Decisions and How We Can Make Better Ones.\u2019 Il d\u00e9tient un doctorat en sciences politiques de l&#8217;Universit\u00e9 de la Colombie-Britannique et est pr\u00e9sentement boursier postdoctoral du Conseil de recherches en sciences humaines au d\u00e9partement des communications de l&#8217;Universit\u00e9 d\u2019Ottawa. Il est aussi chroniqueur au Washington Post en plus de collaborer r\u00e9guli\u00e8rement \u00e0 la revue Maclean\u2019s et de jouer le r\u00f4le de commentateur pour la presse, la radio et la t\u00e9l\u00e9vision. David habite \u00e0 Ottawa. <\/p>\n\n\n\n<p><strong>Remarque&nbsp;: D\u2019autres conf\u00e9renciers sont actuellement en train d\u2019\u00eatre confirm\u00e9s et seront annonc\u00e9s dans les prochains jours.<\/strong><br><\/p>\n","protected":false},"excerpt":{"rendered":"<p>Le mardi 24 novembre: 13:25 &#8211; 14:20 La d\u00e9sinformation et les contenus extr\u00e9mistes posent de s\u00e9rieux d\u00e9fis \u00e0 la d\u00e9mocratie et au discours public. Avec la propagation des th\u00e9ories du complot au sujet de la COVID-19 sur les plateformes m\u00e9diatiques, plusieurs pensent que la pand\u00e9mie a acc\u00e9l\u00e9r\u00e9 la production de contenu en ligne destin\u00e9 \u00e0 [&hellip;]<\/p>\n","protected":false},"author":1,"featured_media":0,"parent":0,"menu_order":102,"comment_status":"closed","ping_status":"closed","template":"","meta":{"cybocfi_hide_featured_image":"","footnotes":""},"class_list":["post-1222","page","type-page","status-publish","hentry"],"_links":{"self":[{"href":"https:\/\/canadianigf.ca\/fr\/wp-json\/wp\/v2\/pages\/1222","targetHints":{"allow":["GET"]}}],"collection":[{"href":"https:\/\/canadianigf.ca\/fr\/wp-json\/wp\/v2\/pages"}],"about":[{"href":"https:\/\/canadianigf.ca\/fr\/wp-json\/wp\/v2\/types\/page"}],"author":[{"embeddable":true,"href":"https:\/\/canadianigf.ca\/fr\/wp-json\/wp\/v2\/users\/1"}],"replies":[{"embeddable":true,"href":"https:\/\/canadianigf.ca\/fr\/wp-json\/wp\/v2\/comments?post=1222"}],"version-history":[{"count":13,"href":"https:\/\/canadianigf.ca\/fr\/wp-json\/wp\/v2\/pages\/1222\/revisions"}],"predecessor-version":[{"id":1865,"href":"https:\/\/canadianigf.ca\/fr\/wp-json\/wp\/v2\/pages\/1222\/revisions\/1865"}],"wp:attachment":[{"href":"https:\/\/canadianigf.ca\/fr\/wp-json\/wp\/v2\/media?parent=1222"}],"curies":[{"name":"wp","href":"https:\/\/api.w.org\/{rel}","templated":true}]}}