{"id":1224,"date":"2020-01-30T14:13:35","date_gmt":"2020-01-30T19:13:35","guid":{"rendered":"https:\/\/canadianigf.ca\/?page_id=1224"},"modified":"2020-11-11T17:33:02","modified_gmt":"2020-11-11T22:33:02","slug":"connecter-les-communautes-autochtones","status":"publish","type":"page","link":"https:\/\/canadianigf.ca\/fr\/connecter-les-communautes-autochtones\/","title":{"rendered":"Connecter les communaut\u00e9s autochtones"},"content":{"rendered":"\n<p> Le mardi 24 novembre: 15:35 &#8211; 16:30  <\/p>\n\n\n\n<p>Les communaut\u00e9s autochtones du Canada et des \u00c9tats-Unis sont parmi les plus desservis lorsqu\u2019il s\u2019agit de l\u2019acc\u00e8s \u00e0 un Internet de bonne qualit\u00e9. Il est bien connu qu\u2019un service Internet fiable constitue un facteur cl\u00e9 du d\u00e9veloppement \u00e9conomique, de l\u2019entrepreneuriat, des PME et des services de sant\u00e9 et d\u2019\u00e9ducation tant n\u00e9cessaires. Pourtant, les milieux ruraux et les endroits \u00e9loign\u00e9s o\u00f9 les communaut\u00e9s autochtones se trouvent typiquement repr\u00e9sentent toujours un enjeu probl\u00e9matique en ce qui a trait \u00e0 l\u2019acc\u00e8s d\u2019un service Internet fiable et abordable. <\/p>\n\n\n\n<p>Lors de cette s\u00e9ance, une discussion entre les experts et les membres de communaut\u00e9s autochtones sera tenue pour \u00e9tablir quels sont les enjeux cl\u00e9s et les r\u00e9cents d\u00e9ploiements de r\u00e9seaux efficaces dans leurs territoires. <\/p>\n\n\n\n<p>Conf\u00e9renciers:<br><br><strong>John Kealoha Garcia<\/strong>,  Nation of Hawaii  <br> <strong>Melanie Polin<\/strong>, Economic Development Officer, Township of Dubreuilville<br><strong>Michael Furdyk,\u00a0<\/strong>Taking\u00a0IT\u00a0Global <br><strong>Tim\u00a0Whiteduck,<\/strong> directeur de la technologie du Conseil en \u00c9ducation des Premi\u00e8res Nations (CEPN) <br><strong>Mark Buell,<\/strong>\u00a0l&#8217;Internet\u00a0Society\u00a0(moderateur)<br><\/p>\n\n\n\n<figure class=\"wp-block-image is-resized\"><img fetchpriority=\"high\" decoding=\"async\" src=\"https:\/\/canadianigf.ca\/wp-content\/uploads\/2020\/02\/John-Kealoha-Garcia-683x1024.jpg\" alt=\"\" class=\"wp-image-1281\" width=\"436\" height=\"653\" srcset=\"https:\/\/canadianigf.ca\/wp-content\/uploads\/2020\/02\/John-Kealoha-Garcia-683x1024.jpg 683w, https:\/\/canadianigf.ca\/wp-content\/uploads\/2020\/02\/John-Kealoha-Garcia-200x300.jpg 200w, https:\/\/canadianigf.ca\/wp-content\/uploads\/2020\/02\/John-Kealoha-Garcia-768x1152.jpg 768w, https:\/\/canadianigf.ca\/wp-content\/uploads\/2020\/02\/John-Kealoha-Garcia.jpg 1792w\" sizes=\"(max-width: 436px) 100vw, 436px\" \/><\/figure>\n\n\n\n<p><strong>John Kealoha Garcia<\/strong> est un entrepreneur et a re\u00e7u des prix en tant que directeur artistique \u00e9tabli \u00e0 Honolulu, \u00e0 Hawaii.<br> <br> Connu pour son r\u00f4le artistique percutant pour des organisations les plus influentes d\u2019Hawaii, le leadership avant-gardiste de John et sa capacit\u00e9 de transformer des id\u00e9es de l\u2019\u00e9tape de conception \u00e0 compl\u00e9tion a contribu\u00e9 \u00e0 son succ\u00e8s au cours des 20 derni\u00e8res ann\u00e9es dans l\u2019industrie.<br> <br> Vot\u00e9 l\u2019un des plus importants influenceurs sur les m\u00e9dias sociaux d\u2019Hawaii, avec des accolades de design de la Society of Professional Journalism (SPJ) et de l\u2019American Advertising Federation (AAF), son approche consciente de l\u2019exp\u00e9rience de l\u2019utilisateur et son attention vigilante aux valeurs interculturelles dont il t\u00e9moigne apportent une perspective nouvelle aux organisations qu\u2019il sert quotidiennement.<br> <br> En plus d\u2019incuber des id\u00e9es \u00e0 son centre d&#8217;\u00e9tudes et de recherche cr\u00e9atif, Garcia Haus, John est conseiller de haute direction pour la nation d\u2019Hawaii, en contribuant \u00e0 la restauration de la religion sophistiqu\u00e9e, de la langue et de la culture du peuple autochtone hawa\u00efen qui avant le renversement vivait dans une structure sociale hautement organis\u00e9e, autosuffisante et \u00e0 \u00e9conomie de subsistance \u00e9tablie en fonction d\u2019un r\u00e9gime foncier collectif.<\/p>\n\n\n\n<p><strong>Melanie Pilon<br>\n<\/strong><br>\nMelanie Pilon poss\u00e8de une solide exp\u00e9rience en d\u00e9veloppement \u00e9conomique et\ncommunautaire et s\u2019est engag\u00e9e \u00e0 apporter des changements positifs dans le Nord\nde l\u2019Ontario. Elle est la championne r\u00e9gionale de la large bande pour le\nNortheast Superior Regional Broadband Network (NSRBN) dont la mission est d\u2019am\u00e9liorer\nla connectivit\u00e9 \u00e0 large bande dans neuf communaut\u00e9s rurales situ\u00e9es dans le\nNord de l\u2019Ontario, cinq Premi\u00e8res Nations et quatre municipalit\u00e9s. En septembre\n2019, le NSRBN a re\u00e7u le prix d\u2019excellence en d\u00e9veloppement communautaire et\ninnovation de l\u2019Association des Soci\u00e9t\u00e9s d\u2019aide au d\u00e9veloppement des\ncollectivit\u00e9s de l\u2019Ontario (ASADCO). Actuellement, elle occupe le poste d\u2019agente\nde d\u00e9veloppement \u00e9conomique pour le canton de Dubreuilville.<\/p>\n\n\n\n<p>Melanie est une b\u00e9n\u00e9vole active et occupe le poste de pr\u00e9sidente de la Soci\u00e9t\u00e9 d\u2019aide au d\u00e9veloppement des collectivit\u00e9s Sup\u00e9rieur Est et des Services aux victimes de Wawa. Se consid\u00e9rant comme une apprenante perp\u00e9tuelle, elle est \u00e9tudiante \u00e0 la Sauder School of Business de l\u2019Universit\u00e9 de la Colombie-Britannique et est dipl\u00f4m\u00e9e du programme d\u2019administration des affaires de l\u2019Universit\u00e9 Laurentienne. Melanie est fi\u00e8re d\u2019\u00eatre membre du territoire non c\u00e9d\u00e9 de Wiikwemkoong. Elle est \u00e9galement ancienne membre de la Conf\u00e9rence canadienne du Gouverneur g\u00e9n\u00e9ral sur le leadership (CCGGL).<\/p>\n\n\n\n<p><strong>Michael Furdyk<\/strong><\/p>\n\n\n\n<p>Michael Furdyk est le co-fondateur de\nTakingITGlobal (<a href=\"http:\/\/www.tigweb.org\/\">www.tigweb.org<\/a>), qui propose\ndes programmes d\u2019\u00e9ducation mondiale innovants qui permettent aux jeunes de\ncomprendre les plus grands d\u00e9fis du monde et de les relever. TIG a re\u00e7u le Prix\nde l\u2019innovation interculturelle de BMW et de l\u2019Alliance des civilisations des\nNations Unies et a \u00e9t\u00e9 s\u00e9lectionn\u00e9 comme l\u2019un des 10 organismes sans but\nlucratif les plus innovants du Canada par The Logic. Dans le pass\u00e9, il a\nconverti son int\u00e9r\u00eat pour la technologie en plusieurs entreprises en ligne \u00e0\nsucc\u00e8s, y compris MyDesktop.com, qui a \u00e9t\u00e9 vendue \u00e0 Internet.com en 1999. Il a\n\u00e9t\u00e9 nomm\u00e9 par Contribute Magazine comme l\u2019un des 10 r\u00e9volutionnaires\ntechnologiques red\u00e9finissant le pouvoir et le visage de la philanthropie.<br>\n<br>\nMichael a particip\u00e9 au Oprah Winfrey Show, a fait une pr\u00e9sentation \u00e0 TED et a\n\u00e9t\u00e9 nomm\u00e9 l\u2019un des \u00ab&nbsp;Vingt adolescents qui changeront le monde&nbsp;\u00bb par\nTeen People. Au cours de la derni\u00e8re d\u00e9cennie, il a \u00e9t\u00e9 conf\u00e9rencier principal\n\u00e0 plus de 100 \u00e9v\u00e9nements dans tous les secteurs, partageant son expertise des\nm\u00e9dias sociaux et ses connaissances sur l\u2019engagement des jeunes et la r\u00e9forme\nde l\u2019\u00e9ducation \u00e0 des publics dans plus de 30 pays. Michael a obtenu sa ma\u00eetrise\nen design (MDes) en conception universelle de l\u2019Universit\u00e9 de l\u2019EADO et est\ninstructeur adjoint de la ma\u00eetrise en technologie \u00e9ducative \u00e0 l\u2019Universit\u00e9 de\nLong Island.<\/p>\n\n\n\n<p><strong>Tim\u00a0Whiteduck<\/strong> est le directeur de la technologie du Conseil en \u00c9ducation des Premi\u00e8res Nations (CEPN) situ\u00e9 \u00e0 Wendake, dans la ville de Qu\u00e9bec.<br> <br> Le CEPN repr\u00e9sente et dessert 22\u00a0communaut\u00e9s de Premi\u00e8res Nations du Qu\u00e9bec. Il a pour objectif d\u2019avoir pleine comp\u00e9tence sur l\u2019\u00e9ducation tout en respectant nos identit\u00e9s culturelles uniques et nos croyances communes, et en faisant la promotion de nos langues, nos valeurs et nos traditions. L\u2019utilisation efficace de la technologie pour soutenir l\u2019autonomie et le d\u00e9veloppement d\u00e9mocratique des communaut\u00e9s des Premi\u00e8res Nations est un \u00e9l\u00e9ment central de cette vision.<br> <br> Tim et son \u00e9quipe travaillent avec les Premi\u00e8res Nations comme organisation interm\u00e9diaire. \u00c0 ce titre, ils \u00e9tablissent des partenariats strat\u00e9giques visant \u00e0 concevoir et \u00e0 installer une infrastructure de r\u00e9seau \u00e0 large bande, \u00e0 fournir des programmes de formation sur les TI en ligne, et appuyer la prestation et l\u2019engagement de services communautaires ayant recours \u00e0 l\u2019Internet large bande, y compris en \u00e9ducation et en sant\u00e9. Tim est un membre de la Premi\u00e8re Nation Kitigan Zibi, une collectivit\u00e9 algonquine de la r\u00e9gion de Gatineau, dans le sud-ouest du Qu\u00e9bec, au Canada.<\/p>\n\n\n\n<figure class=\"wp-block-image is-resized\"><img decoding=\"async\" src=\"https:\/\/canadianigf.ca\/wp-content\/uploads\/2020\/11\/Mark-Buell.jpg\" alt=\"\" class=\"wp-image-1696\" width=\"480\" height=\"480\" srcset=\"https:\/\/canadianigf.ca\/wp-content\/uploads\/2020\/11\/Mark-Buell.jpg 900w, https:\/\/canadianigf.ca\/wp-content\/uploads\/2020\/11\/Mark-Buell-150x150.jpg 150w, https:\/\/canadianigf.ca\/wp-content\/uploads\/2020\/11\/Mark-Buell-300x300.jpg 300w, https:\/\/canadianigf.ca\/wp-content\/uploads\/2020\/11\/Mark-Buell-768x768.jpg 768w, https:\/\/canadianigf.ca\/wp-content\/uploads\/2020\/11\/Mark-Buell-100x100.jpg 100w\" sizes=\"(max-width: 480px) 100vw, 480px\" \/><\/figure>\n\n\n\n<p><strong>Mark Buell <\/strong><br>Mark Buell est le vice-pr\u00e9sident r\u00e9gional de l&#8217;Internet Society pour l&#8217;Am\u00e9rique du Nord. \u00c0 ce titre, Mark supervise les activit\u00e9s d&#8217;engagement de l&#8217;Internet Society au Canada et aux \u00c9tats-Unis.<\/p>\n\n\n\n<p>De 2009 \u00e0 2016, Mark a occup\u00e9 divers postes au sein de l&#8217;Autorit\u00e9 canadienne pour les enregistrements Internet (ACEI), le registre du domaine de premier niveau du code de pays .CA. Au sein de l&#8217;ACEI, Mark a apport\u00e9 un soutien de haut niveau aux activit\u00e9s de l&#8217;organisation des Forums sur la politique nationale de l&#8217;Internet et la gouvernance mondiale de l&#8217;Internet. En 2010, Mark a lanc\u00e9 le Forum canadien de l&#8217;Internet, le Forum canadien sur la gouvernance de l&#8217;Internet, et a continu\u00e9 \u00e0 coordonner l&#8217;\u00e9v\u00e9nement jusqu&#8217;en 2016.<\/p>\n\n\n\n<p>Avant de rejoindre l&#8217;ACEI, Mark a travaill\u00e9 pendant dix ans dans le domaine de la politique autochtone, d&#8217;abord comme agent de d\u00e9veloppement communautaire dans une organisation de revendications territoriales inuites dans l&#8217;Arctique de l&#8217;Ouest canadien, puis comme directeur des communications et de la recherche \u00e0 l&#8217;Organisation nationale de la sant\u00e9 autochtone \u00e0 Ottawa.<br><\/p>\n","protected":false},"excerpt":{"rendered":"<p>Le mardi 24 novembre: 15:35 &#8211; 16:30 Les communaut\u00e9s autochtones du Canada et des \u00c9tats-Unis sont parmi les plus desservis lorsqu\u2019il s\u2019agit de l\u2019acc\u00e8s \u00e0 un Internet de bonne qualit\u00e9. Il est bien connu qu\u2019un service Internet fiable constitue un facteur cl\u00e9 du d\u00e9veloppement \u00e9conomique, de l\u2019entrepreneuriat, des PME et des services de sant\u00e9 et [&hellip;]<\/p>\n","protected":false},"author":1,"featured_media":0,"parent":0,"menu_order":99,"comment_status":"closed","ping_status":"closed","template":"","meta":{"cybocfi_hide_featured_image":"","footnotes":""},"class_list":["post-1224","page","type-page","status-publish","hentry"],"_links":{"self":[{"href":"https:\/\/canadianigf.ca\/fr\/wp-json\/wp\/v2\/pages\/1224","targetHints":{"allow":["GET"]}}],"collection":[{"href":"https:\/\/canadianigf.ca\/fr\/wp-json\/wp\/v2\/pages"}],"about":[{"href":"https:\/\/canadianigf.ca\/fr\/wp-json\/wp\/v2\/types\/page"}],"author":[{"embeddable":true,"href":"https:\/\/canadianigf.ca\/fr\/wp-json\/wp\/v2\/users\/1"}],"replies":[{"embeddable":true,"href":"https:\/\/canadianigf.ca\/fr\/wp-json\/wp\/v2\/comments?post=1224"}],"version-history":[{"count":10,"href":"https:\/\/canadianigf.ca\/fr\/wp-json\/wp\/v2\/pages\/1224\/revisions"}],"predecessor-version":[{"id":1810,"href":"https:\/\/canadianigf.ca\/fr\/wp-json\/wp\/v2\/pages\/1224\/revisions\/1810"}],"wp:attachment":[{"href":"https:\/\/canadianigf.ca\/fr\/wp-json\/wp\/v2\/media?parent=1224"}],"curies":[{"name":"wp","href":"https:\/\/api.w.org\/{rel}","templated":true}]}}