{"id":1369,"date":"2020-03-01T19:24:06","date_gmt":"2020-03-02T00:24:06","guid":{"rendered":"https:\/\/canadianigf.ca\/?page_id=1369"},"modified":"2020-03-01T20:37:35","modified_gmt":"2020-03-02T01:37:35","slug":"le-debat-sur-le-cryptage","status":"publish","type":"page","link":"https:\/\/canadianigf.ca\/fr\/le-debat-sur-le-cryptage\/","title":{"rendered":"Le d\u00e9bat sur le cryptage"},"content":{"rendered":"\n<p>13:40 -14:40<\/p>\n\n\n\n<p>Que ce soit en Australie, aux \u00c9tats-Unis, au Royaume-Uni ou en Europe continentale, le d\u00e9bat entourant l&#8217;acc\u00e8s de la loi \u00e0 des renseignements chiffr\u00e9s (connu \u00e9tant un \u00ab\u00a0acc\u00e8s exceptionnel\u00a0\u00bb) s\u2019intensifie.<\/p>\n\n\n\n<p>Au Royaume-Uni, le gouvernement commence \u00e0 sonder\nson nouveau mandat pour l\u2019acc\u00e8s exceptionnel en vertu de l\u2019<em>Investigatory\nPowers Act <\/em>de 2016. En Australie, la <em>Telecommunications and Other\nLegislation Amendment (Assistance and Access) Act<\/em> de 2018 donne au\ngouvernement australien de nouveaux pouvoirs pour obliger l\u2019acc\u00e8s aux donn\u00e9es\nchiffr\u00e9es. Et aux \u00c9tats-Unis, le Department of Justice a \u00e9galement r\u00e9it\u00e9r\u00e9 sa\ndemande pour des mandats d\u2019acc\u00e8s exceptionnel.<\/p>\n\n\n\n<p>Qu&#8217;en est-il du Canada? Dans le cadre de cette discussion, les experts exploreront le changement du d\u00e9bat mondial sur l\u2019acc\u00e8s aux donn\u00e9es chiffr\u00e9es par la loi, les r\u00e9alit\u00e9s techniques du chiffrement de bout en bout et l\u2019acc\u00e8s exceptionnel ainsi que ce que cela pourrait signifier pour les Canadiens et les politiques canadiennes.<\/p>\n\n\n\n<p>Conf\u00e9renciers:<br><br><strong>Brenda McPhail,<\/strong><br> directrice du programme de confidentialit\u00e9, de surveillance et de technologie de l\u2019Association canadienne des libert\u00e9s civiles<br><strong>Chris Parsons<\/strong>, Citizen Lab<br><strong>Ian Goldberg,<\/strong> chaire de recherche du Canada en technologies d&#8217;am\u00e9lioration de la confidentialit\u00e9 <\/p>\n\n\n\n<figure class=\"wp-block-image is-resized\"><img fetchpriority=\"high\" decoding=\"async\" src=\"https:\/\/canadianigf.ca\/wp-content\/uploads\/2020\/02\/McPhail-PHOTO-0835-1024x853.jpg\" alt=\"\" class=\"wp-image-1308\" width=\"522\" height=\"435\" srcset=\"https:\/\/canadianigf.ca\/wp-content\/uploads\/2020\/02\/McPhail-PHOTO-0835-1024x853.jpg 1024w, https:\/\/canadianigf.ca\/wp-content\/uploads\/2020\/02\/McPhail-PHOTO-0835-300x250.jpg 300w, https:\/\/canadianigf.ca\/wp-content\/uploads\/2020\/02\/McPhail-PHOTO-0835-768x640.jpg 768w\" sizes=\"(max-width: 522px) 100vw, 522px\" \/><\/figure>\n\n\n\n<p><strong>Brenda McPhail<\/strong> est directrice du programme\nde confidentialit\u00e9, de surveillance et de technologie de l\u2019Association\ncanadienne des libert\u00e9s civiles. Son\nportfolio est ax\u00e9 sur le litige, la promotion et la d\u00e9fense des droits et\nl\u2019\u00e9ducation du public et touche aux fa\u00e7ons dont les droits de la protection des\nrenseignements personnels sont \u00e0 risque dans la soci\u00e9t\u00e9 contemporaine. Ses\ndomaines d&#8217;int\u00e9r\u00eat particulier actuels comprennent la s\u00e9curit\u00e9 nationale, le\nrenseignement et les technologies de surveillance d\u2019application de la loi, le\npartage d\u2019information dans les secteurs priv\u00e9 et public ainsi que les\ncons\u00e9quences sociales des technologies existantes et \u00e9mergentes telles que la\ntechnologie de ville intelligente, la reconnaissance faciale, l\u2019Internet des\nobjets, les m\u00e9gadonn\u00e9es et l\u2019intelligence artificielle. <\/p>\n\n\n\n<p>Des cas importants qu\u2019elle a dirig\u00e9s pour la\nCCLA, en travaillant de concert avec le fantastique conseil b\u00e9n\u00e9vole, y compris les cas de\nla Cour supr\u00eame du Canada <em>R. c. Marakah <\/em>et <em>R. c. Jones<\/em> qui\nconfirment les droits de la protection des renseignements personnels dans les\ncommunications \u00e9lectroniques et <em>R. c.Jarvis, <\/em>dans lequel la Cour a\nrejet\u00e9 l\u2019id\u00e9e que la confidentialit\u00e9 est un concept de tout ou rien, m\u00eame dans\nles espaces publics. Brenda a re\u00e7u\nson doctorat \u00e0 l\u2019University of Toronto, de la Faculty of Information.<\/p>\n\n\n\n<p><strong>Ian\nGoldberg<\/strong>&nbsp;est\nchaire de recherche du Canada en technologies d&#8217;am\u00e9lioration de la confidentialit\u00e9.&nbsp;\nIl est professeur du Cheriton School of Computer Science \u00e0 l\u2019University of\nWaterloo, o\u00f9 il est membre fondateur du groupe de recherche<em> Cryptography,\nSecurity, and Privacy (CrySP)<\/em> [Cryptographie, s\u00e9curit\u00e9 et confidentialit\u00e9].\nIl poss\u00e8de un doctorat de l\u2019University of California, \u00e0 Berkeley, o\u00f9 il a\nd\u00e9couvert d\u2019importantes lacunes dans un certain nombre de syst\u00e8mes de s\u00e9curit\u00e9\nlargement d\u00e9ploy\u00e9s, y compris ceux utilis\u00e9s par les t\u00e9l\u00e9phones cellulaires et\nles r\u00e9seaux radiot\u00e9l\u00e9phoniques.<br>\n<br>\nIl a \u00e9galement \u00e9tudi\u00e9 des syst\u00e8mes servant \u00e0 la protection des renseignements\npersonnels des internautes, ce qui l&#8217;a amen\u00e9 \u00e0 son r\u00f4le \u00e0 titre de scientifique\nen chef chez Zero-Knowledge Systems, une entreprise en d\u00e9marrage bas\u00e9e \u00e0\nMontr\u00e9al.&nbsp; Actuellement, il concentre sa recherche sur le d\u00e9veloppement\ndes technologies utilisables et utiles dans le but d\u2019aider les internautes \u00e0\nmaintenir leur s\u00e9curit\u00e9 et leur confidentialit\u00e9.&nbsp; Il est membre distingu\u00e9\nde l\u2019Association for Computing Machinery et gagnant du prix <em>Outstanding\nYoung Computer Science Researcher<\/em>, du prix <em>Electronic Frontier\nFoundation\u2019s Pioneer<\/em>, du prix <em>USENIX Security Test of Time<\/em> et du\nprix <em>Caspar Bowden<\/em> pour contribution exceptionnelle \u00e0 la recherche dans\nles technologies d&#8217;am\u00e9lioration de la confidentialit\u00e9.<\/p>\n","protected":false},"excerpt":{"rendered":"<p>13:40 -14:40 Que ce soit en Australie, aux \u00c9tats-Unis, au Royaume-Uni ou en Europe continentale, le d\u00e9bat entourant l&#8217;acc\u00e8s de la loi \u00e0 des renseignements chiffr\u00e9s (connu \u00e9tant un \u00ab\u00a0acc\u00e8s exceptionnel\u00a0\u00bb) s\u2019intensifie. Au Royaume-Uni, le gouvernement commence \u00e0 sonder son nouveau mandat pour l\u2019acc\u00e8s exceptionnel en vertu de l\u2019Investigatory Powers Act de 2016. En Australie, [&hellip;]<\/p>\n","protected":false},"author":1,"featured_media":0,"parent":0,"menu_order":94,"comment_status":"closed","ping_status":"closed","template":"","meta":{"cybocfi_hide_featured_image":"","footnotes":""},"class_list":["post-1369","page","type-page","status-publish","hentry"],"_links":{"self":[{"href":"https:\/\/canadianigf.ca\/fr\/wp-json\/wp\/v2\/pages\/1369","targetHints":{"allow":["GET"]}}],"collection":[{"href":"https:\/\/canadianigf.ca\/fr\/wp-json\/wp\/v2\/pages"}],"about":[{"href":"https:\/\/canadianigf.ca\/fr\/wp-json\/wp\/v2\/types\/page"}],"author":[{"embeddable":true,"href":"https:\/\/canadianigf.ca\/fr\/wp-json\/wp\/v2\/users\/1"}],"replies":[{"embeddable":true,"href":"https:\/\/canadianigf.ca\/fr\/wp-json\/wp\/v2\/comments?post=1369"}],"version-history":[{"count":3,"href":"https:\/\/canadianigf.ca\/fr\/wp-json\/wp\/v2\/pages\/1369\/revisions"}],"predecessor-version":[{"id":1448,"href":"https:\/\/canadianigf.ca\/fr\/wp-json\/wp\/v2\/pages\/1369\/revisions\/1448"}],"wp:attachment":[{"href":"https:\/\/canadianigf.ca\/fr\/wp-json\/wp\/v2\/media?parent=1369"}],"curies":[{"name":"wp","href":"https:\/\/api.w.org\/{rel}","templated":true}]}}