{"id":1413,"date":"2020-03-01T20:11:02","date_gmt":"2020-03-02T01:11:02","guid":{"rendered":"https:\/\/canadianigf.ca\/?page_id=1413"},"modified":"2020-11-11T16:42:30","modified_gmt":"2020-11-11T21:42:30","slug":"salutations-du-fgi-mondial","status":"publish","type":"page","link":"https:\/\/canadianigf.ca\/fr\/salutations-du-fgi-mondial\/","title":{"rendered":"Salutations du FGI mondial et le Gouvernement du Canada"},"content":{"rendered":"\n<p>  <br>Le mardi 24 novembre :  13:15 \u2013 13:25 <\/p>\n\n\n\n<p><strong>Anriette Esterhuysen<\/strong>, Global IGF  <br><strong>Paul Charlton<\/strong>,  Innovation, Sciences et D\u00e9veloppement \u00e9conomique Canada (ISDE), <\/p>\n\n\n\n<figure class=\"wp-block-image is-resized\"><img fetchpriority=\"high\" decoding=\"async\" src=\"https:\/\/canadianigf.ca\/wp-content\/uploads\/2020\/03\/Anriette-Esterhuysen.jpg\" alt=\"\" class=\"wp-image-1410\" width=\"336\" height=\"361\"\/><\/figure>\n\n\n\n<p><strong>Anriette Esterhuysen <\/strong><\/p>\n\n\n\n<p>Mme Esterhuysen est actuellement commissaire \u00e0 la Commission mondiale sur la stabilit\u00e9 du cyberespace. Elle a \u00e9t\u00e9 directrice g\u00e9n\u00e9rale de l&#8217;Association pour le progr\u00e8s des communications (APC) &#8211; le plus grand r\u00e9seau de la soci\u00e9t\u00e9 civile ax\u00e9 sur les TIC dans le monde &#8211; de 2000 \u00e0 2016. Elle continue de travailler avec l\u2019APC en tant que consultante et dirige l&#8217;\u00c9cole africaine sur la gouvernance de l&#8217;Internet (AfriSIG), une initiative conjointe de l&#8217;APC, de la Commission de l&#8217;Union africaine et de Research ICT Africa.<\/p>\n\n\n\n<p>Mme Esterhuysen a si\u00e9g\u00e9 au Comit\u00e9 consultatif technique africain de l&#8217;Initiative pour la soci\u00e9t\u00e9 de l&#8217;information en Afrique de la Commission \u00e9conomique des Nations unies pour l&#8217;Afrique (1996-1999), au Groupe d&#8217;\u00e9tude des Nations unies sur les TIC (2002-2005), au Groupe de travail du Sommet mondial sur la soci\u00e9t\u00e9 de l&#8217;information (SMSI) sur les m\u00e9canismes de financement (2003-2005), au groupe de travail de la Commission sur la science et la technologie au service du d\u00e9veloppement sur les am\u00e9liorations du Forum sur la gouvernance de l&#8217;Internet (FGI) (2011-2012) et sur la coop\u00e9ration renforc\u00e9e (2017-2018), \u00e0 la Commission mondiale sur la gouvernance de l&#8217;Internet et au groupe consultatif multipartite (MAG) du FGI (2012-2014). Elle a \u00e9t\u00e9 intronis\u00e9e au Temple de la renomm\u00e9e de l&#8217;Internet en tant que \u00ab Global Connecter \u00bb en 2013.<\/p>\n\n\n\n<p><strong>Paul Charlton <\/strong><br><br>Paul Charlton est conseiller principal en politiques \u00e0 la Direction g\u00e9n\u00e9rale des politiques sur Internet et les t\u00e9l\u00e9communications d\u2019Innovation, Sciences et D\u00e9veloppement \u00e9conomique Canada (ISDE), o\u00f9 il se concentre sur les questions de politique internationale des t\u00e9l\u00e9communications et d\u2019Internet. Il se penche \u00e9galement sur des questions relatives \u00e0 l\u2019Union internationale des t\u00e9l\u00e9communications (UIT) des Nations Unies, en particulier celles qui concernent les politiques publiques relatives \u00e0 Internet et la mise en \u0153uvre des r\u00e9sultats du SMSI. En outre, il a travaill\u00e9 sur des questions li\u00e9es \u00e0 Internet qui se posent dans le contexte du G7, du G20 et de l\u2019OCDE. En janvier de cette ann\u00e9e, il a \u00e9t\u00e9 nomm\u00e9 au Groupe consultatif multipartite du Forum sur la gouvernance d\u2019Internet (FGI-MAG), qui conseille le Secr\u00e9taire g\u00e9n\u00e9ral des Nations unies sur le programme et le calendrier des r\u00e9unions annuelles du FGI.<\/p>\n\n\n\n<p>Il a particip\u00e9 \u00e0 plusieurs r\u00e9unions du FGI comme membre de la d\u00e9l\u00e9gation du gouvernement du Canada. Avant de se joindre \u00e0 ISDE, M. Charlton \u00e9tait agent du service ext\u00e9rieur et a \u00e9t\u00e9 affect\u00e9 aux ambassades du Canada \u00e0 Washington et \u00e0 Berlin, ainsi qu\u2019\u00e0 la Mission permanente du Canada aupr\u00e8s des Nations Unies \u00e0 Gen\u00e8ve. \u00c0 Gen\u00e8ve, il a couvert l\u2019UIT, ainsi que des questions li\u00e9es \u00e0 Internet et \u00e0 la cybers\u00e9curit\u00e9 soulev\u00e9es dans d\u2019autres forums tels que le Conseil des droits de l\u2019homme des Nations Unies. Il est titulaire d\u2019un baccalaur\u00e9at sp\u00e9cialis\u00e9 en sciences politiques et d\u2019un baccalaur\u00e9at en droit de l\u2019Universit\u00e9 Dalhousie.<br><\/p>\n\n\n\n<p><br><\/p>\n","protected":false},"excerpt":{"rendered":"<p>Le mardi 24 novembre : 13:15 \u2013 13:25 Anriette Esterhuysen, Global IGF Paul Charlton, Innovation, Sciences et D\u00e9veloppement \u00e9conomique Canada (ISDE), Anriette Esterhuysen Mme Esterhuysen est actuellement commissaire \u00e0 la Commission mondiale sur la stabilit\u00e9 du cyberespace. Elle a \u00e9t\u00e9 directrice g\u00e9n\u00e9rale de l&#8217;Association pour le progr\u00e8s des communications (APC) &#8211; le plus grand r\u00e9seau [&hellip;]<\/p>\n","protected":false},"author":1,"featured_media":0,"parent":0,"menu_order":91,"comment_status":"closed","ping_status":"closed","template":"","meta":{"cybocfi_hide_featured_image":"","footnotes":""},"class_list":["post-1413","page","type-page","status-publish","hentry"],"_links":{"self":[{"href":"https:\/\/canadianigf.ca\/fr\/wp-json\/wp\/v2\/pages\/1413","targetHints":{"allow":["GET"]}}],"collection":[{"href":"https:\/\/canadianigf.ca\/fr\/wp-json\/wp\/v2\/pages"}],"about":[{"href":"https:\/\/canadianigf.ca\/fr\/wp-json\/wp\/v2\/types\/page"}],"author":[{"embeddable":true,"href":"https:\/\/canadianigf.ca\/fr\/wp-json\/wp\/v2\/users\/1"}],"replies":[{"embeddable":true,"href":"https:\/\/canadianigf.ca\/fr\/wp-json\/wp\/v2\/comments?post=1413"}],"version-history":[{"count":4,"href":"https:\/\/canadianigf.ca\/fr\/wp-json\/wp\/v2\/pages\/1413\/revisions"}],"predecessor-version":[{"id":1782,"href":"https:\/\/canadianigf.ca\/fr\/wp-json\/wp\/v2\/pages\/1413\/revisions\/1782"}],"wp:attachment":[{"href":"https:\/\/canadianigf.ca\/fr\/wp-json\/wp\/v2\/media?parent=1413"}],"curies":[{"name":"wp","href":"https:\/\/api.w.org\/{rel}","templated":true}]}}