{"id":1717,"date":"2020-11-01T19:07:11","date_gmt":"2020-11-02T00:07:11","guid":{"rendered":"https:\/\/canadianigf.ca\/?page_id=1717"},"modified":"2020-11-13T14:24:08","modified_gmt":"2020-11-13T19:24:08","slug":"seance-dinformation-un-avenir-numerique-inclusif-que-pensent-les-jeunes-canadiens-et-europeens","status":"publish","type":"page","link":"https:\/\/canadianigf.ca\/fr\/seance-dinformation-un-avenir-numerique-inclusif-que-pensent-les-jeunes-canadiens-et-europeens\/","title":{"rendered":"S\u00e9ance d\u2019information : Un avenir num\u00e9rique inclusif : Que pensent les jeunes Canadiens et Europ\u00e9ens ?"},"content":{"rendered":"\n<p><strong>Le mercredi 25 novembre:&nbsp;<\/strong> 16:35 \u2013 17:00 <\/p>\n\n\n\n<p>Au cours de la derni\u00e8re ann\u00e9e, un projet financ\u00e9 par l&#8217;Union europ\u00e9enne portant sur le dialogue de la soci\u00e9t\u00e9 civile transatlantique a r\u00e9uni des douzaines de jeunes adultes canadiens et europ\u00e9ens pour aborder l\u2019avenir de l\u2019inclusion num\u00e9rique. Voient-ils du m\u00eame \u0153il la confidentialit\u00e9 des donn\u00e9es, la litt\u00e9ratie num\u00e9rique ou l&#8217;engagement civique \u00e0 l\u2019\u00e8re du num\u00e9rique? Que recommandent-ils? Alors que le projet prendra fin au d\u00e9but de 2021, apprenez-en davantage sur les buts et ce qui a stimul\u00e9 la conversation suite \u00e0 la pand\u00e9mie et \u00e9coutez certains de ses r\u00e9sultats. <br> <br>Conf\u00e9renciers:  <br><strong>Katja Melzer<\/strong>, Goethe Institute <br><strong>Antoine Rayroux<\/strong>, Goethe Institute <\/p>\n\n\n\n<figure class=\"wp-block-image is-resized\"><img fetchpriority=\"high\" decoding=\"async\" src=\"https:\/\/canadianigf.ca\/wp-content\/uploads\/2020\/11\/KMelzer_Portrait.jpg\" alt=\"\" class=\"wp-image-1816\" width=\"374\" height=\"479\" srcset=\"https:\/\/canadianigf.ca\/wp-content\/uploads\/2020\/11\/KMelzer_Portrait.jpg 504w, https:\/\/canadianigf.ca\/wp-content\/uploads\/2020\/11\/KMelzer_Portrait-234x300.jpg 234w\" sizes=\"(max-width: 374px) 100vw, 374px\" \/><\/figure>\n\n\n\n<p><strong>Katja Melzer <\/strong>est conservatrice et travailleuse culturelle, avec un int\u00e9r\u00eat particulier pour les nouvelles pratiques m\u00e9diatiques et la collaboration artistique. Titulaire d&#8217;une ma\u00eetrise en histoire de l&#8217;art, \u00e9tudes commerciales et culturelles \u00e0 l&#8217;universit\u00e9 Humboldt de Berlin, Katja a travaill\u00e9 au Ludwig Museum for Contemporary Art de Budapest et \u00e0 la fondation allemande Robert Bosch en Hongrie avant de s&#8217;installer au Canada. Ici, Katja a codirig\u00e9 The HTMlles 11 &#8211; Z\u00c9R0 FUTUR{E}, festival f\u00e9ministe d&#8217;arts m\u00e9diatiques + culture num\u00e9rique produit par Studio, puis a rejoint le SAW Video &#8211; Centre d\u2019arts m\u00e9diatiques \u00e0 Ottawa en tant que coordinatrice de la programmation. Depuis 2016, Katja est la directrice du Goethe-Institut de Montr\u00e9al.<\/p>\n\n\n\n<figure class=\"wp-block-image is-resized\"><img decoding=\"async\" src=\"https:\/\/canadianigf.ca\/wp-content\/uploads\/2020\/11\/Rayroux.jpg\" alt=\"\" class=\"wp-image-1818\" width=\"350\" height=\"468\" srcset=\"https:\/\/canadianigf.ca\/wp-content\/uploads\/2020\/11\/Rayroux.jpg 479w, https:\/\/canadianigf.ca\/wp-content\/uploads\/2020\/11\/Rayroux-225x300.jpg 225w\" sizes=\"(max-width: 350px) 100vw, 350px\" \/><\/figure>\n\n\n\n<p><strong>Antoine Rayroux<\/strong><\/p>\n\n\n\n<p>Antoine travaille en tant que consultant et\ngestionnaire de projets sp\u00e9cialis\u00e9 en relations entre le Canada et l\u2019Europe. Il\ns\u2019int\u00e9resse plus particuli\u00e8rement au dialogue sur la politique \u00e9trang\u00e8re, \u00e0 la\ndiplomatie publique et \u00e0 la coop\u00e9ration scientifique et technologique. Il est \u00e9galement\ntitulaire d\u2019un doctorat en science politique de l\u2019Universit\u00e9 de Montr\u00e9al et de\nl\u2019Universit\u00e9 libre de Bruxelles. Avant d\u2019occuper son poste actuel, Antoine\nenseignait la politique internationale ainsi que la politique europ\u00e9enne \u00e0\nl\u2019Universit\u00e9 Concordia. En tant que coordonnateur des relations politiques pour\nl\u2019institut Goethe de Montr\u00e9al, il a eu la chance d\u2019\u00eatre le mentor de jeunes Canadiens\nsouhaitant participer \u00e0 la discussion sur la jeunesse et l\u2019int\u00e9gration\nnum\u00e9rique.<\/p>\n","protected":false},"excerpt":{"rendered":"<p>Le mercredi 25 novembre:&nbsp; 16:35 \u2013 17:00 Au cours de la derni\u00e8re ann\u00e9e, un projet financ\u00e9 par l&#8217;Union europ\u00e9enne portant sur le dialogue de la soci\u00e9t\u00e9 civile transatlantique a r\u00e9uni des douzaines de jeunes adultes canadiens et europ\u00e9ens pour aborder l\u2019avenir de l\u2019inclusion num\u00e9rique. Voient-ils du m\u00eame \u0153il la confidentialit\u00e9 des donn\u00e9es, la litt\u00e9ratie num\u00e9rique [&hellip;]<\/p>\n","protected":false},"author":1,"featured_media":0,"parent":0,"menu_order":83,"comment_status":"closed","ping_status":"closed","template":"","meta":{"cybocfi_hide_featured_image":"","footnotes":""},"class_list":["post-1717","page","type-page","status-publish","hentry"],"_links":{"self":[{"href":"https:\/\/canadianigf.ca\/fr\/wp-json\/wp\/v2\/pages\/1717","targetHints":{"allow":["GET"]}}],"collection":[{"href":"https:\/\/canadianigf.ca\/fr\/wp-json\/wp\/v2\/pages"}],"about":[{"href":"https:\/\/canadianigf.ca\/fr\/wp-json\/wp\/v2\/types\/page"}],"author":[{"embeddable":true,"href":"https:\/\/canadianigf.ca\/fr\/wp-json\/wp\/v2\/users\/1"}],"replies":[{"embeddable":true,"href":"https:\/\/canadianigf.ca\/fr\/wp-json\/wp\/v2\/comments?post=1717"}],"version-history":[{"count":4,"href":"https:\/\/canadianigf.ca\/fr\/wp-json\/wp\/v2\/pages\/1717\/revisions"}],"predecessor-version":[{"id":1823,"href":"https:\/\/canadianigf.ca\/fr\/wp-json\/wp\/v2\/pages\/1717\/revisions\/1823"}],"wp:attachment":[{"href":"https:\/\/canadianigf.ca\/fr\/wp-json\/wp\/v2\/media?parent=1717"}],"curies":[{"name":"wp","href":"https:\/\/api.w.org\/{rel}","templated":true}]}}