{"id":1778,"date":"2020-11-11T16:35:48","date_gmt":"2020-11-11T21:35:48","guid":{"rendered":"https:\/\/canadianigf.ca\/?page_id=1778"},"modified":"2020-11-11T16:35:49","modified_gmt":"2020-11-11T21:35:49","slug":"mot-de-bienvenue","status":"publish","type":"page","link":"https:\/\/canadianigf.ca\/fr\/mot-de-bienvenue\/","title":{"rendered":"Mot de bienvenue"},"content":{"rendered":"\n<p>Le mardi 24 novembre: 13:00 \u2013 13:15<br>Le mercredi 25 novembre: 13:00 &#8211; 13:05 <br><br>Nancy Carter, CANARIE <\/p>\n\n\n\n<figure class=\"wp-block-image\"><img fetchpriority=\"high\" decoding=\"async\" width=\"300\" height=\"300\" src=\"https:\/\/canadianigf.ca\/wp-content\/uploads\/2020\/11\/Nancy-Carter.jpg\" alt=\"\" class=\"wp-image-1747\" srcset=\"https:\/\/canadianigf.ca\/wp-content\/uploads\/2020\/11\/Nancy-Carter.jpg 300w, https:\/\/canadianigf.ca\/wp-content\/uploads\/2020\/11\/Nancy-Carter-150x150.jpg 150w, https:\/\/canadianigf.ca\/wp-content\/uploads\/2020\/11\/Nancy-Carter-100x100.jpg 100w\" sizes=\"(max-width: 300px) 100vw, 300px\" \/><\/figure>\n\n\n\n<p><strong>Nancy Carter <\/strong><br>Nancy Carter est directrice des finances chez CANARIE depuis 2007 et figure parmi les plus anciens employ\u00e9s de l\u2019organisme, o\u00f9 elle est entr\u00e9e en 1997. Responsable de la comptabilit\u00e9 de l\u2019organisation, elle en administre aussi les installations, les ressources humaines, l\u2019infotechnologie et les aspects juridiques.<\/p>\n\n\n\n<p>Tout au long de sa carri\u00e8re de directrice des finances, son intime connaissance du milieu institutionnel, sa compr\u00e9hension approfondie des besoins des intervenants et son int\u00e9r\u00eat pour les nouvelles technologies l\u2019ont amen\u00e9e \u00e0 guider l\u2019organisation dans son \u00e9volution et \u00e0 intensifier les retomb\u00e9es de ses initiatives. L\u2019insistance qu\u2019elle porte \u00e0 l\u2019excellence des processus ont fait en sorte que CANARIE ex\u00e9cute ses programmes avec un maximum de transparence et la plus grande int\u00e9grit\u00e9 qui soit. Parall\u00e8lement, son expertise dans la r\u00e9gie des organismes sans but lucratif concourt \u00e0 accentuer l\u2019impact du conseil d\u2019administration et des comit\u00e9s consultatifs de CANARIE. Enfin, avec sa soif d\u2019apprendre, qui ne s\u2019est jamais \u00e9teinte (l\u2019incitant m\u00eame \u00e0 suivre des \u00e9tudes de droit \u00e0 l\u2019Universit\u00e9 d\u2019Ottawa en cours d\u2019emploi), Mme Carter s\u2019est \u00e9rig\u00e9e en mod\u00e8le aupr\u00e8s de ses pairs, comme ailleurs, en dehors de l\u2019organisation.<\/p>\n\n\n\n<p>Mme Carter si\u00e8ge au conseil d\u2019administration de l\u2019American Registry for Internet Numbers (ARIN) et a \u00e9t\u00e9 tr\u00e9sori\u00e8re au conseil d\u2019administration de la branche canadienne de l\u2019Internet Society. Elle appuie activement les programmes de recherche sur le cancer, son \u00e9quipe de La Course \u00e0 la Vie ayant r\u00e9colt\u00e9 au-del\u00e0 de 100 000 $ pour la recherche sur le cancer du sein.<br><\/p>\n","protected":false},"excerpt":{"rendered":"<p>Le mardi 24 novembre: 13:00 \u2013 13:15Le mercredi 25 novembre: 13:00 &#8211; 13:05 Nancy Carter, CANARIE Nancy Carter Nancy Carter est directrice des finances chez CANARIE depuis 2007 et figure parmi les plus anciens employ\u00e9s de l\u2019organisme, o\u00f9 elle est entr\u00e9e en 1997. Responsable de la comptabilit\u00e9 de l\u2019organisation, elle en administre aussi les installations, [&hellip;]<\/p>\n","protected":false},"author":1,"featured_media":0,"parent":0,"menu_order":78,"comment_status":"closed","ping_status":"closed","template":"","meta":{"cybocfi_hide_featured_image":"","footnotes":""},"class_list":["post-1778","page","type-page","status-publish","hentry"],"_links":{"self":[{"href":"https:\/\/canadianigf.ca\/fr\/wp-json\/wp\/v2\/pages\/1778","targetHints":{"allow":["GET"]}}],"collection":[{"href":"https:\/\/canadianigf.ca\/fr\/wp-json\/wp\/v2\/pages"}],"about":[{"href":"https:\/\/canadianigf.ca\/fr\/wp-json\/wp\/v2\/types\/page"}],"author":[{"embeddable":true,"href":"https:\/\/canadianigf.ca\/fr\/wp-json\/wp\/v2\/users\/1"}],"replies":[{"embeddable":true,"href":"https:\/\/canadianigf.ca\/fr\/wp-json\/wp\/v2\/comments?post=1778"}],"version-history":[{"count":1,"href":"https:\/\/canadianigf.ca\/fr\/wp-json\/wp\/v2\/pages\/1778\/revisions"}],"predecessor-version":[{"id":1779,"href":"https:\/\/canadianigf.ca\/fr\/wp-json\/wp\/v2\/pages\/1778\/revisions\/1779"}],"wp:attachment":[{"href":"https:\/\/canadianigf.ca\/fr\/wp-json\/wp\/v2\/media?parent=1778"}],"curies":[{"name":"wp","href":"https:\/\/api.w.org\/{rel}","templated":true}]}}