{"id":1785,"date":"2020-11-11T16:46:36","date_gmt":"2020-11-11T21:46:36","guid":{"rendered":"https:\/\/canadianigf.ca\/?page_id=1785"},"modified":"2020-11-16T15:46:24","modified_gmt":"2020-11-16T20:46:24","slug":"pause-de-commanditaire-linternet-society","status":"publish","type":"page","link":"https:\/\/canadianigf.ca\/fr\/pause-de-commanditaire-linternet-society\/","title":{"rendered":"Pause de commanditaire :  l\u2019Internet Society"},"content":{"rendered":"\n<p>Le mardi 24 novembre: &nbsp; 14:20 \u2013 14:35 <\/p>\n\n\n\n<figure class=\"wp-block-image\"><img fetchpriority=\"high\" decoding=\"async\" width=\"1024\" height=\"683\" src=\"https:\/\/canadianigf.ca\/wp-content\/uploads\/2020\/11\/KWJ-headshot--1024x683.jpg\" alt=\"\" class=\"wp-image-1846\" srcset=\"https:\/\/canadianigf.ca\/wp-content\/uploads\/2020\/11\/KWJ-headshot--1024x683.jpg 1024w, https:\/\/canadianigf.ca\/wp-content\/uploads\/2020\/11\/KWJ-headshot--300x200.jpg 300w, https:\/\/canadianigf.ca\/wp-content\/uploads\/2020\/11\/KWJ-headshot--768x512.jpg 768w\" sizes=\"(max-width: 1024px) 100vw, 1024px\" \/><\/figure>\n\n\n\n<p><strong>Katie Jordan<\/strong>, l\u2019Internet Society<\/p>\n\n\n\n<p>Katie Jordan est conseill\u00e8re politique principale \u00e0 l&#8217;Internet Society. Elle a joint l&#8217;organisation en mars 2018 et dirige actuellement le projet \u00ab Internet Way of Networking \u00bb au niveau mondial. Katie \u00e9labore et d\u00e9fend \u00e9galement les positions de l&#8217;organisation en mati\u00e8re de politique publique, notamment sur l&#8217;acc\u00e8s et la s\u00e9curit\u00e9 aux \u00c9tats-Unis et au Canada.<\/p>\n\n\n\n<p>Katie a obtenu son baccalaur\u00e9at \u00e0 l&#8217;universit\u00e9 de Virginie, o\u00f9 elle s&#8217;est sp\u00e9cialis\u00e9e dans les affaires \u00e9trang\u00e8res et les \u00e9tudes sur les m\u00e9dias. Apr\u00e8s l&#8217;obtention de son dipl\u00f4me, elle a travaill\u00e9 en tant que responsable de la politique publique de Google \u00e0 l&#8217;Open Technology Institute de New America et en tant que responsable des politiques et des programmes de Next Century Cities, o\u00f9 elle a aid\u00e9 les maires \u00e0 mettre en place des initiatives locales en mati\u00e8re de haut d\u00e9bit, d&#8217;inclusion num\u00e9rique et de technologie civique. Plus r\u00e9cemment, elle a occup\u00e9 le poste de directrice du d\u00e9veloppement chez Public Knowledge, o\u00f9 elle a dirig\u00e9 les efforts de d\u00e9veloppement et explor\u00e9 les technologies \u00e9mergentes.<br><\/p>\n","protected":false},"excerpt":{"rendered":"<p>Le mardi 24 novembre: &nbsp; 14:20 \u2013 14:35 Katie Jordan, l\u2019Internet Society Katie Jordan est conseill\u00e8re politique principale \u00e0 l&#8217;Internet Society. Elle a joint l&#8217;organisation en mars 2018 et dirige actuellement le projet \u00ab Internet Way of Networking \u00bb au niveau mondial. Katie \u00e9labore et d\u00e9fend \u00e9galement les positions de l&#8217;organisation en mati\u00e8re de politique [&hellip;]<\/p>\n","protected":false},"author":1,"featured_media":0,"parent":0,"menu_order":75,"comment_status":"closed","ping_status":"closed","template":"","meta":{"cybocfi_hide_featured_image":"","footnotes":""},"class_list":["post-1785","page","type-page","status-publish","hentry"],"_links":{"self":[{"href":"https:\/\/canadianigf.ca\/fr\/wp-json\/wp\/v2\/pages\/1785","targetHints":{"allow":["GET"]}}],"collection":[{"href":"https:\/\/canadianigf.ca\/fr\/wp-json\/wp\/v2\/pages"}],"about":[{"href":"https:\/\/canadianigf.ca\/fr\/wp-json\/wp\/v2\/types\/page"}],"author":[{"embeddable":true,"href":"https:\/\/canadianigf.ca\/fr\/wp-json\/wp\/v2\/users\/1"}],"replies":[{"embeddable":true,"href":"https:\/\/canadianigf.ca\/fr\/wp-json\/wp\/v2\/comments?post=1785"}],"version-history":[{"count":4,"href":"https:\/\/canadianigf.ca\/fr\/wp-json\/wp\/v2\/pages\/1785\/revisions"}],"predecessor-version":[{"id":1848,"href":"https:\/\/canadianigf.ca\/fr\/wp-json\/wp\/v2\/pages\/1785\/revisions\/1848"}],"wp:attachment":[{"href":"https:\/\/canadianigf.ca\/fr\/wp-json\/wp\/v2\/media?parent=1785"}],"curies":[{"name":"wp","href":"https:\/\/api.w.org\/{rel}","templated":true}]}}