{"id":1789,"date":"2020-11-11T16:49:40","date_gmt":"2020-11-11T21:49:40","guid":{"rendered":"https:\/\/canadianigf.ca\/?page_id=1789"},"modified":"2020-11-24T15:37:12","modified_gmt":"2020-11-24T20:37:12","slug":"seance-dinformation-we-the-internet","status":"publish","type":"page","link":"https:\/\/canadianigf.ca\/fr\/seance-dinformation-we-the-internet\/","title":{"rendered":"S\u00e9ance d\u2019information : \u00ab We, the Internet \u00bb"},"content":{"rendered":"\n<p>24 novembre : 16 h 35 \u2013 17 h 00<\/p>\n\n\n\n<p>En 2020, les citoyens du monde entier se sont r\u00e9unis dans plus de 70\npays pour discuter de l&#8217;avenir de l&#8217;Internet. Au Canada, ce dialogue mondial\nsans pr\u00e9c\u00e9dent s&#8217;est tenu les 23 et 24 octobre et a permis d&#8217;engager des\ncitoyens de tous horizons et d&#8217;un oc\u00e9an \u00e0 l&#8217;autre dans l&#8217;un des enjeux les plus\npressants et les plus importants de notre \u00e9poque. Quelles traces de nos donn\u00e9es\npersonnelles laissons-nous dans le cyberespace? Qu&#8217;en est-il de la\nm\u00e9sinformation et de la d\u00e9sinformation? Qu&#8217;est-ce qui contr\u00f4le et fa\u00e7onne l&#8217;IA?<\/p>\n\n\n\n<p>Ce sont quelques-unes des questions sur lesquelles les participants ont \u00e9t\u00e9 invit\u00e9s \u00e0 d\u00e9battre. Lanc\u00e9e lors du FGI 2018, \u00ab Nous, l&#8217;Internet \u00bb est une consultation participative mondiale cr\u00e9\u00e9e pour fournir des donn\u00e9es qualitatives et quantitatives de premier ordre afin de soutenir des d\u00e9cisions audacieuses et l\u00e9gitimes sur l&#8217;avenir de l&#8217;Internet. C&#8217;est l&#8217;occasion pour vous d&#8217;entendre ce que les Canadiens ont \u00e0 dire!<\/p>\n\n\n\n<p><strong>Michel Lambert,\u00a0<\/strong>equalit.ie <br><strong>Deirdre Collings<\/strong>, SecDev Foundation  <br><br>Michel a dirig\u00e9 pendant 13 ans une organisation de solidarit\u00e9 internationale active sur les droits humains, notamment le droit d\u2019acc\u00e8s \u00e0 un Internet libre et ouvert. Il a lanc\u00e9 des projets de portails internet de la soci\u00e9t\u00e9 civile en R\u00e9publique d\u00e9mocratique du Congo et au Moyen-Orient en plus de soutenir la mise en place de deux \u00e9coles de s\u00e9curit\u00e9 num\u00e9rique. Aussi actif sur les enjeux de gouvernance de l\u2019Internet, Michel est membre du Conseil d\u2019administration de l\u2019<a href=\"http:\/\/www.apc.org\/\">Association pour le progr\u00e8s des communications<\/a> et membre fondateur du <a href=\"https:\/\/canadianigf.ca\/\">Forum canadien pour la gouvernance de l\u2019Internet<\/a><\/p>\n\n\n\n<figure class=\"wp-block-image\"><img fetchpriority=\"high\" decoding=\"async\" width=\"290\" height=\"290\" src=\"https:\/\/canadianigf.ca\/wp-content\/uploads\/2020\/11\/Deirdre-Collings.jpg\" alt=\"\" class=\"wp-image-1834\" srcset=\"https:\/\/canadianigf.ca\/wp-content\/uploads\/2020\/11\/Deirdre-Collings.jpg 290w, https:\/\/canadianigf.ca\/wp-content\/uploads\/2020\/11\/Deirdre-Collings-150x150.jpg 150w, https:\/\/canadianigf.ca\/wp-content\/uploads\/2020\/11\/Deirdre-Collings-100x100.jpg 100w\" sizes=\"(max-width: 290px) 100vw, 290px\" \/><\/figure>\n\n\n\n<p><strong>Deirdre Collings<\/strong><br><\/p>\n\n\n\n<p>Deirdre Collings est\ncofondatrice et directrice g\u00e9n\u00e9rale de <a href=\"https:\/\/www.secdev-foundation.org\/\">The SecDev Foundation<\/a>,\nun groupe de r\u00e9flexion et d\u2019action bas\u00e9 \u00e0 Ottawa qui se consacre \u00e0 b\u00e2tir un\nmonde meilleur par le biais de possibilit\u00e9s, de la s\u00e9curit\u00e9 et de la citoyennet\u00e9\nnum\u00e9riques. Une grande partie du travail de la fondation soutient les populations\n\u00e0 risque dans le Moyen-Orient, en Afrique du Nord, en Asie du Sud-Est et en\nEurasie gr\u00e2ce \u00e0 des \u00e9quipes locales d\u00e9vou\u00e9es se trouvant sur le terrain. <\/p>\n\n\n\n<p>Deirdre a \u00e9galement travaill\u00e9\npendant 20&nbsp;ans pour les Nations Unies, des ONG ainsi que pour l\u2019Universit\u00e9\nde Cambridge dans des pays instables touch\u00e9s par la guerre, y compris au Rwanda\nlors de la p\u00e9riode suivant le g\u00e9nocide. En tant que titulaire de la bourse de\ndoctorat MacArthur \u00e0 l\u2019Universit\u00e9 de Cambridge, elle a entrepris des recherches\nsur l\u2019identit\u00e9 collective et la transformation de conflits alors qu\u2019elle vivait\nau Liban o\u00f9 elle a enseign\u00e9 dans un camp de r\u00e9fugi\u00e9s pendant un an. Elle est l\u2019auteure de <a href=\"https:\/\/www.amazon.com\/Peace-Lebanon-Reconstruction-Deirdre-Collings\/dp\/1555875017\" target=\"_blank\" rel=\"noreferrer noopener\"><em>Peace for Lebanon?<\/em><\/a><a href=\"https:\/\/www.amazon.com\/Peace-Lebanon-Reconstruction-Deirdre-Collings\/dp\/1555875017\" target=\"_blank\" rel=\"noreferrer noopener\"><em> From War to Reconstruction,<\/em><\/a><em>&nbsp;<\/em><a href=\"http:\/\/www.oecd.org\/dac\/conflict-fragility-resilience\/docs\/armed%20violence%20reduction.pdf\" target=\"_blank\" rel=\"noreferrer noopener\"><em>OECD\u2019s Policy Paper on Armed\nViolence Reduction<\/em><\/a><em>,&nbsp;<\/em><a href=\"http:\/\/www.au.af.mil\/au\/awc\/awcgate\/army-usawc\/shifting_fire.pdf\" target=\"_blank\" rel=\"noreferrer noopener\"><em>Shifting Fire:<\/em><\/a><em>&nbsp;Information Effects in Counterinsurgency and\nStability Operations,&nbsp;<\/em><a href=\"https:\/\/www.createspace.com\/4041581\" target=\"_blank\" rel=\"noreferrer noopener\"><em>Bullets and Blogs:<\/em><\/a><a href=\"https:\/\/www.createspace.com\/4041581\" target=\"_blank\" rel=\"noreferrer noopener\"><em> New Media and the War Fighter<\/em><\/a>&nbsp;et de plusieurs autres documents de politique de l\u2019ONU.<\/p>\n\n\n\n<p><br><\/p>\n\n\n\n<p><\/p>\n\n\n\n<p><br><\/p>\n","protected":false},"excerpt":{"rendered":"<p>24 novembre : 16 h 35 \u2013 17 h 00 En 2020, les citoyens du monde entier se sont r\u00e9unis dans plus de 70 pays pour discuter de l&#8217;avenir de l&#8217;Internet. Au Canada, ce dialogue mondial sans pr\u00e9c\u00e9dent s&#8217;est tenu les 23 et 24 octobre et a permis d&#8217;engager des citoyens de tous horizons et [&hellip;]<\/p>\n","protected":false},"author":1,"featured_media":0,"parent":0,"menu_order":81,"comment_status":"closed","ping_status":"closed","template":"","meta":{"cybocfi_hide_featured_image":"","footnotes":""},"class_list":["post-1789","page","type-page","status-publish","hentry"],"_links":{"self":[{"href":"https:\/\/canadianigf.ca\/fr\/wp-json\/wp\/v2\/pages\/1789","targetHints":{"allow":["GET"]}}],"collection":[{"href":"https:\/\/canadianigf.ca\/fr\/wp-json\/wp\/v2\/pages"}],"about":[{"href":"https:\/\/canadianigf.ca\/fr\/wp-json\/wp\/v2\/types\/page"}],"author":[{"embeddable":true,"href":"https:\/\/canadianigf.ca\/fr\/wp-json\/wp\/v2\/users\/1"}],"replies":[{"embeddable":true,"href":"https:\/\/canadianigf.ca\/fr\/wp-json\/wp\/v2\/comments?post=1789"}],"version-history":[{"count":4,"href":"https:\/\/canadianigf.ca\/fr\/wp-json\/wp\/v2\/pages\/1789\/revisions"}],"predecessor-version":[{"id":1868,"href":"https:\/\/canadianigf.ca\/fr\/wp-json\/wp\/v2\/pages\/1789\/revisions\/1868"}],"wp:attachment":[{"href":"https:\/\/canadianigf.ca\/fr\/wp-json\/wp\/v2\/media?parent=1789"}],"curies":[{"name":"wp","href":"https:\/\/api.w.org\/{rel}","templated":true}]}}