{"id":1792,"date":"2020-11-11T16:54:12","date_gmt":"2020-11-11T21:54:12","guid":{"rendered":"https:\/\/canadianigf.ca\/?page_id=1792"},"modified":"2020-11-19T14:08:59","modified_gmt":"2020-11-19T19:08:59","slug":"affaires-mondiales-canada-freedom-online-coalition","status":"publish","type":"page","link":"https:\/\/canadianigf.ca\/fr\/affaires-mondiales-canada-freedom-online-coalition\/","title":{"rendered":"Affaires mondiales Canada : Freedom Online Coalition"},"content":{"rendered":"\n<p> Le mercredi 25 novembre:  13:05 \u2013 13:10 <\/p>\n\n\n\n<p>La Freedom Online Coalition est un partenariat de 32 gouvernements, qui s&#8217;efforce de faire progresser la libert\u00e9 sur Internet. Les membres de la coalition travaillent en \u00e9troite collaboration pour coordonner leurs efforts diplomatiques et s&#8217;engagent avec la soci\u00e9t\u00e9 civile et le secteur priv\u00e9 pour soutenir la libert\u00e9 sur Internet &#8211; libert\u00e9 d&#8217;expression, d&#8217;association, de r\u00e9union et de vie priv\u00e9e en ligne &#8211; dans le monde entier. <\/p>\n\n\n\n<p> <strong>Philippe-Andr\u00e9 Rodrigue<\/strong>z, Affaires mondiales Canada<\/p>\n\n\n\n<figure class=\"wp-block-image\"><img fetchpriority=\"high\" decoding=\"async\" width=\"400\" height=\"400\" src=\"https:\/\/canadianigf.ca\/wp-content\/uploads\/2020\/11\/Phillipe.jpg\" alt=\"\" class=\"wp-image-1734\" srcset=\"https:\/\/canadianigf.ca\/wp-content\/uploads\/2020\/11\/Phillipe.jpg 400w, https:\/\/canadianigf.ca\/wp-content\/uploads\/2020\/11\/Phillipe-150x150.jpg 150w, https:\/\/canadianigf.ca\/wp-content\/uploads\/2020\/11\/Phillipe-300x300.jpg 300w, https:\/\/canadianigf.ca\/wp-content\/uploads\/2020\/11\/Phillipe-100x100.jpg 100w\" sizes=\"(max-width: 400px) 100vw, 400px\" \/><\/figure>\n\n\n\n<p> Philippe-Andr\u00e9 est un sp\u00e9cialiste de la gouvernance num\u00e9rique et de\nl&#8217;intelligence artificielle et est directeur adjoint du laboratoire d&#8217;inclusion\nnum\u00e9rique, situ\u00e9 au sein du Centre pour la politique num\u00e9rique internationale\nd&#8217;Affaires mondiales Canada. Il \u00e9tait auparavant conseiller principal au Bureau\ndu Conseil priv\u00e9, o\u00f9 il s&#8217;est concentr\u00e9 sur les questions de politique\nnum\u00e9rique. Avant de rejoindre le gouvernement du Canada, il a obtenu un\ndoctorat de l&#8217;universit\u00e9 d&#8217;Oxford et a \u00e9t\u00e9 boursier de la facult\u00e9 de droit de\nYale.<\/p>\n","protected":false},"excerpt":{"rendered":"<p>Le mercredi 25 novembre: 13:05 \u2013 13:10 La Freedom Online Coalition est un partenariat de 32 gouvernements, qui s&#8217;efforce de faire progresser la libert\u00e9 sur Internet. Les membres de la coalition travaillent en \u00e9troite collaboration pour coordonner leurs efforts diplomatiques et s&#8217;engagent avec la soci\u00e9t\u00e9 civile et le secteur priv\u00e9 pour soutenir la libert\u00e9 sur [&hellip;]<\/p>\n","protected":false},"author":1,"featured_media":0,"parent":0,"menu_order":80,"comment_status":"closed","ping_status":"closed","template":"","meta":{"cybocfi_hide_featured_image":"","footnotes":""},"class_list":["post-1792","page","type-page","status-publish","hentry"],"_links":{"self":[{"href":"https:\/\/canadianigf.ca\/fr\/wp-json\/wp\/v2\/pages\/1792","targetHints":{"allow":["GET"]}}],"collection":[{"href":"https:\/\/canadianigf.ca\/fr\/wp-json\/wp\/v2\/pages"}],"about":[{"href":"https:\/\/canadianigf.ca\/fr\/wp-json\/wp\/v2\/types\/page"}],"author":[{"embeddable":true,"href":"https:\/\/canadianigf.ca\/fr\/wp-json\/wp\/v2\/users\/1"}],"replies":[{"embeddable":true,"href":"https:\/\/canadianigf.ca\/fr\/wp-json\/wp\/v2\/comments?post=1792"}],"version-history":[{"count":2,"href":"https:\/\/canadianigf.ca\/fr\/wp-json\/wp\/v2\/pages\/1792\/revisions"}],"predecessor-version":[{"id":1857,"href":"https:\/\/canadianigf.ca\/fr\/wp-json\/wp\/v2\/pages\/1792\/revisions\/1857"}],"wp:attachment":[{"href":"https:\/\/canadianigf.ca\/fr\/wp-json\/wp\/v2\/media?parent=1792"}],"curies":[{"name":"wp","href":"https:\/\/api.w.org\/{rel}","templated":true}]}}