{"id":1795,"date":"2020-11-11T16:57:58","date_gmt":"2020-11-11T21:57:58","guid":{"rendered":"https:\/\/canadianigf.ca\/?page_id=1795"},"modified":"2020-11-11T16:58:00","modified_gmt":"2020-11-11T21:58:00","slug":"pause-de-commanditaire-cybera","status":"publish","type":"page","link":"https:\/\/canadianigf.ca\/fr\/pause-de-commanditaire-cybera\/","title":{"rendered":"Pause de commanditaire :  Cybera"},"content":{"rendered":"\n<p>Le mercredi 25 novembre:\u00a0 14:05 \u2013 14:20 <\/p>\n\n\n\n<p><strong>Barton Satchwill,\u00a0<\/strong>Cybera <\/p>\n\n\n\n<figure class=\"wp-block-image is-resized\"><img fetchpriority=\"high\" decoding=\"async\" src=\"https:\/\/canadianigf.ca\/wp-content\/uploads\/2020\/11\/Barton-683x1024.jpg\" alt=\"\" class=\"wp-image-1761\" width=\"377\" height=\"565\" srcset=\"https:\/\/canadianigf.ca\/wp-content\/uploads\/2020\/11\/Barton-683x1024.jpg 683w, https:\/\/canadianigf.ca\/wp-content\/uploads\/2020\/11\/Barton-200x300.jpg 200w, https:\/\/canadianigf.ca\/wp-content\/uploads\/2020\/11\/Barton-768x1152.jpg 768w, https:\/\/canadianigf.ca\/wp-content\/uploads\/2020\/11\/Barton.jpg 800w\" sizes=\"(max-width: 377px) 100vw, 377px\" \/><\/figure>\n\n\n\n<p>Barton est le vice-pr\u00e9sident de la technologie de Cybera, le r\u00e9seau de\nrecherche et d&#8217;\u00e9ducation sans but lucratif de l&#8217;Alberta. Il a consacr\u00e9 sa\ncarri\u00e8re au d\u00e9veloppement de syst\u00e8mes dans les domaines public, priv\u00e9 et\nscientifique. Comme il se passe toujours des choses int\u00e9ressantes \u00e0 la crois\u00e9e\ndes chemins, Barton aime passer son temps l\u00e0 o\u00f9 les technologies et les gens se\ncroisent; parfois, l\u00e0 o\u00f9 ils se heurtent.<\/p>\n","protected":false},"excerpt":{"rendered":"<p>Le mercredi 25 novembre:\u00a0 14:05 \u2013 14:20 Barton Satchwill,\u00a0Cybera Barton est le vice-pr\u00e9sident de la technologie de Cybera, le r\u00e9seau de recherche et d&#8217;\u00e9ducation sans but lucratif de l&#8217;Alberta. Il a consacr\u00e9 sa carri\u00e8re au d\u00e9veloppement de syst\u00e8mes dans les domaines public, priv\u00e9 et scientifique. Comme il se passe toujours des choses int\u00e9ressantes \u00e0 la [&hellip;]<\/p>\n","protected":false},"author":1,"featured_media":0,"parent":0,"menu_order":73,"comment_status":"closed","ping_status":"closed","template":"","meta":{"cybocfi_hide_featured_image":"","footnotes":""},"class_list":["post-1795","page","type-page","status-publish","hentry"],"_links":{"self":[{"href":"https:\/\/canadianigf.ca\/fr\/wp-json\/wp\/v2\/pages\/1795","targetHints":{"allow":["GET"]}}],"collection":[{"href":"https:\/\/canadianigf.ca\/fr\/wp-json\/wp\/v2\/pages"}],"about":[{"href":"https:\/\/canadianigf.ca\/fr\/wp-json\/wp\/v2\/types\/page"}],"author":[{"embeddable":true,"href":"https:\/\/canadianigf.ca\/fr\/wp-json\/wp\/v2\/users\/1"}],"replies":[{"embeddable":true,"href":"https:\/\/canadianigf.ca\/fr\/wp-json\/wp\/v2\/comments?post=1795"}],"version-history":[{"count":1,"href":"https:\/\/canadianigf.ca\/fr\/wp-json\/wp\/v2\/pages\/1795\/revisions"}],"predecessor-version":[{"id":1796,"href":"https:\/\/canadianigf.ca\/fr\/wp-json\/wp\/v2\/pages\/1795\/revisions\/1796"}],"wp:attachment":[{"href":"https:\/\/canadianigf.ca\/fr\/wp-json\/wp\/v2\/media?parent=1795"}],"curies":[{"name":"wp","href":"https:\/\/api.w.org\/{rel}","templated":true}]}}