{"id":1798,"date":"2020-11-11T17:22:20","date_gmt":"2020-11-11T22:22:20","guid":{"rendered":"https:\/\/canadianigf.ca\/?page_id=1798"},"modified":"2020-11-16T15:42:34","modified_gmt":"2020-11-16T20:42:34","slug":"pause-de-commanditaire-canarie","status":"publish","type":"page","link":"https:\/\/canadianigf.ca\/fr\/pause-de-commanditaire-canarie\/","title":{"rendered":"Pause de commanditaire :  CANARIE"},"content":{"rendered":"\n<p>Le mercredi 25 novembre: 15:15 \u2013 15:30 <\/p>\n\n\n\n<p><strong>Kathryn Anthonisen,&nbsp;CANARIE<\/strong><\/p>\n\n\n\n<figure class=\"wp-block-image is-resized\"><img fetchpriority=\"high\" decoding=\"async\" src=\"https:\/\/canadianigf.ca\/wp-content\/uploads\/2020\/11\/Kathryn-1-768x1024.jpg\" alt=\"\" class=\"wp-image-1841\" width=\"396\" height=\"527\" srcset=\"https:\/\/canadianigf.ca\/wp-content\/uploads\/2020\/11\/Kathryn-1-768x1024.jpg 768w, https:\/\/canadianigf.ca\/wp-content\/uploads\/2020\/11\/Kathryn-1-225x300.jpg 225w\" sizes=\"(max-width: 396px) 100vw, 396px\" \/><\/figure>\n\n\n\n<p>Kathryn Anthonisen est vice-pr\u00e9sidente aux relations ext\u00e9rieures de CANARIE depuis 2012 apr\u00e8s y avoir occup\u00e9 le poste de directrice des communications pendant deux ans. Charg\u00e9e des diff\u00e9rentes facettes du marketing et des communications, elle dirige l\u2019\u00e9quipe qui assure le rayonnement de l\u2019organisme chez ses intervenants et les am\u00e8ne \u00e0 se mobiliser tout en promouvant l\u2019impact de l\u2019infrastructure num\u00e9rique de la recherche et de l\u2019\u00e9ducation sur la capacit\u00e9 du Canada \u00e0 innover. Depuis son arriv\u00e9e, Mme Anthonisen a r\u00e9ussi \u00e0 changer la vision qu\u2019on avait de CANARIE, la faisant passer de simple exploitant de r\u00e9seau \u00e0 celle d\u2019une organisation d\u00e9termin\u00e9e \u00e0 offrir une gamme d\u2019outils et de services aussi pertinents qu\u2019efficaces pour l\u2019infrastructure num\u00e9rique. Mme Anthonisen veille \u00e9galement \u00e0 ce que l\u2019organisme noue des liens utiles avec ses intervenants du Canada et de l\u2019\u00e9tranger, ainsi que ses partenaires, les r\u00e9seaux similaires de la plan\u00e8te et les bailleurs de fonds.<\/p>\n\n\n\n<p>Avant d\u2019entrer chez CANARIE, Mme Anthonisen a assum\u00e9 divers r\u00f4les de cadre en marketing et communications dans le secteur priv\u00e9. Plus t\u00f4t dans sa carri\u00e8re, elle a enseign\u00e9 et administr\u00e9 des programmes au Coll\u00e8ge Humber de Toronto, ainsi que d\u00e9velopp\u00e9 un programme d\u2019\u00e9tudes coll\u00e9giales en services financiers quand elle \u00e9tait \u00e0 l\u2019Institut des banquiers canadiens.<\/p>\n\n\n\n<p>Mme Anthonisen d\u00e9tient un baccalaur\u00e9at \u00e8s arts de l\u2019Universit\u00e9 McGill et une ma\u00eetrise en administration des affaires de la Schulich School of Business. Elle a pass\u00e9 un an \u00e0 \u00e9tudier le fran\u00e7ais et sa culture \u00e0 la Sorbonne, \u00e0 Paris. Mme Anthonisen profite du vaste r\u00e9seau de pistes cyclables d\u2019Ottawa pour se rendre au travail \u00e0 v\u00e9lo, jusqu\u2019\u00e0 ce que tombe la neige et qu\u2019elle enfile ses patins afin de rentrer \u00e0 la maison par le canal Rideau.<br><\/p>\n","protected":false},"excerpt":{"rendered":"<p>Le mercredi 25 novembre: 15:15 \u2013 15:30 Kathryn Anthonisen,&nbsp;CANARIE Kathryn Anthonisen est vice-pr\u00e9sidente aux relations ext\u00e9rieures de CANARIE depuis 2012 apr\u00e8s y avoir occup\u00e9 le poste de directrice des communications pendant deux ans. Charg\u00e9e des diff\u00e9rentes facettes du marketing et des communications, elle dirige l\u2019\u00e9quipe qui assure le rayonnement de l\u2019organisme chez ses intervenants et [&hellip;]<\/p>\n","protected":false},"author":1,"featured_media":0,"parent":0,"menu_order":71,"comment_status":"closed","ping_status":"closed","template":"","meta":{"cybocfi_hide_featured_image":"","footnotes":""},"class_list":["post-1798","page","type-page","status-publish","hentry"],"_links":{"self":[{"href":"https:\/\/canadianigf.ca\/fr\/wp-json\/wp\/v2\/pages\/1798","targetHints":{"allow":["GET"]}}],"collection":[{"href":"https:\/\/canadianigf.ca\/fr\/wp-json\/wp\/v2\/pages"}],"about":[{"href":"https:\/\/canadianigf.ca\/fr\/wp-json\/wp\/v2\/types\/page"}],"author":[{"embeddable":true,"href":"https:\/\/canadianigf.ca\/fr\/wp-json\/wp\/v2\/users\/1"}],"replies":[{"embeddable":true,"href":"https:\/\/canadianigf.ca\/fr\/wp-json\/wp\/v2\/comments?post=1798"}],"version-history":[{"count":2,"href":"https:\/\/canadianigf.ca\/fr\/wp-json\/wp\/v2\/pages\/1798\/revisions"}],"predecessor-version":[{"id":1843,"href":"https:\/\/canadianigf.ca\/fr\/wp-json\/wp\/v2\/pages\/1798\/revisions\/1843"}],"wp:attachment":[{"href":"https:\/\/canadianigf.ca\/fr\/wp-json\/wp\/v2\/media?parent=1798"}],"curies":[{"name":"wp","href":"https:\/\/api.w.org\/{rel}","templated":true}]}}