{"id":1801,"date":"2020-11-11T17:25:10","date_gmt":"2020-11-11T22:25:10","guid":{"rendered":"https:\/\/canadianigf.ca\/?page_id=1801"},"modified":"2020-11-11T17:25:11","modified_gmt":"2020-11-11T22:25:11","slug":"mot-de-la-fin-2","status":"publish","type":"page","link":"https:\/\/canadianigf.ca\/fr\/mot-de-la-fin-2\/","title":{"rendered":"Mot de la fin"},"content":{"rendered":"\n<p>Le mercredi 25 novembre:  15:30 \u2013 16:25 <\/p>\n\n\n\n<p><strong>Byron Holland<\/strong>, ACEI <\/p>\n\n\n\n<figure class=\"wp-block-image is-resized\"><img fetchpriority=\"high\" decoding=\"async\" src=\"https:\/\/canadianigf.ca\/wp-content\/uploads\/2020\/11\/byron-holland.jpg\" alt=\"\" class=\"wp-image-1772\" width=\"408\" height=\"508\"\/><\/figure>\n\n\n\n<p>Byron Holland est pr\u00e9sident et chef de la direction de l\u2019Autorit\u00e9 canadienne pour les enregistrements Internet (ACEI). Son esprit entrepreneurial, sa passion pour la gouvernance d\u2019Internet ainsi que son leadership ont contribu\u00e9 \u00e0 placer l\u2019ACEI au premier rang de l\u2019innovation. \u00c0 l&#8217;ACEI, Byron a men\u00e9 le remaniement global du registre .CA ainsi que celui des politiques et des r\u00e8gles administratives qui le r\u00e9gissent. Depuis ce remaniement, le .CA est devenu le domaine de premier niveau de pays connaissant la plus forte croissance au monde et, globalement, le nom de domaine de premier niveau dont l\u2019essor arrive au second rang.<\/p>\n\n\n\n<p>Byron a \u00e9labor\u00e9 une repr\u00e9sentation internationale robuste pour l\u2019ACEI et le nom de domaine de premier niveau .CA. Il est pr\u00e9sident de la ccNSO (Country Code Names Supporting Organisation), l\u2019organisme qui veille aux int\u00e9r\u00eats de tous les domaines de premier niveau et qui dirige les projets d\u2019\u00e9laboration des politiques \u00e0 l\u2019ICANN (Internet Corporation for Assigned Names and Numbers). Il participe \u00e9galement au Forum sur la gouvernance d\u2019Internet coordonn\u00e9 par l\u2019Organisation des Nations Unies, ainsi qu\u2019\u00e0 d\u2019autres forums traitant du m\u00eame sujet.<\/p>\n\n\n\n<p>Avant de se joindre \u00e0 l\u2019ACEI, Byron a particip\u00e9 \u00e0 la fondation de Futura Rewards, une entreprise qui se classe au troisi\u00e8me rang des programmes de fid\u00e9lisation au Canada. Chez Futura, \u00e0 titre de chef de l\u2019exploitation, il a supervis\u00e9 le d\u00e9veloppement et la croissance de la soci\u00e9t\u00e9, laquelle, d\u2019une petite entreprise en d\u00e9marrage est devenue une soci\u00e9t\u00e9 ouverte comptant plus de 100 marques partenaires et 400 000 membres.<\/p>\n\n\n\n<p>Byron a obtenu un baccalaur\u00e9at \u00e8s arts avec distinction de l\u2019Universit\u00e9 de Western Ontario ainsi qu\u2019une ma\u00eetrise en administration des affaires de l\u2019Universit\u00e9 Queen\u2019s. Il a \u00e9galement obtenu l\u2019accr\u00e9ditation IAS.A de l\u2019Institut des administrateurs de soci\u00e9t\u00e9s.<br><\/p>\n","protected":false},"excerpt":{"rendered":"<p>Le mercredi 25 novembre: 15:30 \u2013 16:25 Byron Holland, ACEI Byron Holland est pr\u00e9sident et chef de la direction de l\u2019Autorit\u00e9 canadienne pour les enregistrements Internet (ACEI). Son esprit entrepreneurial, sa passion pour la gouvernance d\u2019Internet ainsi que son leadership ont contribu\u00e9 \u00e0 placer l\u2019ACEI au premier rang de l\u2019innovation. \u00c0 l&#8217;ACEI, Byron a men\u00e9 [&hellip;]<\/p>\n","protected":false},"author":1,"featured_media":0,"parent":0,"menu_order":69,"comment_status":"closed","ping_status":"closed","template":"","meta":{"cybocfi_hide_featured_image":"","footnotes":""},"class_list":["post-1801","page","type-page","status-publish","hentry"],"_links":{"self":[{"href":"https:\/\/canadianigf.ca\/fr\/wp-json\/wp\/v2\/pages\/1801","targetHints":{"allow":["GET"]}}],"collection":[{"href":"https:\/\/canadianigf.ca\/fr\/wp-json\/wp\/v2\/pages"}],"about":[{"href":"https:\/\/canadianigf.ca\/fr\/wp-json\/wp\/v2\/types\/page"}],"author":[{"embeddable":true,"href":"https:\/\/canadianigf.ca\/fr\/wp-json\/wp\/v2\/users\/1"}],"replies":[{"embeddable":true,"href":"https:\/\/canadianigf.ca\/fr\/wp-json\/wp\/v2\/comments?post=1801"}],"version-history":[{"count":1,"href":"https:\/\/canadianigf.ca\/fr\/wp-json\/wp\/v2\/pages\/1801\/revisions"}],"predecessor-version":[{"id":1802,"href":"https:\/\/canadianigf.ca\/fr\/wp-json\/wp\/v2\/pages\/1801\/revisions\/1802"}],"wp:attachment":[{"href":"https:\/\/canadianigf.ca\/fr\/wp-json\/wp\/v2\/media?parent=1801"}],"curies":[{"name":"wp","href":"https:\/\/api.w.org\/{rel}","templated":true}]}}