{"id":1829,"date":"2020-11-13T14:32:30","date_gmt":"2020-11-13T19:32:30","guid":{"rendered":"https:\/\/canadianigf.ca\/?page_id=1829"},"modified":"2020-11-16T16:28:56","modified_gmt":"2020-11-16T21:28:56","slug":"pause-de-commanditaire-icann","status":"publish","type":"page","link":"https:\/\/canadianigf.ca\/fr\/pause-de-commanditaire-icann\/","title":{"rendered":"Pause de commanditaire : ICANN"},"content":{"rendered":"\n<p>Le mardi 24 novembre:  15:20 \u2013 15:35 <\/p>\n\n\n\n<p><strong>Adiel Akplogan,&nbsp;<\/strong>ICANN<\/p>\n\n\n\n<figure class=\"wp-block-image is-resized\"><img fetchpriority=\"high\" decoding=\"async\" src=\"https:\/\/canadianigf.ca\/wp-content\/uploads\/2020\/11\/Adiel-731x1024.jpg\" alt=\"\" class=\"wp-image-1827\" width=\"385\" height=\"539\" srcset=\"https:\/\/canadianigf.ca\/wp-content\/uploads\/2020\/11\/Adiel-731x1024.jpg 731w, https:\/\/canadianigf.ca\/wp-content\/uploads\/2020\/11\/Adiel-214x300.jpg 214w, https:\/\/canadianigf.ca\/wp-content\/uploads\/2020\/11\/Adiel-768x1075.jpg 768w, https:\/\/canadianigf.ca\/wp-content\/uploads\/2020\/11\/Adiel.jpg 1805w\" sizes=\"(max-width: 385px) 100vw, 385px\" \/><\/figure>\n\n\n\n<p>Adiel A. Akplogan est\nvice-pr\u00e9sident en consultation technique chez ICANN. Lors de sa carri\u00e8re de\nplus de 25&nbsp;ann\u00e9es d\u2019exp\u00e9rience dans l\u2019industrie des TIC (dont 20&nbsp;ans\npass\u00e9s sp\u00e9cifiquement dans l\u2019industrie des technologies d\u2019Internet), Adiel \u00e9tait\nauparavant PDG d\u2019AFRINIC (The African Network Information Centre), directeur\ndes technologies de l\u2019information chez Symbol Technology en France (2001 \u00e0\n2003) et directeur des nouvelles technologies pour CAF\u00c9 Informatique au Togo\n(1994 \u00e0 2000). Reconnu comme l\u2019un des pionniers des technologies d\u2019Internet en\nAfrique, il a contribu\u00e9 au renforcement des capacit\u00e9s techniques ainsi qu\u2019\u00e0 la\ncr\u00e9ation de certains des premiers fournisseurs de services Internet en Afrique\nentre 1996 et 1999. Au cours de sa carri\u00e8re, Adiel a servi b\u00e9n\u00e9volement les\nconseils de comit\u00e9s consultatifs de plusieurs organisations mondiales et\ninternationales telles que le Forum sur la gouvernance de l\u2019Internet du Groupe\nconsultatif multipartite des Nations Unies (FGI-GCM de 2006 \u00e0 2009), le Comit\u00e9\nconsultatif technique de la Comission \u00e9conomique pour l\u2019Afrique des Nations\nUnies (CCT-CEANU de 2005 \u00e0 2006), le conseil ex\u00e9cutif de Number Resource\nOrganization (NRO, entre 2005 et 2015 en tant que pr\u00e9sident, secr\u00e9taire et\ntr\u00e9sorier), le panel strat\u00e9gique d\u2019ICANN concernant le r\u00f4le sur l\u2019\u00e9cosyst\u00e8me de\nla gouvernance de l\u2019Internet, le comit\u00e9 de direction du programme AXIS de\nl\u2019Union africaine (de 2012 \u00e0 2015), le comit\u00e9 d\u2019administration et des\nprogrammes du African Network Operators Group et du Sommet africain de\nl\u2019Internet (AfNOG et SAI de 2000&nbsp;\u00e0 2015) ainsi que le groupe d\u2019experts sur\nla gouvernance de l\u2019Internet de l\u2019Organisation internationale de la francophonie\n(depuis 1999).&nbsp; <br>\n<br>\nPassionn\u00e9 par la technologie Internet et la mani\u00e8re dont elle influence le\nd\u00e9veloppement humain, il a contribu\u00e9 activement \u00e0 l\u2019\u00e9tablissement de plusieurs\norganismes de coordination technique en Afrique, comme l\u2019African Network\nOperators Group (AfNOG), l\u2019African ccTLD Managers Association (AfTLD),\nAfricaCERT, et le Sommet africain de l\u2019Internet (SAI). Adiel Akplogan poss\u00e8de\nun baccalaur\u00e9at en ing\u00e9nierie \u00e9lectrique ainsi qu\u2019une ma\u00eetrise en affaires\n\u00e9lectroniques et en gestion de nouvelles technologies de la Paris Graduate\nSchool of Management. Il vit et travaille pr\u00e9sentement \u00e0 Montr\u00e9al.<\/p>\n","protected":false},"excerpt":{"rendered":"<p>Le mardi 24 novembre: 15:20 \u2013 15:35 Adiel Akplogan,&nbsp;ICANN Adiel A. Akplogan est vice-pr\u00e9sident en consultation technique chez ICANN. Lors de sa carri\u00e8re de plus de 25&nbsp;ann\u00e9es d\u2019exp\u00e9rience dans l\u2019industrie des TIC (dont 20&nbsp;ans pass\u00e9s sp\u00e9cifiquement dans l\u2019industrie des technologies d\u2019Internet), Adiel \u00e9tait auparavant PDG d\u2019AFRINIC (The African Network Information Centre), directeur des technologies de [&hellip;]<\/p>\n","protected":false},"author":1,"featured_media":0,"parent":0,"menu_order":68,"comment_status":"closed","ping_status":"closed","template":"","meta":{"cybocfi_hide_featured_image":"","footnotes":""},"class_list":["post-1829","page","type-page","status-publish","hentry"],"_links":{"self":[{"href":"https:\/\/canadianigf.ca\/fr\/wp-json\/wp\/v2\/pages\/1829","targetHints":{"allow":["GET"]}}],"collection":[{"href":"https:\/\/canadianigf.ca\/fr\/wp-json\/wp\/v2\/pages"}],"about":[{"href":"https:\/\/canadianigf.ca\/fr\/wp-json\/wp\/v2\/types\/page"}],"author":[{"embeddable":true,"href":"https:\/\/canadianigf.ca\/fr\/wp-json\/wp\/v2\/users\/1"}],"replies":[{"embeddable":true,"href":"https:\/\/canadianigf.ca\/fr\/wp-json\/wp\/v2\/comments?post=1829"}],"version-history":[{"count":2,"href":"https:\/\/canadianigf.ca\/fr\/wp-json\/wp\/v2\/pages\/1829\/revisions"}],"predecessor-version":[{"id":1849,"href":"https:\/\/canadianigf.ca\/fr\/wp-json\/wp\/v2\/pages\/1829\/revisions\/1849"}],"wp:attachment":[{"href":"https:\/\/canadianigf.ca\/fr\/wp-json\/wp\/v2\/media?parent=1829"}],"curies":[{"name":"wp","href":"https:\/\/api.w.org\/{rel}","templated":true}]}}