{"id":2355,"date":"2021-06-10T09:38:41","date_gmt":"2021-06-10T14:38:41","guid":{"rendered":"https:\/\/canadianigf.ca\/?page_id=2355"},"modified":"2021-06-10T09:38:42","modified_gmt":"2021-06-10T14:38:42","slug":"novembre-2020","status":"publish","type":"page","link":"https:\/\/canadianigf.ca\/fr\/novembre-2020\/","title":{"rendered":"Novembre 2020"},"content":{"rendered":"\n<h2 class=\"wp-block-heading\">Le Forum canadien sur la gouvernance d&#8217;Internet aura lieu en ligne les 24 et 25 novembre.  <\/h2>\n\n\n\n<hr class=\"wp-block-separator\"\/>\n\n\n\n<p>Ordre du jour:<\/p>\n\n\n\n<p><strong>Le mardi 24 novembre<\/strong><br><\/p>\n\n\n\n<table class=\"wp-block-table\"><tbody><tr><td>13:00 \u2013 13:15 <\/td><td> <a href=\"https:\/\/canadianigf.ca\/fr\/mot-de-bienvenue\/\">Mot de bienvenue: Nancy Carter<\/a> <\/td><\/tr><tr><td>13:15 &#8211; 13:25 <\/td><td><a href=\"https:\/\/canadianigf.ca\/fr\/salutations-du-fgi-mondial\/\"> Salutations du FGI mondial et  le Gouvernement du Canada<\/a> <\/td><\/tr><tr><td>13:25 &#8211; 14:20 <\/td><td> <a href=\"https:\/\/canadianigf.ca\/fr\/structurer-la-conversation-evaluer-les-differentes-approches-a-la-moderation-du-contenu\/\">Structurer la conversation&nbsp;: \u00e9valuer les diff\u00e9rentes<br>approches \u00e0 la mod\u00e9ration du contenu<\/a> <\/td><\/tr><tr><td>14:20 &#8211; 14:35  <\/td><td><a href=\"https:\/\/canadianigf.ca\/fr\/pause-de-commanditaire-linternet-society\/\">Pause de commanditaire : &nbsp;l&#8217;Internet Society<\/a> <\/td><\/tr><tr><td>14:35 &#8211; 15:20 <\/td><td> <a href=\"https:\/\/canadianigf.ca\/fr\/covid-19-comment-des-propositions-gouvernementales-sur-les-acces-par-moyens-detournes-menacent-la-sante-et-la-securite-des-canadiens-en-ligne\/\">COVID-19 : comment des propositions gouvernementales <br>sur les acc\u00e8s par moyens d\u00e9tourn\u00e9s menacent la sant\u00e9 et la <br>s\u00e9curit\u00e9 des Canadiens en ligne<\/a>  <\/td><\/tr><tr><td>15:20 &#8211; 15:35 <\/td><td> <a href=\"https:\/\/canadianigf.ca\/fr\/pause-de-commanditaire-icann\/\">Pause de commanditaire :  ICANN<\/a><\/td><\/tr><tr><td>15:35 &#8211; 16:30 <\/td><td> <a href=\"https:\/\/canadianigf.ca\/fr\/connecter-les-communautes-autochtones\/\">Connecter les communaut\u00e9s autochtones<\/a>  <\/td><\/tr><tr><td>16:30 &#8211; 16:35 <\/td><td> Mot de la fin<br><\/td><\/tr><tr><td>16:35 &#8211; 17:00<\/td><td><a href=\"https:\/\/canadianigf.ca\/fr\/seance-dinformation-we-the-internet\/\">S\u00e9ance d&#8217;information : &#8220;We, the Internet&#8221;<\/a> <\/td><\/tr><\/tbody><\/table>\n\n\n\n<hr class=\"wp-block-separator\"\/>\n\n\n\n<p><strong>Le mercredi 25 novembre<\/strong><\/p>\n\n\n\n<table class=\"wp-block-table\"><tbody><tr><td>13:00 \u2013 13:05 <\/td><td> <a href=\"https:\/\/canadianigf.ca\/fr\/mot-de-bienvenue\/\">Mot de bienvenue: Nancy Carter<\/a> <\/td><\/tr><tr><td>13:05 &#8211; 13:10<\/td><td> <a href=\"https:\/\/canadianigf.ca\/fr\/affaires-mondiales-canada-freedom-online-coalition\/\">Affaires mondiales Canada : Freedom Online Coalition<\/a><\/td><\/tr><tr><td>13:10 &#8211; 14:05 <\/td><td> <a href=\"https:\/\/canadianigf.ca\/fr\/mark-surman-mozilla-foundation\/\">Mark Surman, Mozilla Foundation<\/a> <\/td><\/tr><tr><td>14:05 &#8211; 14:20  <\/td><td><a href=\"https:\/\/canadianigf.ca\/fr\/pause-de-commanditaire-cybera\/\">Pause  de commanditaire : &nbsp;Cybera<\/a><\/td><\/tr><tr><td>14:20 &#8211; 15:15 <\/td><td> <a href=\"https:\/\/canadianigf.ca\/fr\/donnees-et-ia-dans-linteret-public\/\">Donn\u00e9es et IA dans l&#8217;int\u00e9r\u00eat public<\/a>  <\/td><\/tr><tr><td>15:15 &#8211; 15:30 <\/td><td> <a href=\"https:\/\/canadianigf.ca\/fr\/pause-de-commanditaire-canarie\/\">Pause  de commanditaire : &nbsp;CANARIE<\/a><\/td><\/tr><tr><td>15:30 &#8211; 16:25 <\/td><td> <a href=\"https:\/\/canadianigf.ca\/fr\/la-litteratie-numerique-a-lere-de-linternet\/\">La litt\u00e9ratie num\u00e9rique \u00e0 l\u2019\u00e8re de l\u2019Internet<\/a>    <\/td><\/tr><tr><td>16:25 &#8211; 16:35 <\/td><td><a href=\"https:\/\/canadianigf.ca\/fr\/mot-de-la-fin-2\/\">Mot de la fin : Byron Holland<\/a><\/td><\/tr><tr><td>16:35 &#8211; 17:00<\/td><td><a href=\"https:\/\/canadianigf.ca\/fr\/seance-dinformation-un-avenir-numerique-inclusif-que-pensent-les-jeunes-canadiens-et-europeens\/\">S\u00e9ance d&#8217;information : Un avenir num\u00e9rique <br>inclusif : Que pensent les jeunes Canadiens et Europ\u00e9ens ?<\/a> <\/td><\/tr><\/tbody><\/table>\n","protected":false},"excerpt":{"rendered":"<p>Le Forum canadien sur la gouvernance d&#8217;Internet aura lieu en ligne les 24 et 25 novembre. Ordre du jour: Le mardi 24 novembre 13:00 \u2013 13:15 Mot de bienvenue: Nancy Carter 13:15 &#8211; 13:25 Salutations du FGI mondial et le Gouvernement du Canada 13:25 &#8211; 14:20 Structurer la conversation&nbsp;: \u00e9valuer les diff\u00e9rentesapproches \u00e0 la mod\u00e9ration [&hellip;]<\/p>\n","protected":false},"author":1,"featured_media":0,"parent":0,"menu_order":59,"comment_status":"closed","ping_status":"closed","template":"","meta":{"cybocfi_hide_featured_image":"","footnotes":""},"class_list":["post-2355","page","type-page","status-publish","hentry"],"_links":{"self":[{"href":"https:\/\/canadianigf.ca\/fr\/wp-json\/wp\/v2\/pages\/2355","targetHints":{"allow":["GET"]}}],"collection":[{"href":"https:\/\/canadianigf.ca\/fr\/wp-json\/wp\/v2\/pages"}],"about":[{"href":"https:\/\/canadianigf.ca\/fr\/wp-json\/wp\/v2\/types\/page"}],"author":[{"embeddable":true,"href":"https:\/\/canadianigf.ca\/fr\/wp-json\/wp\/v2\/users\/1"}],"replies":[{"embeddable":true,"href":"https:\/\/canadianigf.ca\/fr\/wp-json\/wp\/v2\/comments?post=2355"}],"version-history":[{"count":1,"href":"https:\/\/canadianigf.ca\/fr\/wp-json\/wp\/v2\/pages\/2355\/revisions"}],"predecessor-version":[{"id":2356,"href":"https:\/\/canadianigf.ca\/fr\/wp-json\/wp\/v2\/pages\/2355\/revisions\/2356"}],"wp:attachment":[{"href":"https:\/\/canadianigf.ca\/fr\/wp-json\/wp\/v2\/media?parent=2355"}],"curies":[{"name":"wp","href":"https:\/\/api.w.org\/{rel}","templated":true}]}}