{"id":2379,"date":"2021-06-14T07:07:00","date_gmt":"2021-06-14T12:07:00","guid":{"rendered":"https:\/\/canadianigf.ca\/?page_id=2379"},"modified":"2021-06-14T07:07:02","modified_gmt":"2021-06-14T12:07:02","slug":"laura-tribe","status":"publish","type":"page","link":"https:\/\/canadianigf.ca\/fr\/laura-tribe\/","title":{"rendered":"Laura Tribe"},"content":{"rendered":"\n<p>Conf\u00e9rencier:<br>Laura Tribe, OpenMedia<\/p>\n\n\n\n<figure class=\"wp-block-image\"><img fetchpriority=\"high\" decoding=\"async\" width=\"512\" height=\"512\" src=\"https:\/\/canadianigf.ca\/wp-content\/uploads\/2021\/06\/laura-tribe.jpg\" alt=\"\" class=\"wp-image-2369\" srcset=\"https:\/\/canadianigf.ca\/wp-content\/uploads\/2021\/06\/laura-tribe.jpg 512w, https:\/\/canadianigf.ca\/wp-content\/uploads\/2021\/06\/laura-tribe-150x150.jpg 150w, https:\/\/canadianigf.ca\/wp-content\/uploads\/2021\/06\/laura-tribe-300x300.jpg 300w, https:\/\/canadianigf.ca\/wp-content\/uploads\/2021\/06\/laura-tribe-100x100.jpg 100w\" sizes=\"(max-width: 512px) 100vw, 512px\" \/><\/figure>\n\n\n\n<p> Laura est directrice g\u00e9n\u00e9rale d\u2019OpenMedia, un organisme \u00e0 but non lucratif qui travaille \u00e0 maintenir l\u2019Internet ouvert, abordable et sans surveillance. Elle travaille avec OpenMedia depuis 2015 et dirigeait auparavant les campagnes et les activit\u00e9s de d\u00e9fense des int\u00e9r\u00eats de l\u2019organisation en mati\u00e8re de protection des renseignements personnels num\u00e9riques.  <\/p>\n\n\n\n<p> Avant de travailler avec OpenMedia, Laura a notamment travaill\u00e9 avec les Journalistes canadiens pour la libert\u00e9 d\u2019expression, l\u2019IFEX et diverses entreprises en d\u00e9marrage dans le secteur des technologies. Avec son exp\u00e9rience \u00e0 l\u2019intersection des droits de la personne et des technologies de l\u2019information et des communications, elle adore l\u2019Internet et est enthousiaste \u00e0 l\u2019id\u00e9e de battre pour ce qui en fait la grandeur.  <\/p>\n\n\n\n<p>Elle est titulaire d\u2019un baccalaur\u00e9at en m\u00e9dias, information et technoculture de l\u2019Universit\u00e9 Western et d\u2019une ma\u00eetrise en communications de l\u2019Universit\u00e9 Carleton. <\/p>\n","protected":false},"excerpt":{"rendered":"<p>Conf\u00e9rencier:Laura Tribe, OpenMedia Laura est directrice g\u00e9n\u00e9rale d\u2019OpenMedia, un organisme \u00e0 but non lucratif qui travaille \u00e0 maintenir l\u2019Internet ouvert, abordable et sans surveillance. Elle travaille avec OpenMedia depuis 2015 et dirigeait auparavant les campagnes et les activit\u00e9s de d\u00e9fense des int\u00e9r\u00eats de l\u2019organisation en mati\u00e8re de protection des renseignements personnels num\u00e9riques. Avant de travailler [&hellip;]<\/p>\n","protected":false},"author":1,"featured_media":0,"parent":0,"menu_order":56,"comment_status":"closed","ping_status":"closed","template":"","meta":{"cybocfi_hide_featured_image":"","footnotes":""},"class_list":["post-2379","page","type-page","status-publish","hentry"],"_links":{"self":[{"href":"https:\/\/canadianigf.ca\/fr\/wp-json\/wp\/v2\/pages\/2379","targetHints":{"allow":["GET"]}}],"collection":[{"href":"https:\/\/canadianigf.ca\/fr\/wp-json\/wp\/v2\/pages"}],"about":[{"href":"https:\/\/canadianigf.ca\/fr\/wp-json\/wp\/v2\/types\/page"}],"author":[{"embeddable":true,"href":"https:\/\/canadianigf.ca\/fr\/wp-json\/wp\/v2\/users\/1"}],"replies":[{"embeddable":true,"href":"https:\/\/canadianigf.ca\/fr\/wp-json\/wp\/v2\/comments?post=2379"}],"version-history":[{"count":1,"href":"https:\/\/canadianigf.ca\/fr\/wp-json\/wp\/v2\/pages\/2379\/revisions"}],"predecessor-version":[{"id":2380,"href":"https:\/\/canadianigf.ca\/fr\/wp-json\/wp\/v2\/pages\/2379\/revisions\/2380"}],"wp:attachment":[{"href":"https:\/\/canadianigf.ca\/fr\/wp-json\/wp\/v2\/media?parent=2379"}],"curies":[{"name":"wp","href":"https:\/\/api.w.org\/{rel}","templated":true}]}}