{"id":2381,"date":"2021-06-14T07:08:22","date_gmt":"2021-06-14T12:08:22","guid":{"rendered":"https:\/\/canadianigf.ca\/?page_id=2381"},"modified":"2021-06-15T08:58:29","modified_gmt":"2021-06-15T13:58:29","slug":"janet-yale","status":"publish","type":"page","link":"https:\/\/canadianigf.ca\/fr\/janet-yale\/","title":{"rendered":"Janet Yale"},"content":{"rendered":"\n<p>Conf\u00e9rencier:<br>Janet Yale, Soci\u00e9t\u00e9 Arthrite<\/p>\n\n\n\n<figure class=\"wp-block-image\"><img fetchpriority=\"high\" decoding=\"async\" width=\"512\" height=\"512\" src=\"https:\/\/canadianigf.ca\/wp-content\/uploads\/2021\/06\/janet-yale.jpg\" alt=\"\" class=\"wp-image-2373\" srcset=\"https:\/\/canadianigf.ca\/wp-content\/uploads\/2021\/06\/janet-yale.jpg 512w, https:\/\/canadianigf.ca\/wp-content\/uploads\/2021\/06\/janet-yale-150x150.jpg 150w, https:\/\/canadianigf.ca\/wp-content\/uploads\/2021\/06\/janet-yale-300x300.jpg 300w, https:\/\/canadianigf.ca\/wp-content\/uploads\/2021\/06\/janet-yale-100x100.jpg 100w\" sizes=\"(max-width: 512px) 100vw, 512px\" \/><\/figure>\n\n\n\n<p> Janet Yale est pr\u00e9sidente et chef de la direction de la Soci\u00e9t\u00e9 Arthrite. Auparavant, elle a occup\u00e9 le poste de vice-pr\u00e9sidente \u00e0 la direction chez TELUS, celui de pr\u00e9sidente et chef de la direction de l\u2019Association canadienne de t\u00e9l\u00e9vision par c\u00e2ble, ainsi que d\u2019autres postes au sein de la haute direction dans des organismes priv\u00e9s, publics et sans but lucratif.  Elle a \u00e9galement agi en tant que directrice g\u00e9n\u00e9rale au CRTC et en tant qu\u2019avocate g\u00e9n\u00e9rale aupr\u00e8s de l\u2019Association des consommateurs du Canada. <\/p>\n\n\n\n<p> En juin&nbsp;2018, elle a \u00e9t\u00e9 affect\u00e9e par les ministres f\u00e9d\u00e9raux de l\u2019Innovation, des Sciences et du D\u00e9veloppement \u00e9conomique et du Patrimoine canadien au poste de pr\u00e9sidente du Groupe d\u2019examen du cadre l\u00e9gislatif en mati\u00e8re de radiodiffusion et de t\u00e9l\u00e9communications. Elle est r\u00e9cipiendaire des M\u00e9dailles du jubil\u00e9 d\u2019or et du jubil\u00e9 de diamant de la reine Elizabeth&nbsp;II et a \u00e9t\u00e9 nomm\u00e9e Femme d\u2019affaires de l\u2019ann\u00e9e par le R\u00e9seau des femmes ex\u00e9cutives en 2007, entre autres r\u00e9alisations.  <\/p>\n\n\n\n<p>Elle est une fervente coureuse de marathon passionn\u00e9e par la sant\u00e9, les arts et les affaires.<\/p>\n","protected":false},"excerpt":{"rendered":"<p>Conf\u00e9rencier:Janet Yale, Soci\u00e9t\u00e9 Arthrite Janet Yale est pr\u00e9sidente et chef de la direction de la Soci\u00e9t\u00e9 Arthrite. Auparavant, elle a occup\u00e9 le poste de vice-pr\u00e9sidente \u00e0 la direction chez TELUS, celui de pr\u00e9sidente et chef de la direction de l\u2019Association canadienne de t\u00e9l\u00e9vision par c\u00e2ble, ainsi que d\u2019autres postes au sein de la haute direction [&hellip;]<\/p>\n","protected":false},"author":1,"featured_media":0,"parent":0,"menu_order":54,"comment_status":"closed","ping_status":"closed","template":"","meta":{"cybocfi_hide_featured_image":"","footnotes":""},"class_list":["post-2381","page","type-page","status-publish","hentry"],"_links":{"self":[{"href":"https:\/\/canadianigf.ca\/fr\/wp-json\/wp\/v2\/pages\/2381","targetHints":{"allow":["GET"]}}],"collection":[{"href":"https:\/\/canadianigf.ca\/fr\/wp-json\/wp\/v2\/pages"}],"about":[{"href":"https:\/\/canadianigf.ca\/fr\/wp-json\/wp\/v2\/types\/page"}],"author":[{"embeddable":true,"href":"https:\/\/canadianigf.ca\/fr\/wp-json\/wp\/v2\/users\/1"}],"replies":[{"embeddable":true,"href":"https:\/\/canadianigf.ca\/fr\/wp-json\/wp\/v2\/comments?post=2381"}],"version-history":[{"count":2,"href":"https:\/\/canadianigf.ca\/fr\/wp-json\/wp\/v2\/pages\/2381\/revisions"}],"predecessor-version":[{"id":2430,"href":"https:\/\/canadianigf.ca\/fr\/wp-json\/wp\/v2\/pages\/2381\/revisions\/2430"}],"wp:attachment":[{"href":"https:\/\/canadianigf.ca\/fr\/wp-json\/wp\/v2\/media?parent=2381"}],"curies":[{"name":"wp","href":"https:\/\/api.w.org\/{rel}","templated":true}]}}