{"id":2436,"date":"2021-06-15T10:47:22","date_gmt":"2021-06-15T15:47:22","guid":{"rendered":"https:\/\/canadianigf.ca\/?page_id=2436"},"modified":"2021-06-15T10:53:52","modified_gmt":"2021-06-15T15:53:52","slug":"byron-holland","status":"publish","type":"page","link":"https:\/\/canadianigf.ca\/fr\/byron-holland\/","title":{"rendered":"Byron Holland"},"content":{"rendered":"\n<figure class=\"wp-block-image\"><img fetchpriority=\"high\" decoding=\"async\" width=\"449\" height=\"598\" src=\"https:\/\/canadianigf.ca\/wp-content\/uploads\/2021\/06\/byron-holland.jpg\" alt=\"\" class=\"wp-image-2441\" srcset=\"https:\/\/canadianigf.ca\/wp-content\/uploads\/2021\/06\/byron-holland.jpg 449w, https:\/\/canadianigf.ca\/wp-content\/uploads\/2021\/06\/byron-holland-225x300.jpg 225w\" sizes=\"(max-width: 449px) 100vw, 449px\" \/><\/figure>\n\n\n\n<p>Byron Holland (MBA, ICD.D) est pr\u00e9sident et chef de la direction de l&#8217;Autorit\u00e9 canadienne pour les enregistrements Internet (CIRA), l&#8217;organisme national \u00e0 but non lucratif mieux connu pour sa gestion du domaine .CA et pour l&#8217;\u00e9laboration de nouveaux services de cybers\u00e9curit\u00e9, de registre et de DNS. <\/p>\n\n\n\n<p>Byron est un expert de la gouvernance de l&#8217;Internet et un entrepreneur aguerri. Sous l\u2019\u00e9gide de Byron, CIRA est devenue un des principaux ccTLD au monde en g\u00e9rant plus de 3 millions de domaines. Au cours de la derni\u00e8re d\u00e9cennie, il a repr\u00e9sent\u00e9 CIRA \u00e0 l&#8217;\u00e9chelle internationale et occup\u00e9 de nombreux postes de dirigeant au sein de l\u2019ICANN. Il si\u00e8ge pr\u00e9sentement sur le conseil d&#8217;administration de TORIX en plus d\u2019\u00eatre membre du comit\u00e9 des mises en candidature de l\u2019ARIN. <\/p>\n\n\n\n<p>Il habite \u00e0 Ottawa en compagnie de son \u00e9pouse, de leurs deux fils et de Marley, leur berger australien. <\/p>\n\n\n\n<p>Vous pouvez parcourir le dernier commentaire de Byron en cliquant<a href=\"https:\/\/www.cira.ca\/ceos-blog\"> ici<\/a>. <\/p>\n","protected":false},"excerpt":{"rendered":"<p>Byron Holland (MBA, ICD.D) est pr\u00e9sident et chef de la direction de l&#8217;Autorit\u00e9 canadienne pour les enregistrements Internet (CIRA), l&#8217;organisme national \u00e0 but non lucratif mieux connu pour sa gestion du domaine .CA et pour l&#8217;\u00e9laboration de nouveaux services de cybers\u00e9curit\u00e9, de registre et de DNS. Byron est un expert de la gouvernance de l&#8217;Internet [&hellip;]<\/p>\n","protected":false},"author":1,"featured_media":0,"parent":0,"menu_order":54,"comment_status":"closed","ping_status":"closed","template":"","meta":{"cybocfi_hide_featured_image":"","footnotes":""},"class_list":["post-2436","page","type-page","status-publish","hentry"],"_links":{"self":[{"href":"https:\/\/canadianigf.ca\/fr\/wp-json\/wp\/v2\/pages\/2436","targetHints":{"allow":["GET"]}}],"collection":[{"href":"https:\/\/canadianigf.ca\/fr\/wp-json\/wp\/v2\/pages"}],"about":[{"href":"https:\/\/canadianigf.ca\/fr\/wp-json\/wp\/v2\/types\/page"}],"author":[{"embeddable":true,"href":"https:\/\/canadianigf.ca\/fr\/wp-json\/wp\/v2\/users\/1"}],"replies":[{"embeddable":true,"href":"https:\/\/canadianigf.ca\/fr\/wp-json\/wp\/v2\/comments?post=2436"}],"version-history":[{"count":3,"href":"https:\/\/canadianigf.ca\/fr\/wp-json\/wp\/v2\/pages\/2436\/revisions"}],"predecessor-version":[{"id":2450,"href":"https:\/\/canadianigf.ca\/fr\/wp-json\/wp\/v2\/pages\/2436\/revisions\/2450"}],"wp:attachment":[{"href":"https:\/\/canadianigf.ca\/fr\/wp-json\/wp\/v2\/media?parent=2436"}],"curies":[{"name":"wp","href":"https:\/\/api.w.org\/{rel}","templated":true}]}}