{"id":427,"date":"2018-12-17T14:31:24","date_gmt":"2018-12-17T19:31:24","guid":{"rendered":"https:\/\/canadianigf.ca\/?page_id=427"},"modified":"2024-05-07T09:53:53","modified_gmt":"2024-05-07T14:53:53","slug":"nous-joindre","status":"publish","type":"page","link":"https:\/\/canadianigf.ca\/fr\/a-notre-sujet\/nous-joindre\/","title":{"rendered":"Nous contacter"},"content":{"rendered":"\t\t<div data-elementor-type=\"wp-post\" data-elementor-id=\"427\" class=\"elementor elementor-427 elementor-14\" data-elementor-post-type=\"page\">\n\t\t\t\t\t\t<section class=\"elementor-section elementor-top-section elementor-element elementor-element-c9f477a elementor-section-boxed elementor-section-height-default elementor-section-height-default\" data-id=\"c9f477a\" data-element_type=\"section\">\n\t\t\t\t\t\t<div class=\"elementor-container elementor-column-gap-default\">\n\t\t\t\t\t<div class=\"elementor-column elementor-col-100 elementor-top-column elementor-element elementor-element-e0bb0f8\" data-id=\"e0bb0f8\" data-element_type=\"column\">\n\t\t\t<div class=\"elementor-widget-wrap elementor-element-populated\">\n\t\t\t\t\t\t<div class=\"elementor-element elementor-element-800ef75 divider-yes aleft elementor-widget elementor-widget-wgl-double-heading\" data-id=\"800ef75\" data-element_type=\"widget\" data-widget_type=\"wgl-double-heading.default\">\n\t\t\t\t<div class=\"elementor-widget-container\">\n\t\t\t<div class=\"wgl-double-heading\"><div class=\"dblh__subtitle\">Nous sommes ravis de vous entendre<\/div><div class=\"dblh__wrapper\"><h3 class=\"dblh__title-wrapper\"><span class=\"dblh__title dblh__title-1\">Contactez nous<\/span><\/h3><\/div><\/div>\t\t<\/div>\n\t\t\t\t<\/div>\n\t\t\t\t\t<\/div>\n\t\t<\/div>\n\t\t\t\t\t<\/div>\n\t\t<\/section>\n\t\t\t\t<section class=\"elementor-section elementor-top-section elementor-element elementor-element-6944fe9 elementor-section-boxed elementor-section-height-default elementor-section-height-default\" data-id=\"6944fe9\" data-element_type=\"section\">\n\t\t\t\t\t\t<div class=\"elementor-container elementor-column-gap-default\">\n\t\t\t\t\t<div class=\"elementor-column elementor-col-50 elementor-top-column elementor-element elementor-element-0dca178\" data-id=\"0dca178\" data-element_type=\"column\" data-settings=\"{&quot;background_background&quot;:&quot;classic&quot;}\">\n\t\t\t<div class=\"elementor-widget-wrap elementor-element-populated\">\n\t\t\t\t\t\t<div class=\"elementor-element elementor-element-64de9a0 elementor-widget__width-inherit aleft elementor-widget elementor-widget-wgl-info-box\" data-id=\"64de9a0\" data-element_type=\"widget\" data-widget_type=\"wgl-info-box.default\">\n\t\t\t\t<div class=\"elementor-widget-container\">\n\t\t\t<div class=\"wgl-infobox\"><div class=\"wgl-infobox_wrapper\"><div class=\"content_wrapper\"><div class=\"wgl-infobox-title_wrapper\"><h3 class=\"wgl-infobox_title\"><span class=\"wgl-infobox_title-idle\">Location<\/span><\/h3><\/div><div class=\"wgl-infobox_content\"><p>Ottawa, Canada<\/p><\/div><\/div><\/div><\/div>\t\t<\/div>\n\t\t\t\t<\/div>\n\t\t\t\t<div class=\"elementor-element elementor-element-a047ff9 elementor-widget__width-inherit aleft elementor-widget elementor-widget-wgl-info-box\" data-id=\"a047ff9\" data-element_type=\"widget\" data-widget_type=\"wgl-info-box.default\">\n\t\t\t\t<div class=\"elementor-widget-container\">\n\t\t\t<div class=\"wgl-infobox\"><div class=\"wgl-infobox_wrapper\"><div class=\"content_wrapper\"><div class=\"wgl-infobox-title_wrapper\"><h3 class=\"wgl-infobox_title\"><span class=\"wgl-infobox_title-idle\">Contactes<\/span><\/h3><\/div><div class=\"wgl-infobox_content\"><p><span>info@canadianigf.ca<\/span><\/p><\/div><\/div><\/div><\/div>\t\t<\/div>\n\t\t\t\t<\/div>\n\t\t\t\t<div class=\"elementor-element elementor-element-fc69427 elementor-widget__width-inherit aleft elementor-widget elementor-widget-wgl-info-box\" data-id=\"fc69427\" data-element_type=\"widget\" data-widget_type=\"wgl-info-box.default\">\n\t\t\t\t<div class=\"elementor-widget-container\">\n\t\t\t<div class=\"wgl-infobox\"><div class=\"wgl-infobox_wrapper\"><div class=\"content_wrapper\"><div class=\"wgl-infobox-title_wrapper\"><h3 class=\"wgl-infobox_title\"><span class=\"wgl-infobox_title-idle\">Suivez nous<\/span><\/h3><\/div><\/div><\/div><\/div>\t\t<\/div>\n\t\t\t\t<\/div>\n\t\t\t\t<div class=\"elementor-element elementor-element-783c4a4 elementor-shape-rounded elementor-widget elementor-widget-wgl-social-icons\" data-id=\"783c4a4\" data-element_type=\"widget\" data-widget_type=\"wgl-social-icons.default\">\n\t\t\t\t<div class=\"elementor-widget-container\">\n\t\t\t<div class=\"wgl-social-icons elementor-social-icons-wrapper\"><a class=\"elementor-icon elementor-social-icon elementor-social-icon-x-twitter elementor-repeater-item-d97742a\" href=\"https:\/\/twitter.com\/canadianigf\" target=\"_blank\" title=\"X\"><span class=\"elementor-screen-only\">X-twitter<\/span><i class=\"fab fa-x-twitter\"><\/i><\/a><a class=\"elementor-icon elementor-social-icon elementor-social-icon-linkedin-in elementor-repeater-item-a8f40d1\" href=\"http:\/\/linkedin.com\/company\/canadian-internet-governance-forum\/\" target=\"_blank\" title=\"LinkedIn\"><span class=\"elementor-screen-only\">Linkedin-in<\/span><i class=\"fab fa-linkedin-in\"><\/i><\/a><a class=\"elementor-icon elementor-social-icon elementor-social-icon-facebook-f elementor-repeater-item-ff4646d\" href=\"https:\/\/www.facebook.com\/CanadianIGF\/\" target=\"_blank\" title=\"Facebook\"><span class=\"elementor-screen-only\">Facebook-f<\/span><i class=\"fab fa-facebook-f\"><\/i><\/a><\/div>\t\t<\/div>\n\t\t\t\t<\/div>\n\t\t\t\t\t<\/div>\n\t\t<\/div>\n\t\t\t\t<div class=\"elementor-column elementor-col-50 elementor-top-column elementor-element elementor-element-89a75c1\" data-id=\"89a75c1\" data-element_type=\"column\">\n\t\t\t<div class=\"elementor-widget-wrap elementor-element-populated\">\n\t\t\t\t\t\t<div class=\"elementor-element elementor-element-2715e5a elementor-widget elementor-widget-text-editor\" data-id=\"2715e5a\" data-element_type=\"widget\" data-widget_type=\"text-editor.default\">\n\t\t\t\t<div class=\"elementor-widget-container\">\n\t\t\t\t\t\t\t<p>Au FCGI, nous voulons fournir \u00e0 la communaut\u00e9 canadienne de l\u2019internet des moyens de s\u2019engager en ce qui concerne les derni\u00e8res tendances en mati\u00e8re de politique num\u00e9rique et de gouvernance de l\u2019internet.<\/p><p>Vous voulez en savoir plus sur ce que nous faisons? Vous voulez rester au courant des activit\u00e9s du FCGI? Avez-vous des commentaires? Une suggestion de sujet ou une question? Communiquez avec nous<\/p>\t\t\t\t\t\t<\/div>\n\t\t\t\t<\/div>\n\t\t\t\t<div class=\"elementor-element elementor-element-cde436c elementor-button-align-start elementor-widget elementor-widget-form\" data-id=\"cde436c\" data-element_type=\"widget\" data-settings=\"{&quot;step_next_label&quot;:&quot;Next&quot;,&quot;step_previous_label&quot;:&quot;Previous&quot;,&quot;button_width&quot;:&quot;100&quot;,&quot;step_type&quot;:&quot;number_text&quot;,&quot;step_icon_shape&quot;:&quot;circle&quot;}\" data-widget_type=\"form.default\">\n\t\t\t\t<div class=\"elementor-widget-container\">\n\t\t\t\t\t<form class=\"elementor-form\" method=\"post\" name=\"New Form\">\n\t\t\t<input type=\"hidden\" name=\"post_id\" value=\"427\"\/>\n\t\t\t<input type=\"hidden\" name=\"form_id\" value=\"cde436c\"\/>\n\t\t\t<input type=\"hidden\" name=\"referer_title\" value=\"Canadian IGF\" \/>\n\n\t\t\t\n\t\t\t<div class=\"elementor-form-fields-wrapper elementor-labels-above\">\n\t\t\t\t\t\t\t\t<div class=\"elementor-field-type-text elementor-field-group elementor-column elementor-field-group-name elementor-col-100\">\n\t\t\t\t\t\t\t\t\t\t\t\t<label for=\"form-field-name\" class=\"elementor-field-label\">\n\t\t\t\t\t\t\t\tNom\t\t\t\t\t\t\t<\/label>\n\t\t\t\t\t\t\t\t\t\t\t\t\t\t<input size=\"1\" type=\"text\" name=\"form_fields[name]\" id=\"form-field-name\" class=\"elementor-field elementor-size-sm  elementor-field-textual\">\n\t\t\t\t\t\t\t\t\t\t\t<\/div>\n\t\t\t\t\t\t\t\t<div class=\"elementor-field-type-email elementor-field-group elementor-column elementor-field-group-email elementor-col-100 elementor-field-required\">\n\t\t\t\t\t\t\t\t\t\t\t\t<label for=\"form-field-email\" class=\"elementor-field-label\">\n\t\t\t\t\t\t\t\tCourriel\t\t\t\t\t\t\t<\/label>\n\t\t\t\t\t\t\t\t\t\t\t\t\t\t<input size=\"1\" type=\"email\" name=\"form_fields[email]\" id=\"form-field-email\" class=\"elementor-field elementor-size-sm  elementor-field-textual\" required=\"required\" aria-required=\"true\">\n\t\t\t\t\t\t\t\t\t\t\t<\/div>\n\t\t\t\t\t\t\t\t<div class=\"elementor-field-type-select elementor-field-group elementor-column elementor-field-group-field_c7f3707 elementor-col-100\">\n\t\t\t\t\t\t\t\t\t\t\t\t<label for=\"form-field-field_c7f3707\" class=\"elementor-field-label\">\n\t\t\t\t\t\t\t\tRaisons de contact\t\t\t\t\t\t\t<\/label>\n\t\t\t\t\t\t\t\t<div class=\"elementor-field elementor-select-wrapper remove-before \">\n\t\t\t<div class=\"select-caret-down-wrapper\">\n\t\t\t\t<i aria-hidden=\"true\" class=\"eicon-caret-down\"><\/i>\t\t\t<\/div>\n\t\t\t<select name=\"form_fields[field_c7f3707]\" id=\"form-field-field_c7f3707\" class=\"elementor-field-textual elementor-size-sm\">\n\t\t\t\t\t\t\t\t\t<option value=\"A) Je veux en savoir plus sur le FCGI\">A) Je veux en savoir plus sur le FCGI<\/option>\n\t\t\t\t\t\t\t\t\t<option value=\"B) J&#039;ai quelques remarques \u00e0 vous faire\">B) J&#039;ai quelques remarques \u00e0 vous faire<\/option>\n\t\t\t\t\t\t\t\t\t<option value=\"C) J&#039;ai une question\">C) J&#039;ai une question<\/option>\n\t\t\t\t\t\t\t\t\t<option value=\"D) Soumettre un th\u00e8me \u00e0 FCGI\">D) Soumettre un th\u00e8me \u00e0 FCGI<\/option>\n\t\t\t\t\t\t\t<\/select>\n\t\t<\/div>\n\t\t\t\t\t\t<\/div>\n\t\t\t\t\t\t\t\t<div class=\"elementor-field-type-textarea elementor-field-group elementor-column elementor-field-group-message elementor-col-100\">\n\t\t\t\t\t\t\t\t\t\t\t\t<label for=\"form-field-message\" class=\"elementor-field-label\">\n\t\t\t\t\t\t\t\tMessage\t\t\t\t\t\t\t<\/label>\n\t\t\t\t\t\t<textarea class=\"elementor-field-textual elementor-field  elementor-size-sm\" name=\"form_fields[message]\" id=\"form-field-message\" rows=\"4\"><\/textarea>\t\t\t\t<\/div>\n\t\t\t\t\t\t\t\t<div class=\"elementor-field-group elementor-column elementor-field-type-submit elementor-col-100 e-form__buttons\">\n\t\t\t\t\t<button class=\"elementor-button elementor-size-sm\" type=\"submit\">\n\t\t\t\t\t\t<span class=\"elementor-button-content-wrapper\">\n\t\t\t\t\t\t\t\t\t\t\t\t\t\t\t\t\t\t\t\t\t\t<span class=\"elementor-button-text\">Soumettre<\/span>\n\t\t\t\t\t\t\t\t\t\t\t\t\t<\/span>\n\t\t\t\t\t<\/button>\n\t\t\t\t<\/div>\n\t\t\t<\/div>\n\t\t<\/form>\n\t\t\t\t<\/div>\n\t\t\t\t<\/div>\n\t\t\t\t\t<\/div>\n\t\t<\/div>\n\t\t\t\t\t<\/div>\n\t\t<\/section>\n\t\t\t\t<\/div>\n\t\t","protected":false},"excerpt":{"rendered":"<p>Nous sommes ravis de vous entendre Contactez nous Location Ottawa, Canada Contactes info@canadianigf.ca Suivez nous X-twitterLinkedin-inFacebook-f Au FCGI, nous voulons fournir \u00e0 la communaut\u00e9 canadienne de l\u2019internet des moyens de s\u2019engager en ce qui concerne les derni\u00e8res tendances en mati\u00e8re de politique num\u00e9rique et de gouvernance de l\u2019internet. Vous voulez en savoir plus sur ce [&hellip;]<\/p>\n","protected":false},"author":1,"featured_media":0,"parent":429,"menu_order":148,"comment_status":"closed","ping_status":"closed","template":"","meta":{"cybocfi_hide_featured_image":"","footnotes":""},"class_list":["post-427","page","type-page","status-publish","hentry"],"_links":{"self":[{"href":"https:\/\/canadianigf.ca\/fr\/wp-json\/wp\/v2\/pages\/427","targetHints":{"allow":["GET"]}}],"collection":[{"href":"https:\/\/canadianigf.ca\/fr\/wp-json\/wp\/v2\/pages"}],"about":[{"href":"https:\/\/canadianigf.ca\/fr\/wp-json\/wp\/v2\/types\/page"}],"author":[{"embeddable":true,"href":"https:\/\/canadianigf.ca\/fr\/wp-json\/wp\/v2\/users\/1"}],"replies":[{"embeddable":true,"href":"https:\/\/canadianigf.ca\/fr\/wp-json\/wp\/v2\/comments?post=427"}],"version-history":[{"count":21,"href":"https:\/\/canadianigf.ca\/fr\/wp-json\/wp\/v2\/pages\/427\/revisions"}],"predecessor-version":[{"id":7282,"href":"https:\/\/canadianigf.ca\/fr\/wp-json\/wp\/v2\/pages\/427\/revisions\/7282"}],"up":[{"embeddable":true,"href":"https:\/\/canadianigf.ca\/fr\/wp-json\/wp\/v2\/pages\/429"}],"wp:attachment":[{"href":"https:\/\/canadianigf.ca\/fr\/wp-json\/wp\/v2\/media?parent=427"}],"curies":[{"name":"wp","href":"https:\/\/api.w.org\/{rel}","templated":true}]}}