{"id":429,"date":"2018-12-17T14:32:27","date_gmt":"2018-12-17T19:32:27","guid":{"rendered":"https:\/\/canadianigf.ca\/?page_id=429"},"modified":"2024-05-07T09:53:20","modified_gmt":"2024-05-07T14:53:20","slug":"a-notre-sujet","status":"publish","type":"page","link":"https:\/\/canadianigf.ca\/fr\/a-notre-sujet\/","title":{"rendered":"\u00c0 notre sujet"},"content":{"rendered":"\t\t<div data-elementor-type=\"wp-post\" data-elementor-id=\"429\" class=\"elementor elementor-429 elementor-177\" data-elementor-post-type=\"page\">\n\t\t\t\t\t\t<section class=\"elementor-section elementor-top-section elementor-element elementor-element-e5c4484 elementor-section-boxed elementor-section-height-default elementor-section-height-default\" data-id=\"e5c4484\" data-element_type=\"section\">\n\t\t\t\t\t\t<div class=\"elementor-container elementor-column-gap-default\">\n\t\t\t\t\t<div class=\"elementor-column elementor-col-50 elementor-top-column elementor-element elementor-element-bcfbe81 sticky-sidebar\" data-id=\"bcfbe81\" data-element_type=\"column\">\n\t\t\t<div class=\"elementor-widget-wrap elementor-element-populated\">\n\t\t\t\t\t\t<div class=\"elementor-element elementor-element-f6a9295 aleft elementor-widget elementor-widget-wgl-double-heading\" data-id=\"f6a9295\" data-element_type=\"widget\" data-widget_type=\"wgl-double-heading.default\">\n\t\t\t\t<div class=\"elementor-widget-container\">\n\t\t\t<div class=\"wgl-double-heading\"><div class=\"dblh__subtitle\">Notre histoire<\/div><div class=\"dblh__wrapper\"><h3 class=\"dblh__title-wrapper\"><span class=\"dblh__title dblh__title-1\">le FCGI<\/span><\/h3><\/div><\/div>\t\t<\/div>\n\t\t\t\t<\/div>\n\t\t\t\t<div class=\"elementor-element elementor-element-99d5c1a aleft elementor-widget-icon-box wgl-icon-box elementor-widget elementor-widget-wgl-button\" data-id=\"99d5c1a\" data-element_type=\"widget\" data-widget_type=\"wgl-button.default\">\n\t\t\t\t<div class=\"elementor-widget-container\">\n\t\t\t<a class=\"wgl-button btn-size-lg \" role=\"button\" href=\"https:\/\/canadianigf.ca\/fr\/ordre-du-jour-2\/\"><div class=\"button__content align-icon-left\"><div class=\"media-wrapper icon-wrapper\"><span class=\"wgl-icon\" ><i class=\"icon elementor-icon flaticon-right\" aria-hidden=\"true\"><\/i><\/span><\/div><span class=\"button__text\">Prochaine FCGI <\/span><\/div><\/a>\t\t<\/div>\n\t\t\t\t<\/div>\n\t\t\t\t\t<\/div>\n\t\t<\/div>\n\t\t\t\t<div class=\"elementor-column elementor-col-50 elementor-top-column elementor-element elementor-element-e1937f1\" data-id=\"e1937f1\" data-element_type=\"column\">\n\t\t\t<div class=\"elementor-widget-wrap elementor-element-populated\">\n\t\t\t\t\t\t<div class=\"elementor-element elementor-element-271fc0b aleft elementor-widget elementor-widget-wgl-info-box\" data-id=\"271fc0b\" data-element_type=\"widget\" data-widget_type=\"wgl-info-box.default\">\n\t\t\t\t<div class=\"elementor-widget-container\">\n\t\t\t<div class=\"wgl-infobox\"><div class=\"wgl-infobox_wrapper\"><div class=\"content_wrapper\"><div class=\"wgl-infobox-title_wrapper\"><h3 class=\"wgl-infobox_title\"><span class=\"wgl-infobox_title-idle\">Le d\u00e9but<\/span><\/h3><\/div><div class=\"wgl-infobox_content\"><p>Depuis 2019, le FCGI convoque diversifi\u00e9 d\u2019intervenants des gouvernements, de la soci\u00e9t\u00e9 civile, du secteur priv\u00e9,\u00a0 du milieu univiersitaire et de la commaunaut\u00e9 technique pour discuter des questions urgentes propres aux politiques d'internet.<\/p>\n<p><!-- \/wp:paragraph --><!-- wp:paragraph --><\/p>\n<p>Le format du FCGI a chang\u00e9 pendant les ann\u00e9es, mais une chose reste: nous fournissons l'opportunit\u00e9 aux parties prenantes canadien.ne.s pour discuter les probl\u00e8mes urgentes des politiques d'internet.<\/p><\/div><\/div><\/div><\/div>\t\t<\/div>\n\t\t\t\t<\/div>\n\t\t\t\t<div class=\"elementor-element elementor-element-12ddfda aleft elementor-widget elementor-widget-wgl-info-box\" data-id=\"12ddfda\" data-element_type=\"widget\" data-widget_type=\"wgl-info-box.default\">\n\t\t\t\t<div class=\"elementor-widget-container\">\n\t\t\t<div class=\"wgl-infobox\"><div class=\"wgl-infobox_wrapper\"><div class=\"content_wrapper\"><div class=\"wgl-infobox-title_wrapper\"><h3 class=\"wgl-infobox_title\"><span class=\"wgl-infobox_title-idle\">\u00e9largir les horizons <\/span><\/h3><\/div><div class=\"wgl-infobox_content\"><p>En 2023, nous convoquions le premier FCGI hybride apr\u00e8s trois ans des \u00e9v\u00e9nements virtuels.\u00a0<em><strong>FCGI 2023: L'avenir que nous voulons <\/strong><\/em>avaient les discussions sur l'avenir des politiques de communications canadiennes et la gouvernance de l'internet, les ethiques et r\u00e9gl\u00e9mentaires de l'IA, et les priorit\u00e9s canadiens des politiques num\u00e9riques au niveau international.\u00a0<\/p><\/div><\/div><\/div><\/div>\t\t<\/div>\n\t\t\t\t<\/div>\n\t\t\t\t<div class=\"elementor-element elementor-element-cd8a07f aleft elementor-widget elementor-widget-wgl-info-box\" data-id=\"cd8a07f\" data-element_type=\"widget\" data-widget_type=\"wgl-info-box.default\">\n\t\t\t\t<div class=\"elementor-widget-container\">\n\t\t\t<div class=\"wgl-infobox\"><div class=\"wgl-infobox_wrapper\"><div class=\"content_wrapper\"><div class=\"wgl-infobox-title_wrapper\"><h3 class=\"wgl-infobox_title\"><span class=\"wgl-infobox_title-idle\">Les th\u00e8mes discut\u00e9<\/span><\/h3><\/div><div class=\"wgl-infobox_content\"><p>Depuis 2019, le FCGI discute de divers sujets, comme les villes intelligentes, l'internet des objets (IdO), les sanctions, les fissures d'internet, les politiques num\u00e9riques de M. Trudeau, la mod\u00e9ration de contenu, l'IA et plus. Les rapports cr\u00e9es apr\u00e8s chaque \u00e9v\u00e9nement sont utilis\u00e9 pour repr\u00e9senter les priorit\u00e9s des intervenants canadien.ne.s mondiale et entre les d\u00e9cideurs domestiques.\u00a0<\/p><\/div><\/div><\/div><\/div>\t\t<\/div>\n\t\t\t\t<\/div>\n\t\t\t\t\t<\/div>\n\t\t<\/div>\n\t\t\t\t\t<\/div>\n\t\t<\/section>\n\t\t\t\t<section class=\"elementor-section elementor-top-section elementor-element elementor-element-442ded3 elementor-section-boxed elementor-section-height-default elementor-section-height-default\" data-id=\"442ded3\" data-element_type=\"section\">\n\t\t\t\t\t\t<div class=\"elementor-container elementor-column-gap-default\">\n\t\t\t\t\t<div class=\"elementor-column elementor-col-100 elementor-top-column elementor-element elementor-element-0e19417\" data-id=\"0e19417\" data-element_type=\"column\">\n\t\t\t<div class=\"elementor-widget-wrap elementor-element-populated\">\n\t\t\t\t\t\t<div class=\"elementor-element elementor-element-1518ecb elementor-widget-divider--view-line elementor-widget elementor-widget-divider\" data-id=\"1518ecb\" data-element_type=\"widget\" data-widget_type=\"divider.default\">\n\t\t\t\t<div class=\"elementor-widget-container\">\n\t\t\t\t\t<div class=\"elementor-divider\">\n\t\t\t<span class=\"elementor-divider-separator\">\n\t\t\t\t\t\t<\/span>\n\t\t<\/div>\n\t\t\t\t<\/div>\n\t\t\t\t<\/div>\n\t\t\t\t\t<\/div>\n\t\t<\/div>\n\t\t\t\t\t<\/div>\n\t\t<\/section>\n\t\t\t\t<section class=\"elementor-section elementor-top-section elementor-element elementor-element-02b3f1e elementor-section-boxed elementor-section-height-default elementor-section-height-default\" data-id=\"02b3f1e\" data-element_type=\"section\">\n\t\t\t\t\t\t<div class=\"elementor-container elementor-column-gap-default\">\n\t\t\t\t\t<div class=\"elementor-column elementor-col-100 elementor-top-column elementor-element elementor-element-a7d2c28\" data-id=\"a7d2c28\" data-element_type=\"column\">\n\t\t\t<div class=\"elementor-widget-wrap elementor-element-populated\">\n\t\t\t\t\t\t<div class=\"elementor-element elementor-element-0379e34 aleft elementor-widget elementor-widget-wgl-background-clip-text\" data-id=\"0379e34\" data-element_type=\"widget\" data-widget_type=\"wgl-background-clip-text.default\">\n\t\t\t\t<div class=\"elementor-widget-container\">\n\t\t\t<div class=\"wgl-background-clip-text\"><h3 class=\"clip-text__title\">Pr\u00e9sence mondiale<\/h3><\/div>\t\t<\/div>\n\t\t\t\t<\/div>\n\t\t\t\t\t<\/div>\n\t\t<\/div>\n\t\t\t\t\t<\/div>\n\t\t<\/section>\n\t\t\t\t<section class=\"elementor-section elementor-top-section elementor-element elementor-element-d869619 elementor-section-boxed elementor-section-height-default elementor-section-height-default\" data-id=\"d869619\" data-element_type=\"section\">\n\t\t\t\t\t\t<div class=\"elementor-container elementor-column-gap-default\">\n\t\t\t\t\t<div class=\"elementor-column elementor-col-50 elementor-top-column elementor-element elementor-element-f9dc42d sticky-sidebar\" data-id=\"f9dc42d\" data-element_type=\"column\">\n\t\t\t<div class=\"elementor-widget-wrap elementor-element-populated\">\n\t\t\t\t\t\t<div class=\"elementor-element elementor-element-c164178 aleft elementor-widget elementor-widget-wgl-double-heading\" data-id=\"c164178\" data-element_type=\"widget\" data-widget_type=\"wgl-double-heading.default\">\n\t\t\t\t<div class=\"elementor-widget-container\">\n\t\t\t<div class=\"wgl-double-heading\"><div class=\"dblh__subtitle\">Au sujet<\/div><div class=\"dblh__wrapper\"><h3 class=\"dblh__title-wrapper\"><span class=\"dblh__title dblh__title-1\">\u00c0 propos du FGI mondial<\/span><\/h3><\/div><\/div>\t\t<\/div>\n\t\t\t\t<\/div>\n\t\t\t\t<div class=\"elementor-element elementor-element-704d178 aleft elementor-widget-icon-box wgl-icon-box elementor-widget elementor-widget-wgl-button\" data-id=\"704d178\" data-element_type=\"widget\" data-widget_type=\"wgl-button.default\">\n\t\t\t\t<div class=\"elementor-widget-container\">\n\t\t\t<a class=\"wgl-button btn-size-lg \" role=\"button\" href=\"https:\/\/www.intgovforum.org\/multilingual\/tags\/about\" target=\"_blank\"><div class=\"button__content align-icon-left\"><div class=\"media-wrapper icon-wrapper\"><span class=\"wgl-icon\" ><i class=\"icon elementor-icon flaticon-right\" aria-hidden=\"true\"><\/i><\/span><\/div><span class=\"button__text\">IGF<\/span><\/div><\/a>\t\t<\/div>\n\t\t\t\t<\/div>\n\t\t\t\t\t<\/div>\n\t\t<\/div>\n\t\t\t\t<div class=\"elementor-column elementor-col-50 elementor-top-column elementor-element elementor-element-28db533\" data-id=\"28db533\" data-element_type=\"column\">\n\t\t\t<div class=\"elementor-widget-wrap elementor-element-populated\">\n\t\t\t\t\t\t<div class=\"elementor-element elementor-element-67cfae7 aleft elementor-widget elementor-widget-wgl-info-box\" data-id=\"67cfae7\" data-element_type=\"widget\" data-widget_type=\"wgl-info-box.default\">\n\t\t\t\t<div class=\"elementor-widget-container\">\n\t\t\t<div class=\"wgl-infobox\"><div class=\"wgl-infobox_wrapper\"><div class=\"content_wrapper\"><div class=\"wgl-infobox-title_wrapper\"><h3 class=\"wgl-infobox_title\"><span class=\"wgl-infobox_title-idle\">Qu'est-ce que le FGI?<\/span><\/h3><\/div><div class=\"wgl-infobox_content\"><p>Le Forum sur la gouvernance de l\u2019Internet (<a href=\"https:\/\/www.intgovforum.org\/multilingual\/lexicon\/8#IGF\">FGI<\/a>) cherche \u00e0 r\u00e9unir divers groupes d\u2019intervenants sur un pied d\u2019\u00e9galit\u00e9 lors de discussions sur des questions de politique publique relatives \u00e0 l\u2019Internet. Bien que l\u2019\u00e9v\u00e9nement ne donne pas lieu \u00e0 l\u2019adoption d\u2019un texte n\u00e9goci\u00e9, le FGI s\u2019efforce d\u2019informer et d\u2019inspirer les instances d\u00e9cisionnelles publiques et priv\u00e9es. Lors de leur r\u00e9union annuelle, les d\u00e9l\u00e9gu\u00e9s discutent, \u00e9changent des informations et partagent leurs bonnes pratiques entre eux. Le FGI facilite une compr\u00e9hension commune afin d\u2019optimiser au mieux les possibilit\u00e9s offertes par l\u2019Internet et de faire face aux risques et d\u00e9fis qui en d\u00e9coulent.<\/p><\/div><\/div><\/div><\/div>\t\t<\/div>\n\t\t\t\t<\/div>\n\t\t\t\t<div class=\"elementor-element elementor-element-8020159 aleft elementor-widget elementor-widget-wgl-info-box\" data-id=\"8020159\" data-element_type=\"widget\" data-widget_type=\"wgl-info-box.default\">\n\t\t\t\t<div class=\"elementor-widget-container\">\n\t\t\t<div class=\"wgl-infobox\"><div class=\"wgl-infobox_wrapper\"><div class=\"content_wrapper\"><div class=\"wgl-infobox-title_wrapper\"><h3 class=\"wgl-infobox_title\"><span class=\"wgl-infobox_title-idle\">Mandat du FGI<\/span><\/h3><\/div><div class=\"wgl-infobox_content\"><p><span>Dans la r\u00e9solution adopt\u00e9e par l'Assembl\u00e9e g\u00e9n\u00e9rale des Nations Unies le 16 d\u00e9cembre 2015 (70\/125), &lt;&lt;Document final de la r\u00e9union de haut niveau de l'Assembl\u00e9e g\u00e9n\u00e9rale sur l'examen d'ensemble de la mise en \u0153uvre des r\u00e9sultats du Sommet mondial sur la soci\u00e9t\u00e9 de l'information,&gt;&gt; le mandat actuel du FGI, tel qu'il est d\u00e9fini au paragraphes 72-78 de l'Agenda de Tunis, a \u00e9t\u00e9 prorog\u00e9 pour une p\u00e9riode additionel de 10 ans.\u00a0<\/span><\/p><\/div><\/div><\/div><\/div>\t\t<\/div>\n\t\t\t\t<\/div>\n\t\t\t\t<div class=\"elementor-element elementor-element-a0b00e8 elementor-widget elementor-widget-wgl-toggle-accordion\" data-id=\"a0b00e8\" data-element_type=\"widget\" data-widget_type=\"wgl-toggle-accordion.default\">\n\t\t\t\t<div class=\"elementor-widget-container\">\n\t\t\t<div class=\"wgl-accordion icon-custom\" id=\"wgl-accordion-a0b00e8\" data-type=\"toggle\"><div class=\"wgl-accordion_panel\"><div id=\"wgl-accordion_header-1681\" class=\"wgl-accordion_header\" data-default=\"\"><span class=\"wgl-accordion_title\">Les points forts du mandat\n<\/span><i class=\"wgl-accordion_icon elementor-icon flaticon-right\" aria-hidden=\"true\"><\/i><\/div><div class=\"wgl-accordion_content\"><p><span>Paragraphe 72 de l\u2019Agenda de Tunis :\u00a0<\/span><strong>72.<\/strong><span>\u00a0Nous invitons le Secr\u00e9taire g\u00e9n\u00e9ral de l\u2019ONU \u00e0 r\u00e9unir, selon une approche ouverte et non exclusive, d\u2019ici au deuxi\u00e8me trimestre de 2006, un nouveau forum destin\u00e9 \u00e0 \u00e9tablir entre les multiples parties prenantes un dialogue sur les politiques \u00e0 suivre qui, sous le nom de Forum sur la gouvernance de l\u2019Internet, aura pour mandat :<\/span><span><\/span><\/p>\n<ul>\n<li>de traiter les questions de politique publique relatives aux principaux \u00e9l\u00e9ments de la gouvernance de l\u2019Internet afin de contribuer \u00e0 la viabilit\u00e9, \u00e0 la robustesse, \u00e0 la s\u00e9curit\u00e9, \u00e0 la stabilit\u00e9 et au d\u00e9veloppement de l\u2019Internet;<\/li>\n<li>de faciliter le dialogue entre les organes s\u2019occupant de diff\u00e9rentes politiques publiques internationales multisectorielles concernant l\u2019Internet et de d\u00e9battre de questions qui ne rel\u00e8vent pas de la comp\u00e9tence d\u2019un organe d\u00e9j\u00e0 existant;<\/li>\n<li>de maintenir la liaison avec les organisations intergouvernementales et d\u2019autres institutions appropri\u00e9es sur les questions relevant de leur mandat;<\/li>\n<li>de faciliter l\u2019\u00e9change d\u2019informations et de bonnes pratiques et, \u00e0 cet \u00e9gard, d\u2019utiliser pleinement les comp\u00e9tences des communaut\u00e9s universitaires, scientifiques et techniques;<\/li>\n<li>de conseiller toutes les parties prenantes en vue de proposer les moyens qui permettront que l\u2019Internet soit disponible et financi\u00e8rement abordable plus rapidement dans le monde en d\u00e9veloppement;\/li&gt;<\/li>\n<li>de renforcer et d\u2019accro\u00eetre l\u2019engagement des parties prenantes, en particulier celui des pays en d\u00e9veloppement, dans les m\u00e9canismes de gouvernance de l\u2019Internet existants et\/ou futurs;<\/li>\n<li>de recenser les nouvelles questions et de les porter \u00e0 l\u2019attention des organes comp\u00e9tents et du public en g\u00e9n\u00e9ral et, s\u2019il y a lieu, de faire des recommandations;<\/li>\n<li>de contribuer au renforcement des capacit\u00e9s en mati\u00e8re de gouvernance de l\u2019Internet dans les pays en d\u00e9veloppement, en s\u2019appuyant pleinement sur les sources de savoir et de comp\u00e9tences locales;<\/li>\n<li>de promouvoir la prise en compte des principes du SMSI dans les m\u00e9canismes de gouvernance de l\u2019Internet et de l\u2019\u00e9valuer r\u00e9guli\u00e8rement;<\/li>\n<li>de traiter notamment les questions relatives aux ressources fondamentales de l\u2019Internet;<\/li>\n<li>d\u2019aider \u00e0 trouver les solutions aux probl\u00e8mes d\u00e9coulant de l\u2019utilisation et de la mauvaise utilisation de l\u2019Internet, qui pr\u00e9occupent particuli\u00e8rement l\u2019usager ordinaire;<\/li>\n<li>de publier ses travaux.<\/li>\n<\/ul>\n<p>Visitez le site du<span>\u00a0<\/span><a href=\"https:\/\/www.intgovforum.org\/multilingual\/tags\/about\">Forum sur la gouvernance de l\u2019Internet<\/a><span>\u00a0<\/span>pour obtenir de plus amples renseignements.<\/p><\/div><\/div><\/div>\t\t<\/div>\n\t\t\t\t<\/div>\n\t\t\t\t\t<\/div>\n\t\t<\/div>\n\t\t\t\t\t<\/div>\n\t\t<\/section>\n\t\t\t\t<\/div>\n\t\t","protected":false},"excerpt":{"rendered":"<p>Notre histoire le FCGI Prochaine FCGI Le d\u00e9but Depuis 2019, le FCGI convoque diversifi\u00e9 d\u2019intervenants des gouvernements, de la soci\u00e9t\u00e9 civile, du secteur priv\u00e9,\u00a0 du milieu univiersitaire et de la commaunaut\u00e9 technique pour discuter des questions urgentes propres aux politiques d&#8217;internet. Le format du FCGI a chang\u00e9 pendant les ann\u00e9es, mais une chose reste: nous [&hellip;]<\/p>\n","protected":false},"author":1,"featured_media":0,"parent":0,"menu_order":144,"comment_status":"closed","ping_status":"closed","template":"","meta":{"cybocfi_hide_featured_image":"","footnotes":""},"class_list":["post-429","page","type-page","status-publish","hentry"],"_links":{"self":[{"href":"https:\/\/canadianigf.ca\/fr\/wp-json\/wp\/v2\/pages\/429","targetHints":{"allow":["GET"]}}],"collection":[{"href":"https:\/\/canadianigf.ca\/fr\/wp-json\/wp\/v2\/pages"}],"about":[{"href":"https:\/\/canadianigf.ca\/fr\/wp-json\/wp\/v2\/types\/page"}],"author":[{"embeddable":true,"href":"https:\/\/canadianigf.ca\/fr\/wp-json\/wp\/v2\/users\/1"}],"replies":[{"embeddable":true,"href":"https:\/\/canadianigf.ca\/fr\/wp-json\/wp\/v2\/comments?post=429"}],"version-history":[{"count":26,"href":"https:\/\/canadianigf.ca\/fr\/wp-json\/wp\/v2\/pages\/429\/revisions"}],"predecessor-version":[{"id":7280,"href":"https:\/\/canadianigf.ca\/fr\/wp-json\/wp\/v2\/pages\/429\/revisions\/7280"}],"wp:attachment":[{"href":"https:\/\/canadianigf.ca\/fr\/wp-json\/wp\/v2\/media?parent=429"}],"curies":[{"name":"wp","href":"https:\/\/api.w.org\/{rel}","templated":true}]}}