{"id":5251,"date":"2024-04-22T12:02:32","date_gmt":"2024-04-22T17:02:32","guid":{"rendered":"https:\/\/canadianigf.ca\/?page_id=5251"},"modified":"2024-12-06T10:49:50","modified_gmt":"2024-12-06T15:49:50","slug":"faq","status":"publish","type":"page","link":"https:\/\/canadianigf.ca\/fr\/faq\/","title":{"rendered":"FAQ"},"content":{"rendered":"\t\t<div data-elementor-type=\"wp-page\" data-elementor-id=\"5251\" class=\"elementor elementor-5251 elementor-4963\" data-elementor-post-type=\"page\">\n\t\t\t\t\t\t<section class=\"elementor-section elementor-top-section elementor-element elementor-element-169400e elementor-section-boxed elementor-section-height-default elementor-section-height-default\" data-id=\"169400e\" data-element_type=\"section\">\n\t\t\t\t\t\t<div class=\"elementor-container elementor-column-gap-default\">\n\t\t\t\t\t<div class=\"elementor-column elementor-col-100 elementor-top-column elementor-element elementor-element-4f03916\" data-id=\"4f03916\" data-element_type=\"column\">\n\t\t\t<div class=\"elementor-widget-wrap elementor-element-populated\">\n\t\t\t\t\t\t<div class=\"elementor-element elementor-element-1da43c7 divider-yes aleft elementor-widget elementor-widget-wgl-double-heading\" data-id=\"1da43c7\" data-element_type=\"widget\" data-widget_type=\"wgl-double-heading.default\">\n\t\t\t\t<div class=\"elementor-widget-container\">\n\t\t\t<div class=\"wgl-double-heading\"><div class=\"dblh__subtitle\">FAQs<\/div><div class=\"dblh__wrapper\"><h3 class=\"dblh__title-wrapper\"><span class=\"dblh__title dblh__title-1\">POPULAR QUESTIONS<\/span><\/h3><\/div><\/div>\t\t<\/div>\n\t\t\t\t<\/div>\n\t\t\t\t\t<\/div>\n\t\t<\/div>\n\t\t\t\t\t<\/div>\n\t\t<\/section>\n\t\t\t\t<section class=\"elementor-section elementor-top-section elementor-element elementor-element-d7c1094 elementor-section-boxed elementor-section-height-default elementor-section-height-default\" data-id=\"d7c1094\" data-element_type=\"section\">\n\t\t\t\t\t\t<div class=\"elementor-container elementor-column-gap-default\">\n\t\t\t\t\t<div class=\"elementor-column elementor-col-33 elementor-top-column elementor-element elementor-element-1643ec5\" data-id=\"1643ec5\" data-element_type=\"column\" data-settings=\"{&quot;background_background&quot;:&quot;classic&quot;}\">\n\t\t\t<div class=\"elementor-widget-wrap elementor-element-populated\">\n\t\t\t\t\t\t<div class=\"elementor-element elementor-element-bbd920d elementor-widget elementor-widget-text-editor\" data-id=\"bbd920d\" data-element_type=\"widget\" data-widget_type=\"text-editor.default\">\n\t\t\t\t<div class=\"elementor-widget-container\">\n\t\t\t\t\t\t\t<p><span class=\"NormalTextRun SpellingErrorV2Themed SCXW83883661 BCX0\">Restez<\/span><span class=\"NormalTextRun SCXW83883661 BCX0\"> \u00e0 <\/span><span class=\"NormalTextRun SpellingErrorV2Themed SCXW83883661 BCX0\">l\u2019\u00e9coute<\/span><span class=\"NormalTextRun SCXW83883661 BCX0\"> pour les <\/span><span class=\"NormalTextRun SpellingErrorV2Themed SCXW83883661 BCX0\">d\u00e9tails<\/span><span class=\"NormalTextRun SCXW83883661 BCX0\"> sur FCGI 2025<\/span><\/p>\t\t\t\t\t\t<\/div>\n\t\t\t\t<\/div>\n\t\t\t\t\t<\/div>\n\t\t<\/div>\n\t\t\t\t<div class=\"elementor-column elementor-col-66 elementor-top-column elementor-element elementor-element-19489a8\" data-id=\"19489a8\" data-element_type=\"column\">\n\t\t\t<div class=\"elementor-widget-wrap elementor-element-populated\">\n\t\t\t\t\t\t<div class=\"elementor-element elementor-element-ad3475b elementor-widget elementor-widget-wgl-toggle-accordion\" data-id=\"ad3475b\" data-element_type=\"widget\" data-widget_type=\"wgl-toggle-accordion.default\">\n\t\t\t\t<div class=\"elementor-widget-container\">\n\t\t\t<div class=\"wgl-accordion icon-custom\" id=\"wgl-accordion-ad3475b\" data-type=\"toggle\"><div class=\"wgl-accordion_panel\"><div id=\"wgl-accordion_header-1811\" class=\"wgl-accordion_header\" data-default=\"yes\"><span class=\"wgl-accordion_title\">Qu\u2019est-ce que le Forum canadien sur la gouvernance de l\u2019internet (FCGI)?<\/span><i class=\"wgl-accordion_icon elementor-icon flaticon-right\" aria-hidden=\"true\"><\/i><\/div><div class=\"wgl-accordion_content\"><p><span>Le FCGI est un forum multipartite pour les questions de politiques num\u00e9riques. Dirig\u00e9 par un comit\u00e9 d\u2019organisation multipartite, le FCGI offre l\u2019occasion aux dirigeant\u00b7es du Canada de toute la communaut\u00e9 de l\u2019internet de discuter des questions les plus urgentes et les plus opportunes de politique publique auxquelles l\u2019internet est confront\u00e9.<\/span><\/p><\/div><\/div><div class=\"wgl-accordion_panel\"><div id=\"wgl-accordion_header-1812\" class=\"wgl-accordion_header\" data-default=\"\"><span class=\"wgl-accordion_title\">En quoi le FCGI est-il diff\u00e9rent du Forum sur la gouvernance de l\u2019internet (FGI) des Nations Unies?<\/span><i class=\"wgl-accordion_icon elementor-icon flaticon-right\" aria-hidden=\"true\"><\/i><\/div><div class=\"wgl-accordion_content\"><p><span>Le FCGI est une initiative nationale du FGI des Nations Unies. Il compte au sein de la communaut\u00e9 de l\u2019\u00e9v\u00e8nement national officiel du FGI. Les repr\u00e9sentant\u00b7es du FCGI participent au FGI mondial chaque ann\u00e9e pour promouvoir les priorit\u00e9s politiques canadiennes qui d\u00e9coulent des r\u00e9unions du FCGI. De plus, chaque rapport post\u00e9v\u00e9nement du FCGI est transmis aux secr\u00e9tariats de l\u2019\u00e9v\u00e8nement national officiel et du FGI.<\/span><\/p><\/div><\/div><div class=\"wgl-accordion_panel\"><div id=\"wgl-accordion_header-1813\" class=\"wgl-accordion_header\" data-default=\"\"><span class=\"wgl-accordion_title\">Le FCGI est-il un \u00e9v\u00e9nement bilingue?<\/span><i class=\"wgl-accordion_icon elementor-icon flaticon-right\" aria-hidden=\"true\"><\/i><\/div><div class=\"wgl-accordion_content\"><p><span>Oui. Lors de chaque \u00e9v\u00e9nement du FCGI, nous offrons une interpr\u00e9tation simultan\u00e9e dans les deux langues officielles, le fran\u00e7ais et l\u2019anglais. Nous encourageons les participant\u00b7es \u00e0 parler dans la langue dans laquelle ils\/elles sont le plus \u00e0 l\u2019aise.<\/span><\/p><\/div><\/div><div class=\"wgl-accordion_panel\"><div id=\"wgl-accordion_header-1814\" class=\"wgl-accordion_header\" data-default=\"\"><span class=\"wgl-accordion_title\">Quelle est la diff\u00e9rence entre les conf\u00e9rences du FCGI et les conf\u00e9rences annuelles?<\/span><i class=\"wgl-accordion_icon elementor-icon flaticon-right\" aria-hidden=\"true\"><\/i><\/div><div class=\"wgl-accordion_content\"><p>Pendant la pand\u00e9mie de COVID-19, le FCGI est pass\u00e9 \u00e0 une s\u00e9rie de webinaires en ligne, les CIGF Talks (conf\u00e9rences du FCGI), pour poursuivre la conversation tout en<\/p><p>respectant les directives locales en mati\u00e8re de sant\u00e9. En 2023, le FCGI est revenu \u00e0 sa conception originale en tant que forum en personne durant une journ\u00e9e compl\u00e8te (tout en gardant une option virtuelle ouverte).<\/p><\/div><\/div><\/div>\t\t<\/div>\n\t\t\t\t<\/div>\n\t\t\t\t\t<\/div>\n\t\t<\/div>\n\t\t\t\t\t<\/div>\n\t\t<\/section>\n\t\t\t\t<\/div>\n\t\t","protected":false},"excerpt":{"rendered":"<p>FAQs POPULAR QUESTIONS Restez \u00e0 l\u2019\u00e9coute pour les d\u00e9tails sur FCGI 2025 Qu\u2019est-ce que le Forum canadien sur la gouvernance de l\u2019internet (FCGI)? Le FCGI est un forum multipartite pour les questions de politiques num\u00e9riques. Dirig\u00e9 par un comit\u00e9 d\u2019organisation multipartite, le FCGI offre l\u2019occasion aux dirigeant\u00b7es du Canada de toute la communaut\u00e9 de l\u2019internet [&hellip;]<\/p>\n","protected":false},"author":3456,"featured_media":0,"parent":0,"menu_order":6,"comment_status":"closed","ping_status":"closed","template":"","meta":{"cybocfi_hide_featured_image":"","footnotes":""},"class_list":["post-5251","page","type-page","status-publish","hentry"],"_links":{"self":[{"href":"https:\/\/canadianigf.ca\/fr\/wp-json\/wp\/v2\/pages\/5251","targetHints":{"allow":["GET"]}}],"collection":[{"href":"https:\/\/canadianigf.ca\/fr\/wp-json\/wp\/v2\/pages"}],"about":[{"href":"https:\/\/canadianigf.ca\/fr\/wp-json\/wp\/v2\/types\/page"}],"author":[{"embeddable":true,"href":"https:\/\/canadianigf.ca\/fr\/wp-json\/wp\/v2\/users\/3456"}],"replies":[{"embeddable":true,"href":"https:\/\/canadianigf.ca\/fr\/wp-json\/wp\/v2\/comments?post=5251"}],"version-history":[{"count":17,"href":"https:\/\/canadianigf.ca\/fr\/wp-json\/wp\/v2\/pages\/5251\/revisions"}],"predecessor-version":[{"id":8443,"href":"https:\/\/canadianigf.ca\/fr\/wp-json\/wp\/v2\/pages\/5251\/revisions\/8443"}],"wp:attachment":[{"href":"https:\/\/canadianigf.ca\/fr\/wp-json\/wp\/v2\/media?parent=5251"}],"curies":[{"name":"wp","href":"https:\/\/api.w.org\/{rel}","templated":true}]}}