{"id":620,"date":"2018-12-21T11:17:34","date_gmt":"2018-12-21T16:17:34","guid":{"rendered":"https:\/\/canadianigf.ca\/?page_id=620"},"modified":"2019-02-21T15:43:07","modified_gmt":"2019-02-21T20:43:07","slug":"les-seances","status":"publish","type":"page","link":"https:\/\/canadianigf.ca\/fr\/les-seances\/","title":{"rendered":"Consid\u00e9rations pour des \u00e9tiquettes efficaces de l\u2019Internet des objets"},"content":{"rendered":"\n<p>S\u00e9ance en ateliers&nbsp;:  10&nbsp;h \u00e0 11&nbsp;h&nbsp;10 <\/p>\n\n\n\n<p> Le Processus multilat\u00e9ral canadien&nbsp;: Mettre en avant la s\u00e9curit\u00e9 de l\u2019Internet des objets (IdO) est pr\u00e8s de terminer son rapport de premi\u00e8re ann\u00e9e. L\u2019une des recommandations pour la mise en \u0153uvre consistera en un cadre d\u2019\u00e9tiquetage volontaire pour les appareils de l\u2019IdO destin\u00e9s aux consommateurs. Le cadre propos\u00e9 offre aux fabricants de l\u2019IdO une approche souple leur permettant de d\u00e9montrer leur conformit\u00e9 aux normes reconnues en mati\u00e8re de s\u00e9curit\u00e9 de l\u2019IdO et de fournir des informations suppl\u00e9mentaires sur leurs pratiques de s\u00e9curit\u00e9. L\u2019objectif de ce panel sera de discuter du cadre propos\u00e9 et de la mani\u00e8re dont diff\u00e9rents groupes d\u2019intervenants peuvent soutenir sa mise en \u0153uvre.&nbsp; <\/p>\n\n\n\n<p> <strong>Conf\u00e9renciers :<\/strong><br>Faud Khan, TwelveDot etTwelveDot Labs\u00a0<br>Megan Kruse, Online Trust Alliance de l\u2019Internet Society <br>Sarah Ingle,  Forum sur la gouvernance de l\u2019Internet pour les jeunes <br>Elliott O\u2019Brien , ecobee  <br>Maryse  Gu\u00e9nette ,  Option consommateurs   <br> <\/p>\n\n\n\n<figure class=\"wp-block-image is-resized\"><img fetchpriority=\"high\" decoding=\"async\" src=\"https:\/\/canadianigf.ca\/wp-content\/uploads\/2019\/01\/Faud-1024x964.jpg\" alt=\"\" class=\"wp-image-746\" width=\"302\" height=\"284\" srcset=\"https:\/\/canadianigf.ca\/wp-content\/uploads\/2019\/01\/Faud-1024x964.jpg 1024w, https:\/\/canadianigf.ca\/wp-content\/uploads\/2019\/01\/Faud-300x282.jpg 300w, https:\/\/canadianigf.ca\/wp-content\/uploads\/2019\/01\/Faud-768x723.jpg 768w\" sizes=\"(max-width: 302px) 100vw, 302px\" \/><\/figure>\n\n\n\n<p>&nbsp;<strong>Faud Khan<\/strong><br>TwelveDot et TwelveDot Labs&nbsp;<\/p>\n\n\n\n<p>Faud Khan est un v\u00e9t\u00e9ran de l\u2019industrie qui compte plus de 23 ans d\u2019exp\u00e9rience en s\u00e9curit\u00e9 informatique aupr\u00e8s de fabricants d\u2019\u00e9quipement r\u00e9seau, de fournisseurs de services de s\u00e9curit\u00e9 g\u00e9r\u00e9s, de services financiers et d\u2019organismes gouvernementaux. En tant que <font color=\"#000000\">conseiller <\/font>chez TwelveDot et TwelveDot Labs, Faud est responsable de la strat\u00e9gie de produit, de l\u2019architecture, du d\u00e9ploiement et de la prestation des services.&nbsp;<\/p>\n\n\n\n<p>Il s\u2019est concentr\u00e9 sur l\u2019architecture de r\u00e9seau de\ns\u00e9curit\u00e9 et la fourniture d\u2019applications par le biais d\u2019Internet, ce qui\ncomprend les fournisseurs de services de s\u00e9curit\u00e9 g\u00e9r\u00e9s, les transporteurs et\nles fournisseurs de services de t\u00e9l\u00e9communication \u00e0 l\u2019\u00e9chelle mondiale. Au\ncours de cette p\u00e9riode, 5 brevets ont \u00e9t\u00e9 accord\u00e9s \u00e0 Faud et 9 brevets sont en\ninstance.<\/p>\n\n\n\n<p>TwelveDot fournit actuellement des services de conseil\nen s\u00e9curit\u00e9 et de d\u00e9veloppement de produits aux grandes entreprises, aux fabricants\nd\u2019\u00e9quipement r\u00e9seau et aux organismes gouvernementaux. Ax\u00e9s sur les\ntechnologies mobiles, les extensions de s\u00e9curit\u00e9 des noms de domaine (DNSSEC),\nles r\u00e9seaux intelligents et l\u2019infonuagique, ses organisations sont \u00e0 la fine\npointe de la gestion des risques de s\u00e9curit\u00e9. Faud est actif dans la\nnormalisation ISO\/IEC et est pr\u00e9sident de SMC-SC27, le comit\u00e9 parall\u00e8le \u00e0 ISO\/IEC\nSC27 au Canada. Il travaille \u00e0 l\u2019\u00e9laboration de normes relatives au syst\u00e8me de\ngestion de l\u2019information, \u00e0 l\u2019infonuagique, \u00e0 la divulgation des\nvuln\u00e9rabilit\u00e9s, au r\u00e9seau intelligent et \u00e0 l\u2019IdO.&nbsp;&nbsp;<\/p>\n\n\n\n<figure class=\"wp-block-image is-resized\"><img decoding=\"async\" src=\"https:\/\/canadianigf.ca\/wp-content\/uploads\/2019\/01\/Megan-Kruse.png\" alt=\"\" class=\"wp-image-748\" width=\"315\" height=\"290\" srcset=\"https:\/\/canadianigf.ca\/wp-content\/uploads\/2019\/01\/Megan-Kruse.png 684w, https:\/\/canadianigf.ca\/wp-content\/uploads\/2019\/01\/Megan-Kruse-300x276.png 300w\" sizes=\"(max-width: 315px) 100vw, 315px\" \/><\/figure>\n\n\n\n<p>&nbsp;<strong>Megan Kruse&nbsp;<\/strong><br>\nOnline Trust Alliance de l\u2019Internet Society<\/p>\n\n\n\n<p>Megan Kruse est la directrice commerciale de l\u2019Online Trust\nAlliance de l\u2019Internet Society. L\u2019OTA identifie et promeut les\nmeilleures pratiques en mati\u00e8re de s\u00e9curit\u00e9 et de protection de la vie priv\u00e9e\nqui renforcent la confiance des consommateurs en l\u2019Internet. Les principaux\norganismes publics et priv\u00e9s, fournisseurs, chercheurs et d\u00e9cideurs politiques\ncontribuent aux directives de l\u2019OTA et les respectent afin de rendre les\ntransactions en ligne plus s\u00fbres et de mieux prot\u00e9ger les donn\u00e9es des utilisateurs.<\/p>\n\n\n\n<p>Megan est responsable de l\u2019int\u00e9gration, du\nd\u00e9veloppement et de la promotion du programme de l\u2019OTA dans le cadre de la\nmission et des objectifs g\u00e9n\u00e9raux de l\u2019Internet Society. Elle pilote des\nstrat\u00e9gies, y compris le marketing, les communications et les efforts en\nmati\u00e8re d\u2019adh\u00e9sion et de d\u00e9veloppement des affaires pour apporter de la valeur\naux membres et favoriser la r\u00e9alisation des objectifs annuels de l\u2019OTA.<\/p>\n\n\n\n<p>Megan s\u2019est jointe \u00e0 l\u2019Internet Society en 2011,\ntravaillant d\u2019abord principalement sur le programme Deploy360, puis au bureau\ndu directeur des technologies Internet en tant que responsable de la mise en\nvaleur de la technologie et de la planification strat\u00e9gique. Avant de se\njoindre \u00e0 l\u2019Internet Society, Megan a g\u00e9r\u00e9 des projets de relations publiques\net de sensibilisation \u00e0 l\u2019American Registry for Internet Numbers (ARIN). En\nplus de promouvoir les principaux messages de la soci\u00e9t\u00e9 et de positionner ses\ncadres sup\u00e9rieurs en tant qu\u2019experts de l\u2019industrie, elle a \u00e9galement d\u00e9velopp\u00e9\nles efforts de communication et de r\u00e9seaux sociaux de l\u2019ARIN concernant la\np\u00e9nurie d\u2019adresses IPv4 et le besoin d\u2019adopter IPv6.<\/p>\n\n\n\n<figure class=\"wp-block-image is-resized\"><img decoding=\"async\" src=\"https:\/\/canadianigf.ca\/wp-content\/uploads\/2019\/01\/Sarah-Ingle-819x1024.jpeg\" alt=\"\" class=\"wp-image-750\" width=\"378\" height=\"472\" srcset=\"https:\/\/canadianigf.ca\/wp-content\/uploads\/2019\/01\/Sarah-Ingle-819x1024.jpeg 819w, https:\/\/canadianigf.ca\/wp-content\/uploads\/2019\/01\/Sarah-Ingle-240x300.jpeg 240w, https:\/\/canadianigf.ca\/wp-content\/uploads\/2019\/01\/Sarah-Ingle-768x960.jpeg 768w, https:\/\/canadianigf.ca\/wp-content\/uploads\/2019\/01\/Sarah-Ingle.jpeg 1638w\" sizes=\"(max-width: 378px) 100vw, 378px\" \/><\/figure>\n\n\n\n<p><strong>Sarah Ingle&nbsp;<\/strong><br>Forum sur la gouvernance de l\u2019Internet pour les jeunes<\/p>\n\n\n\n<p>Sarah Ingle se passionne pour l\u2019avancement de la\nconception de politiques inclusives et participatives pour tous, en particulier\nles jeunes. Elle a fond\u00e9 et codirige le Forum canadien sur la gouvernance de\nl\u2019Internet pour les jeunes, qui vient de terminer un rapport intitul\u00e9 \u00ab&nbsp;Youth\nand the Internet of Things in Canada&nbsp;\u00bb (Les jeunes et l\u2019Internet des\nobjets au Canada) dans le cadre du processus multilat\u00e9ral canadien sur la\ns\u00e9curit\u00e9 de l\u2019IdO.<\/p>\n\n\n\n<p>Gr\u00e2ce \u00e0 son travail avec des organisations telles que\nles Services num\u00e9riques de l\u2019Ontario, l\u2019Internet Society, l\u2019International\nMigration Research Centre et le regroupement des utilisateurs d\u2019Internet \u00e0 des\nfins non commerciales de l\u2019ICANN, Sarah a collabor\u00e9 \u00e0 divers efforts en mati\u00e8re\nde recherche, de politique et de d\u00e9fense des int\u00e9r\u00eats li\u00e9s \u00e0 la politique\nnum\u00e9rique, \u00e0 la gouvernance de l\u2019Internet, aux droits de la personne et \u00e0 la\nmigration des travailleurs qualifi\u00e9s.<\/p>\n\n\n\n<p>Sarah est \u00e9galement \u00e9tudiante au Trinity College de l\u2019Universit\u00e9\nde Toronto o\u00f9 elle \u00e9tudie les relations internationales, les sciences humaines\nnum\u00e9riques et les sciences politiques. Pour son avenir, elle esp\u00e8re poursuivre\nson travail sur la conception inclusive et les intersections des donn\u00e9es, de l\u2019identit\u00e9,\nde la gouvernance et des droits de la personne en ligne.<\/p>\n\n\n\n<hr class=\"wp-block-separator\"\/>\n\n\n\n<figure class=\"wp-block-image is-resized\"><img loading=\"lazy\" decoding=\"async\" src=\"https:\/\/canadianigf.ca\/wp-content\/uploads\/2019\/02\/Elliott-1-1024x692.jpg\" alt=\"\" class=\"wp-image-813\" width=\"413\" height=\"279\" srcset=\"https:\/\/canadianigf.ca\/wp-content\/uploads\/2019\/02\/Elliott-1-1024x692.jpg 1024w, https:\/\/canadianigf.ca\/wp-content\/uploads\/2019\/02\/Elliott-1-300x203.jpg 300w, https:\/\/canadianigf.ca\/wp-content\/uploads\/2019\/02\/Elliott-1-768x519.jpg 768w\" sizes=\"(max-width: 413px) 100vw, 413px\" \/><\/figure>\n\n\n\n<p>&nbsp;<\/p>\n\n\n\n<p><strong>Elliott O\u2019Brien<\/strong><br>ecobee<strong><br> <\/strong>En tant que vice-pr\u00e9sident de l\u2019extensibilit\u00e9 chez ecobee, Elliott est responsable de tout ce qui a trait aux syst\u00e8mes, aux donn\u00e9es, \u00e0 la confidentialit\u00e9 et \u00e0 la s\u00e9curit\u00e9 chez ecobee. Il s\u2019emploie \u00e0 offrir une plateforme s\u00e9curis\u00e9e, extensible et int\u00e9gr\u00e9e qui permet \u00e0 ecobee d\u2019exploiter des donn\u00e9es de mani\u00e8re s\u00e9curis\u00e9e et transparente pour offrir une exp\u00e9rience client ph\u00e9nom\u00e9nale. Elliott travaille dans le domaine de l\u2019Internet des objets depuis 2012 et a mis \u00e0 profit son exp\u00e9rience des domaines du d\u00e9veloppement de mat\u00e9riel et de logiciels, de l\u2019informatique et de la gestion pour prendre en charge des millions d\u2019appareils de l\u2019IdO.<\/p>\n\n\n\n<p>Fi\u00e8re de son identit\u00e9 canadienne, ecobee est une entreprise de l\u2019Internet des objets qui transforme la mani\u00e8re dont l\u2019\u00e9nergie est utilis\u00e9e \u00e0 la maison. En tant que pionni\u00e8re sur le march\u00e9 de la maison connect\u00e9e, ecobee a lanc\u00e9 le premier thermostat intelligent compatible Wi-Fi au monde. Les appareils superbement con\u00e7us d\u2019ecobee aident \u00e0 r\u00e9duire le gaspillage d\u2019\u00e9nergie et les \u00e9missions de gaz carbonique; ils ne sont donc pas uniquement intelligents pour nos utilisateurs, mais \u00e9galement pour notre plan\u00e8te. Cette passion pour ce qui est positif pour la plan\u00e8te va au-del\u00e0 de l\u2019environnementalisme et nous pousse \u00e0 \u00eatre des chefs de file en mati\u00e8re de protection de la vie priv\u00e9e et de s\u00e9curit\u00e9 des consommateurs dans l\u2019espace de l\u2019IdO.<\/p>\n\n\n\n<figure class=\"wp-block-image is-resized\"><img loading=\"lazy\" decoding=\"async\" src=\"https:\/\/canadianigf.ca\/wp-content\/uploads\/2019\/02\/maryseguenette.jpg\" alt=\"\" class=\"wp-image-851\" width=\"287\" height=\"403\" srcset=\"https:\/\/canadianigf.ca\/wp-content\/uploads\/2019\/02\/maryseguenette.jpg 560w, https:\/\/canadianigf.ca\/wp-content\/uploads\/2019\/02\/maryseguenette-214x300.jpg 214w\" sizes=\"(max-width: 287px) 100vw, 287px\" \/><\/figure>\n\n\n\n<p><strong>Maryse <\/strong> <strong>Gu\u00e9nette <\/strong> <br>Option consommateurs <\/p>\n\n\n\n<p>Maryse Gu\u00e9nette est directrice, recherche et repr\u00e9sentation, \u00e0 Option consommateurs, et ce, depuis 2010. \u00c0 ce titre, elle planifie, coordonne et supervise l\u2019ensemble des recherches r\u00e9alis\u00e9es par Option consommateurs. De plus, elle repr\u00e9sente aussi Option consommateurs lors de consultations gouvernementales ainsi qu\u2019au sein de comit\u00e9s de travail.<\/p>\n\n\n\n<p>Mme Gu\u00e9nette compte de nombreuses ann\u00e9es\nd\u2019exp\u00e9rience dans le domaine de la d\u00e9fense des droits des consommateurs. De\n1993 \u00e0 2005, elle a travaill\u00e9 \u00e0 Option consommateurs \u00e0 titre de r\u00e9dactrice en\nchef du magazine <em>Consommation<\/em>, puis\ndu service d\u2019agence de presse. \u00c0 ce titre, elle a men\u00e9 ou supervis\u00e9 de\nnombreuses enqu\u00eates et dossiers portant sur des probl\u00e9matiques en lien avec la\nconsommation. <\/p>\n\n\n\n<p>De 2005 \u00e0 2010, Mme Gu\u00e9nette a r\u00e9alis\u00e9 des\nguides et des recherches pour Option consommateurs. Ce faisant, elle s\u2019est\nint\u00e9ress\u00e9e tout particuli\u00e8rement \u00e0 la clart\u00e9 des \u00e9tats de comptes de cartes de\ncr\u00e9dit, aux techniques utilis\u00e9es pour le recouvrement des cr\u00e9ances et \u00e0 la\nprotection de la vie priv\u00e9e. <\/p>\n","protected":false},"excerpt":{"rendered":"<p>S\u00e9ance en ateliers&nbsp;: 10&nbsp;h \u00e0 11&nbsp;h&nbsp;10 Le Processus multilat\u00e9ral canadien&nbsp;: Mettre en avant la s\u00e9curit\u00e9 de l\u2019Internet des objets (IdO) est pr\u00e8s de terminer son rapport de premi\u00e8re ann\u00e9e. L\u2019une des recommandations pour la mise en \u0153uvre consistera en un cadre d\u2019\u00e9tiquetage volontaire pour les appareils de l\u2019IdO destin\u00e9s aux consommateurs. Le cadre propos\u00e9 offre [&hellip;]<\/p>\n","protected":false},"author":1,"featured_media":0,"parent":0,"menu_order":136,"comment_status":"closed","ping_status":"closed","template":"","meta":{"cybocfi_hide_featured_image":"","footnotes":""},"class_list":["post-620","page","type-page","status-publish","hentry"],"_links":{"self":[{"href":"https:\/\/canadianigf.ca\/fr\/wp-json\/wp\/v2\/pages\/620","targetHints":{"allow":["GET"]}}],"collection":[{"href":"https:\/\/canadianigf.ca\/fr\/wp-json\/wp\/v2\/pages"}],"about":[{"href":"https:\/\/canadianigf.ca\/fr\/wp-json\/wp\/v2\/types\/page"}],"author":[{"embeddable":true,"href":"https:\/\/canadianigf.ca\/fr\/wp-json\/wp\/v2\/users\/1"}],"replies":[{"embeddable":true,"href":"https:\/\/canadianigf.ca\/fr\/wp-json\/wp\/v2\/comments?post=620"}],"version-history":[{"count":7,"href":"https:\/\/canadianigf.ca\/fr\/wp-json\/wp\/v2\/pages\/620\/revisions"}],"predecessor-version":[{"id":935,"href":"https:\/\/canadianigf.ca\/fr\/wp-json\/wp\/v2\/pages\/620\/revisions\/935"}],"wp:attachment":[{"href":"https:\/\/canadianigf.ca\/fr\/wp-json\/wp\/v2\/media?parent=620"}],"curies":[{"name":"wp","href":"https:\/\/api.w.org\/{rel}","templated":true}]}}