{"id":670,"date":"2018-12-21T15:29:59","date_gmt":"2018-12-21T20:29:59","guid":{"rendered":"https:\/\/canadianigf.ca\/?page_id=670"},"modified":"2019-02-24T14:25:11","modified_gmt":"2019-02-24T19:25:11","slug":"respect-de-la-vie-privee-et-surveillance","status":"publish","type":"page","link":"https:\/\/canadianigf.ca\/fr\/respect-de-la-vie-privee-et-surveillance\/","title":{"rendered":"Respect de la vie priv\u00e9e et surveillance"},"content":{"rendered":"\n<p> 11&nbsp;h&nbsp;30 \u00e0 12&nbsp;h&nbsp;40  <\/p>\n\n\n\n<p>Un panel sur la confidentialit\u00e9, la surveillance et la gouvernance des donn\u00e9es &#8211; un expos\u00e9 sur l\u2019\u00e9tat de la situation actuelle et ce qui est attendu du gouvernement et des autres acteurs du milieu de la gestion de l\u2019Internet. Cette discussion se tiendra presque un an jour pour jour apr\u00e8s la publication par le Comit\u00e9 permanent de l&#8217;acc\u00e8s \u00e0 l&#8217;information, de la protection des renseignements personnels et de l&#8217;\u00e9thique de son rapport concernant la LPRPD\u00c9. Cependant, sept mois plus tard, le commissaire a signal\u00e9 plusieurs&nbsp; pr\u00e9occupations en mati\u00e8re de protection de la vie priv\u00e9e.<\/p>\n\n\n\n<p><strong>Conf\u00e9renciers :<\/strong><br>Vance Lockton, Commissariat \u00e0 la protection de la vie priv\u00e9e du Canada <br>Evan Light,  Universit\u00e9 York <br>Genevieve Lajeunesse, Crypto.Qu\u00e9bec<br>Laura Tribe, OpenMedia (moderateur)      <\/p>\n\n\n\n<figure class=\"wp-block-image is-resized\"><img fetchpriority=\"high\" decoding=\"async\" src=\"https:\/\/canadianigf.ca\/wp-content\/uploads\/2019\/02\/Vance-Lockton-headshot-678x1024.jpg\" alt=\"\" class=\"wp-image-869\" width=\"284\" height=\"429\" srcset=\"https:\/\/canadianigf.ca\/wp-content\/uploads\/2019\/02\/Vance-Lockton-headshot-678x1024.jpg 678w, https:\/\/canadianigf.ca\/wp-content\/uploads\/2019\/02\/Vance-Lockton-headshot-199x300.jpg 199w, https:\/\/canadianigf.ca\/wp-content\/uploads\/2019\/02\/Vance-Lockton-headshot-768x1160.jpg 768w\" sizes=\"(max-width: 284px) 100vw, 284px\" \/><\/figure>\n\n\n\n<p><strong>Vance Lockton<\/strong><br>Commissariat \u00e0 la protection de la vie priv\u00e9e du Canada<\/p>\n\n\n\n<p>Vance Lockton est analyste strat\u00e9gique des politiques et recherche au\nCommissariat \u00e0 la protection de la vie priv\u00e9e du Canada. Son travail porte sur\nun certain nombre de domaines prioritaires pour le Commissariat, notamment la\nmodernisation du consentement, les d\u00e9fis li\u00e9s \u00e0 la r\u00e9putation en ligne et l\u2019utilisation\nde codes de pratique pour renforcer le respect de la loi sur la protection des\nrenseignements personnels. Bas\u00e9 au bureau r\u00e9gional de Toronto du CPVP, Vance a\n\u00e9galement su \u00e9tablir des relations solides et productives avec des intervenants\ndu secteur priv\u00e9 de la r\u00e9gion du Grand Toronto, dans le but d\u2019am\u00e9liorer la\nconnaissance et le respect de la Loi sur la protection des renseignements\npersonnels et les documents \u00e9lectroniques (LPRPDE).<\/p>\n\n\n\n<p>Vance est titulaire d\u2019une ma\u00eetrise en informatique (Universit\u00e9 de la Colombie-Britannique) et d\u2019une ma\u00eetrise en politique publique (Universit\u00e9 Simon Fraser) et d\u00e9tient les titres de professionnel certifi\u00e9 de la confidentialit\u00e9 de l\u2019information\/Canada (CIPP\/C) et de responsable certifi\u00e9 de la confidentialit\u00e9 de l\u2019information (CIPM) de l\u2019Association internationale des professionnels de la protection de la vie priv\u00e9e (IAPP).<\/p>\n\n\n\n<p><strong>Evan Light<\/strong><br>Universit\u00e9 York<br><br> Evan Light est professeur adjoint au sein du programme d\u2019\u00e9tude bilingue en communications du Coll\u00e8ge Glendon de l\u2019Universit\u00e9 York. Il m\u00e8ne des recherches sur les politiques de communication, des questions li\u00e9es \u00e0 la protection de la vie priv\u00e9e et \u00e0 la surveillance et la fronti\u00e8re canado-am\u00e9ricaine. Evan est \u00e9galement le cr\u00e9ateur et le mainteneur de Snowden Archive-in-a-Box, les archives hors ligne du Snowden Digital Surveillance Archive. Pour en savoir plus, veuillez consulter le <a href=\"https:\/\/borderprobes.glendon.yorku.ca\/\">https:\/\/borderprobes.glendon.yorku.ca\/<\/a><\/p>\n\n\n\n<p><strong>Genevi\u00e8ve Lajeunesse <\/strong><br>Crypto.Qu\u00e9bec<\/p>\n\n\n\n<p>Genevi\u00e8ve est\ndirectrice des op\u00e9rations chez Crypto.Qu\u00e9bec, formatrice \u00e0 l\u2019\u00c9cole de s\u00e9curit\u00e9\nnum\u00e9rique de Montr\u00e9al et animatrice du balado populaire sur la cybers\u00e9curit\u00e9 et\nla surveillance \u00ab&nbsp;Les chiens de garde&nbsp;\u00bb. Elle enseigne \u00e9galement le\ncodage aux jeunes et fait la promotion de logiciels libres et professionnels\npour la s\u00e9curit\u00e9 de l\u2019information. Genevi\u00e8ve a r\u00e9cemment co\u00e9crit <em>On vous voit \u2013 Comment d\u00e9jouer les malveillants\nsur Internet, <\/em>un livre sur l\u2019Internet, la s\u00e9curit\u00e9 et la surveillance pour\nun public non initi\u00e9.<\/p>\n\n\n\n<figure class=\"wp-block-image\"><img decoding=\"async\" width=\"300\" height=\"300\" src=\"https:\/\/canadianigf.ca\/wp-content\/uploads\/2019\/02\/300x300_lauraupdatedph.png\" alt=\"\" class=\"wp-image-908\" srcset=\"https:\/\/canadianigf.ca\/wp-content\/uploads\/2019\/02\/300x300_lauraupdatedph.png 300w, https:\/\/canadianigf.ca\/wp-content\/uploads\/2019\/02\/300x300_lauraupdatedph-150x150.png 150w, https:\/\/canadianigf.ca\/wp-content\/uploads\/2019\/02\/300x300_lauraupdatedph-100x100.png 100w\" sizes=\"(max-width: 300px) 100vw, 300px\" \/><\/figure>\n\n\n\n<p><strong>Laura Tribe<\/strong> <br>OpenMedia <br><br>Laura est directrice g\u00e9n\u00e9rale d\u2019OpenMedia. Avec son exp\u00e9rience \u00e0 l\u2019intersection des droits de la personne et des technologies de l\u2019information et des communications, Laura adore l\u2019Internet et est enthousiaste \u00e0 l\u2019id\u00e9e de continuer \u00e0 lutter pour ce qui le rend si formidable. Laura travaille avec OpenMedia depuis 2015 et dirigeait auparavant les campagnes et les activit\u00e9s de d\u00e9fense des int\u00e9r\u00eats de l\u2019organisation en mati\u00e8re de protection des renseignements personnels num\u00e9riques. Avant de travailler avec OpenMedia, Laura a notamment travaill\u00e9 avec les Journalistes canadiens pour la libert\u00e9 d\u2019expression (CJFE), l\u2019IFEX et diverses entreprises en d\u00e9marrage dans le secteur des technologies. Elle est titulaire d\u2019un baccalaur\u00e9at en m\u00e9dias, information et technoculture de l\u2019Universit\u00e9 Western et d\u2019une ma\u00eetrise en communications de l\u2019Universit\u00e9 Carleton.<br><br><\/p>\n","protected":false},"excerpt":{"rendered":"<p>11&nbsp;h&nbsp;30 \u00e0 12&nbsp;h&nbsp;40 Un panel sur la confidentialit\u00e9, la surveillance et la gouvernance des donn\u00e9es &#8211; un expos\u00e9 sur l\u2019\u00e9tat de la situation actuelle et ce qui est attendu du gouvernement et des autres acteurs du milieu de la gestion de l\u2019Internet. Cette discussion se tiendra presque un an jour pour jour apr\u00e8s la publication [&hellip;]<\/p>\n","protected":false},"author":1,"featured_media":0,"parent":0,"menu_order":126,"comment_status":"closed","ping_status":"closed","template":"","meta":{"cybocfi_hide_featured_image":"","footnotes":""},"class_list":["post-670","page","type-page","status-publish","hentry"],"_links":{"self":[{"href":"https:\/\/canadianigf.ca\/fr\/wp-json\/wp\/v2\/pages\/670","targetHints":{"allow":["GET"]}}],"collection":[{"href":"https:\/\/canadianigf.ca\/fr\/wp-json\/wp\/v2\/pages"}],"about":[{"href":"https:\/\/canadianigf.ca\/fr\/wp-json\/wp\/v2\/types\/page"}],"author":[{"embeddable":true,"href":"https:\/\/canadianigf.ca\/fr\/wp-json\/wp\/v2\/users\/1"}],"replies":[{"embeddable":true,"href":"https:\/\/canadianigf.ca\/fr\/wp-json\/wp\/v2\/comments?post=670"}],"version-history":[{"count":5,"href":"https:\/\/canadianigf.ca\/fr\/wp-json\/wp\/v2\/pages\/670\/revisions"}],"predecessor-version":[{"id":953,"href":"https:\/\/canadianigf.ca\/fr\/wp-json\/wp\/v2\/pages\/670\/revisions\/953"}],"wp:attachment":[{"href":"https:\/\/canadianigf.ca\/fr\/wp-json\/wp\/v2\/media?parent=670"}],"curies":[{"name":"wp","href":"https:\/\/api.w.org\/{rel}","templated":true}]}}