{"id":678,"date":"2018-12-21T15:33:06","date_gmt":"2018-12-21T20:33:06","guid":{"rendered":"https:\/\/canadianigf.ca\/?page_id=678"},"modified":"2019-02-24T14:32:20","modified_gmt":"2019-02-24T19:32:20","slug":"inclusion-numerique-batissons-nous-un-avenir-plus-equitable-et-inclusif","status":"publish","type":"page","link":"https:\/\/canadianigf.ca\/fr\/inclusion-numerique-batissons-nous-un-avenir-plus-equitable-et-inclusif\/","title":{"rendered":"Inclusion num\u00e9rique : b\u00e2tissons-nous un avenir plus \u00e9quitable et inclusif?"},"content":{"rendered":"\n<p>S\u00e9ance en ateliers : 13&nbsp;h&nbsp;30 \u00e0 14&nbsp;h&nbsp;40  <\/p>\n\n\n\n<p>Il s\u2019agit d\u2019une s\u00e9ance interactive qui vise \u00e0 rassembler des \u00e9tudiants, des activistes, des artistes, des gouvernements, des leaders de l\u2019industrie et d\u2019autres personnes pour discuter de la question de savoir si la num\u00e9risation b\u00e2tit un avenir plus inclusif et \u00e9quitable. Seront abord\u00e9es des questions relatives \u00e0 l\u2019\u00e9ducation, \u00e0 l\u2019avenir du travail, aux droits num\u00e9riques, \u00e0 l\u2019engagement civique et \u00e0 d\u2019autres domaines dans lesquels les technologies num\u00e9riques et l\u2019Internet peuvent soit autonomiser, soit inhiber les gens. Nous discuterons de la fa\u00e7on dont la num\u00e9risation change le monde qui nous entoure et de la mani\u00e8re dont ces changements se manifestent dans nos communaut\u00e9s, nos villes, nos relations, nos id\u00e9es et nos interactions. Il est important que nous r\u00e9fl\u00e9chissions aux d\u00e9fis et possibilit\u00e9s uniques que les jeunes ont pour aider \u00e0 fa\u00e7onner notre avenir num\u00e9rique.<br><\/p>\n\n\n\n<p><strong>Conf\u00e9renciers :<\/strong><br>Kate Kalcevich, Gouvernement de l&#8217;Ontario <br>Joe Catapano, ICANN<br>Nasma Ahmed, Digital Justice Lab\u00a0<br>Raman Dang, Microsoft Canada\u00a0<br>Honey Dacanay, Services num\u00e9riques de l\u2019Ontario  <\/p>\n\n\n\n<figure class=\"wp-block-image is-resized\"><img fetchpriority=\"high\" decoding=\"async\" src=\"https:\/\/canadianigf.ca\/wp-content\/uploads\/2019\/02\/20190216_102826-1024x1024.jpg\" alt=\"\" class=\"wp-image-905\" width=\"329\" height=\"329\" srcset=\"https:\/\/canadianigf.ca\/wp-content\/uploads\/2019\/02\/20190216_102826-1024x1024.jpg 1024w, https:\/\/canadianigf.ca\/wp-content\/uploads\/2019\/02\/20190216_102826-150x150.jpg 150w, https:\/\/canadianigf.ca\/wp-content\/uploads\/2019\/02\/20190216_102826-300x300.jpg 300w, https:\/\/canadianigf.ca\/wp-content\/uploads\/2019\/02\/20190216_102826-768x768.jpg 768w, https:\/\/canadianigf.ca\/wp-content\/uploads\/2019\/02\/20190216_102826-100x100.jpg 100w\" sizes=\"(max-width: 329px) 100vw, 329px\" \/><\/figure>\n\n\n\n<p><strong>Kate Kalcevich <\/strong><br>Gouvernement de l&#8217;Ontario   <\/p>\n\n\n\n<p>Kate Kalcevich d\u00e9fend l\u2019accessibilit\u00e9 depuis\nl\u2019entr\u00e9e en vigueur de la Loi de 2001 sur les personnes handicap\u00e9es de l\u2019Ontario.\nElle a cr\u00e9\u00e9 la premi\u00e8re \u00e9quipe d\u2019exp\u00e9rience utilisateur du gouvernement de l\u2019Ontario,\nla trousse d\u2019information sur la conception inclusive, une formation \u00e0 la\nconception inclusive pour les Services num\u00e9riques de l\u2019Ontario, la conception\net le guide de style connexe pour Ontario.ca, en mettant l\u2019accent sur les\ncomposants Web accessibles, et un guide de formation et de ressources sur l\u2019accessibilit\u00e9\nnum\u00e9rique en fonction des r\u00f4les.<\/p>\n\n\n\n<figure class=\"wp-block-image is-resized\"><img decoding=\"async\" src=\"https:\/\/canadianigf.ca\/wp-content\/uploads\/2019\/02\/0C5A3381-1024x683.jpg\" alt=\"\" class=\"wp-image-809\" width=\"322\" height=\"214\" srcset=\"https:\/\/canadianigf.ca\/wp-content\/uploads\/2019\/02\/0C5A3381-1024x683.jpg 1024w, https:\/\/canadianigf.ca\/wp-content\/uploads\/2019\/02\/0C5A3381-300x200.jpg 300w, https:\/\/canadianigf.ca\/wp-content\/uploads\/2019\/02\/0C5A3381-768x512.jpg 768w\" sizes=\"(max-width: 322px) 100vw, 322px\" \/><\/figure>\n\n\n\n<p><strong>Joe Catapano<\/strong><br>ICANN<\/p>\n\n\n\n<p>Joe fait partie de l\u2019\u00e9quipe d\u2019engagement mondial des intervenants\n(Global Stakeholder Engagement) de l\u2019ICANN, o\u00f9 il coordonne l\u2019engagement de\nl\u2019ICANN avec les intervenants r\u00e9gionaux du secteur priv\u00e9, de la communaut\u00e9\ntechnique, du monde universitaire et des organismes d\u2019int\u00e9r\u00eat public. Joe\ntravaille en \u00e9troite collaboration avec les \u00e9quipes responsables des\ncommunications et des politiques afin de r\u00e9diger des expos\u00e9s de position et des\ndocuments de sensibilisation qui sont utilis\u00e9s pour faire avancer la mission et\nles objectifs de l\u2019\u00e9quipe GSE en Am\u00e9rique du Nord.<\/p>\n\n\n\n<p>Avant de s\u2019associer \u00e0 l\u2019ICANN,\nJoe \u00e9tait agent de communication \u00e0 la Fondation des Nations Unies. Il a\n\u00e9galement occup\u00e9 des postes en communication \u00e0 l\u2019American Association of\nPharmaceutical Scientists (AAPS) et chez Pfizer Inc. Joe a obtenu sa ma\u00eetrise\nen affaires gouvernementales de l\u2019American University et son baccalaur\u00e9at en\ncommunication de l\u2019Universit\u00e9 Quinnipiac.<\/p>\n\n\n\n<figure class=\"wp-block-image is-resized\"><img decoding=\"async\" src=\"https:\/\/canadianigf.ca\/wp-content\/uploads\/2019\/02\/nasma-ahmed.jpg\" alt=\"\" class=\"wp-image-822\" width=\"327\" height=\"320\" srcset=\"https:\/\/canadianigf.ca\/wp-content\/uploads\/2019\/02\/nasma-ahmed.jpg 1019w, https:\/\/canadianigf.ca\/wp-content\/uploads\/2019\/02\/nasma-ahmed-300x294.jpg 300w, https:\/\/canadianigf.ca\/wp-content\/uploads\/2019\/02\/nasma-ahmed-768x754.jpg 768w\" sizes=\"(max-width: 327px) 100vw, 327px\" \/><\/figure>\n\n\n\n<p><strong>Nasma&nbsp;Ahmed<\/strong><br>Digital Justice Lab <\/p>\n\n\n\n<p>Nasma&nbsp;Ahmed est une technologue et une organisatrice communautaire dont le travail se situe au croisement de la justice sociale, des technologies et des politiques. Elle occupe actuellement le poste de directrice de Digital Justice Lab, une organisation dont la mission est de b\u00e2tir un avenir num\u00e9rique plus juste et \u00e9quitable. \u00c0 titre d\u2019Open Web Fellow de Ford-Mozilla en 2017-2018, Nasma a mis l\u2019accent sur la s\u00e9curit\u00e9 num\u00e9rique organisationnelle et l\u2019am\u00e9lioration des connaissances sur la s\u00e9curit\u00e9 \u00e0 l\u2019intention des jeunes.&nbsp; <br><\/p>\n\n\n\n<figure class=\"wp-block-image is-resized\"><img loading=\"lazy\" decoding=\"async\" src=\"https:\/\/canadianigf.ca\/wp-content\/uploads\/2019\/02\/Raman-Dang-headshot.jpg\" alt=\"\" class=\"wp-image-920\" width=\"314\" height=\"348\" srcset=\"https:\/\/canadianigf.ca\/wp-content\/uploads\/2019\/02\/Raman-Dang-headshot.jpg 846w, https:\/\/canadianigf.ca\/wp-content\/uploads\/2019\/02\/Raman-Dang-headshot-271x300.jpg 271w, https:\/\/canadianigf.ca\/wp-content\/uploads\/2019\/02\/Raman-Dang-headshot-768x852.jpg 768w\" sizes=\"(max-width: 314px) 100vw, 314px\" \/><\/figure>\n\n\n\n<p><strong>Raman Dang<br><\/strong>Micosoft&nbsp;Canada<br><br>Raman dirige le portefeuille national Philanthropies de Microsoft Canada, y compris les programmes de comp\u00e9tences num\u00e9riques et d\u2019employabilit\u00e9 et IA pour le bien, et elle est pr\u00e9sidente du groupe de ressources des employ\u00e9s sur la diversit\u00e9 et l\u2019inclusion pour les personnes de couleur. S\u2019appuyant sur son exp\u00e9rience dans le monde universitaire et dans le secteur \u00e0 but non lucratif, Raman s\u2019est sp\u00e9cialis\u00e9e dans le d\u00e9veloppement de programmes et de partenariats qui cr\u00e9ent des possibilit\u00e9s dans le domaine du codage et de l\u2019informatique dans les communaut\u00e9s moins bien desservies et pour les jeunes sous-repr\u00e9sent\u00e9s. <strong>R<\/strong><\/p>\n\n\n\n<figure class=\"wp-block-image\"><img loading=\"lazy\" decoding=\"async\" width=\"220\" height=\"300\" src=\"https:\/\/canadianigf.ca\/wp-content\/uploads\/2019\/02\/Honey.jpg\" alt=\"\" class=\"wp-image-903\"\/><\/figure>\n\n\n\n<p><strong>Honey Dacanay <\/strong><br>Services num\u00e9riques de l\u2019Ontario   <br> <br>Honey a \u00e9t\u00e9 membre fondatrice des Services num\u00e9riques de l\u2019Ontario et occupe actuellement le poste de cadre sup\u00e9rieure et de directrice g\u00e9n\u00e9rale des Normes des services num\u00e9riques de l\u2019Ontario. Au cours des deux derni\u00e8res ann\u00e9es, son objectif a \u00e9t\u00e9 de faire des normes la nouvelle fa\u00e7on de rendre des services publics \u00e0 l\u2019\u00e8re num\u00e9rique.<\/p>\n\n\n\n<p>Dans la fonction publique de l\u2019Ontario, Honey\nest connue comme l\u2019experte de la bureaucratie en raison de sa compr\u00e9hension\ninn\u00e9e du processus d\u00e9cisionnel gouvernemental, qui d\u00e9coule de son exp\u00e9rience au\nsein des organismes centraux du gouvernement provincial (Bureau du Conseil des\nministres, Secr\u00e9tariat du Conseil du Tr\u00e9sor). Honey enseigne \u00e9galement la\ntechnologie et les politiques \u00e0 l\u2019\u00e8re num\u00e9rique \u00e0 l\u2019\u00c9cole Munk des affaires\ninternationales et des politiques publiques de l\u2019Universit\u00e9 de Toronto.<\/p>\n","protected":false},"excerpt":{"rendered":"<p>S\u00e9ance en ateliers : 13&nbsp;h&nbsp;30 \u00e0 14&nbsp;h&nbsp;40 Il s\u2019agit d\u2019une s\u00e9ance interactive qui vise \u00e0 rassembler des \u00e9tudiants, des activistes, des artistes, des gouvernements, des leaders de l\u2019industrie et d\u2019autres personnes pour discuter de la question de savoir si la num\u00e9risation b\u00e2tit un avenir plus inclusif et \u00e9quitable. Seront abord\u00e9es des questions relatives \u00e0 l\u2019\u00e9ducation, [&hellip;]<\/p>\n","protected":false},"author":1,"featured_media":0,"parent":0,"menu_order":124,"comment_status":"closed","ping_status":"closed","template":"","meta":{"cybocfi_hide_featured_image":"","footnotes":""},"class_list":["post-678","page","type-page","status-publish","hentry"],"_links":{"self":[{"href":"https:\/\/canadianigf.ca\/fr\/wp-json\/wp\/v2\/pages\/678","targetHints":{"allow":["GET"]}}],"collection":[{"href":"https:\/\/canadianigf.ca\/fr\/wp-json\/wp\/v2\/pages"}],"about":[{"href":"https:\/\/canadianigf.ca\/fr\/wp-json\/wp\/v2\/types\/page"}],"author":[{"embeddable":true,"href":"https:\/\/canadianigf.ca\/fr\/wp-json\/wp\/v2\/users\/1"}],"replies":[{"embeddable":true,"href":"https:\/\/canadianigf.ca\/fr\/wp-json\/wp\/v2\/comments?post=678"}],"version-history":[{"count":5,"href":"https:\/\/canadianigf.ca\/fr\/wp-json\/wp\/v2\/pages\/678\/revisions"}],"predecessor-version":[{"id":957,"href":"https:\/\/canadianigf.ca\/fr\/wp-json\/wp\/v2\/pages\/678\/revisions\/957"}],"wp:attachment":[{"href":"https:\/\/canadianigf.ca\/fr\/wp-json\/wp\/v2\/media?parent=678"}],"curies":[{"name":"wp","href":"https:\/\/api.w.org\/{rel}","templated":true}]}}