{"id":682,"date":"2018-12-21T15:34:01","date_gmt":"2018-12-21T20:34:01","guid":{"rendered":"https:\/\/canadianigf.ca\/?page_id=682"},"modified":"2019-02-24T14:16:30","modified_gmt":"2019-02-24T19:16:30","slug":"le-role-du-canada-dans-lavenir-de-la-gouvernance-de-linternet","status":"publish","type":"page","link":"https:\/\/canadianigf.ca\/fr\/le-role-du-canada-dans-lavenir-de-la-gouvernance-de-linternet\/","title":{"rendered":"Le r\u00f4le du Canada dans l\u2019avenir de la gouvernance de l\u2019Internet"},"content":{"rendered":"\n<p> 15&nbsp;h \u00e0 16&nbsp;h&nbsp;10 <\/p>\n\n\n\n<p>La lutte pour le contr\u00f4le de l\u2019Internet est-elle en train de s\u2019intensifier?\nL\u2019espace en ligne traverse une p\u00e9riode de surveillance accrue. L\u2019ing\u00e9rence\n\u00e9lectorale, l\u2019utilisation abusive des donn\u00e9es personnelles, les fausses\nnouvelles et la mod\u00e9ration du contenu sont au centre des pr\u00e9occupations de\npresque tous les gouvernements de la plan\u00e8te. Cependant, une grande partie du\npouvoir de l\u2019Internet repose sur une interop\u00e9rabilit\u00e9 mondiale d\u00e9centralis\u00e9e\nqui transcende les \u00c9tats-nations. Cette s\u00e9ance explore le r\u00f4le du Canada vis-\u00e0-vis\ndes nouveaux enjeux et se demande si les structures actuelles de gouvernance de\nl\u2019Internet multilat\u00e9rales sont bien adapt\u00e9es \u00e0 l\u2019avenir. <\/p>\n\n\n\n<p> <strong>Conf\u00e9renciers :<\/strong><br>Farzaneh Badiei, Georgia Institute of Technology<br>Paul Charlton,  Innovation, Sciences et D\u00e9veloppement \u00e9conomique Canada (ISDE) <br>Paul Andersen, EgateNETWORKS&nbsp;<br>Konstantinos Komaitis, Internet&nbsp;Society <strong> <\/strong><br>Fen Hampson, Centre pour l\u2019innovation dans la gouvernance internationale (CIGI)<\/p>\n\n\n\n<figure class=\"wp-block-image is-resized\"><img fetchpriority=\"high\" decoding=\"async\" src=\"https:\/\/canadianigf.ca\/wp-content\/uploads\/2019\/01\/Farzaneh.jpg\" alt=\"\" class=\"wp-image-780\" width=\"261\" height=\"428\" srcset=\"https:\/\/canadianigf.ca\/wp-content\/uploads\/2019\/01\/Farzaneh.jpg 595w, https:\/\/canadianigf.ca\/wp-content\/uploads\/2019\/01\/Farzaneh-183x300.jpg 183w\" sizes=\"(max-width: 261px) 100vw, 261px\" \/><\/figure>\n\n\n\n<p><strong>Farzaneh Badiei<br><\/strong>Georgia Institute of Technology<strong> <\/strong><\/p>\n\n\n\n<p>Farzaneh Badiei est associ\u00e9e de recherche \u00e0 la\nSchool of Public Policy du Georgia Institute of Technology et directrice\ng\u00e9n\u00e9rale de l\u2019Internet Governance Project (IGP). Elle se passionne pour la\npr\u00e9servation et la promotion de la nature interop\u00e9rable, ouverte et mondiale d\u2019Internet\npar le biais de m\u00e9canismes de gouvernance novateurs. Entre 2011 et 2014,\nFarzaneh a travaill\u00e9 pour le secr\u00e9tariat du Forum sur la gouvernance de l\u2019Internet\ndes Nations Unies. Son r\u00f4le bureaucratique l\u2019a amen\u00e9e \u00e0 interagir avec de\nnombreux membres de la communaut\u00e9 de la gouvernance de l\u2019Internet issus de\ndivers groupes d\u2019intervenants et \u00e0 apprendre d\u2019eux. Elle a \u00e9galement acquis de\npr\u00e9cieuses connaissances sur le fonctionnement interne des Nations Unies.\nFarzaneh m\u00e8ne actuellement des recherches et des activit\u00e9s de plaidoyer en ce\nqui concerne diverses questions li\u00e9es \u00e0 la gouvernance de l\u2019Internet, notamment\nles institutions de gouvernance de l\u2019Internet, la gouvernance de la\ncybers\u00e9curit\u00e9, les d\u00e9fis juridictionnels et la protection des droits\nindividuels sur Internet.<\/p>\n\n\n\n<p>Elle est titulaire d\u2019un doctorat en droit de l\u2019Institute\nof Law and Economics de l\u2019Universit\u00e9 de Hambourg et a men\u00e9 des recherches dans\ndes centres de recherche Internet tels que l\u2019Humboldt Institute for Internet\nand Society (HIIG, Berlin) et la Syracuse School of Information Studies\n(\u00c9tats-Unis).<\/p>\n\n\n\n<p><strong>Paul Charlton<\/strong> <br>Innovation, Sciences et D\u00e9veloppement \u00e9conomique Canada (ISDE)<br><br>Paul Charlton est conseiller principal en politiques \u00e0 la Direction g\u00e9n\u00e9rale des politiques sur Internet et les t\u00e9l\u00e9communications d\u2019Innovation, Sciences et D\u00e9veloppement \u00e9conomique Canada (ISDE), o\u00f9 il se concentre sur les questions de politique internationale des t\u00e9l\u00e9communications et d\u2019Internet. Il se penche \u00e9galement sur des questions relatives \u00e0 l\u2019Union internationale des t\u00e9l\u00e9communications (UIT) des Nations Unies, en particulier celles qui concernent les politiques publiques relatives \u00e0 Internet et la mise en \u0153uvre des r\u00e9sultats du SMSI. En outre, il a travaill\u00e9 sur des questions li\u00e9es \u00e0 Internet qui se posent dans le contexte du G7, du G20 et de l\u2019OCDE. En janvier de cette ann\u00e9e, il a \u00e9t\u00e9 nomm\u00e9 au Groupe consultatif multipartite du Forum sur la gouvernance d\u2019Internet (FGI-MAG), qui conseille le Secr\u00e9taire g\u00e9n\u00e9ral des Nations unies sur le programme et le calendrier des r\u00e9unions annuelles du FGI. Il a particip\u00e9 \u00e0 plusieurs r\u00e9unions du FGI comme membre de la d\u00e9l\u00e9gation du gouvernement du Canada. Avant de se joindre \u00e0 ISDE, M.&nbsp;Charlton \u00e9tait agent du service ext\u00e9rieur et a \u00e9t\u00e9 affect\u00e9 aux ambassades du Canada \u00e0 Washington et \u00e0 Berlin, ainsi qu\u2019\u00e0 la Mission permanente du Canada aupr\u00e8s des Nations Unies \u00e0 Gen\u00e8ve. \u00c0 Gen\u00e8ve, il a couvert l\u2019UIT, ainsi que des questions li\u00e9es \u00e0 Internet et \u00e0 la cybers\u00e9curit\u00e9 soulev\u00e9es dans d\u2019autres forums tels que le Conseil des droits de l\u2019homme des Nations Unies. Il est titulaire d\u2019un baccalaur\u00e9at sp\u00e9cialis\u00e9 en sciences politiques et d\u2019un baccalaur\u00e9at en droit de l\u2019Universit\u00e9 Dalhousie.&nbsp; <\/p>\n\n\n\n<figure class=\"wp-block-image\"><img decoding=\"async\" width=\"326\" height=\"326\" src=\"https:\/\/canadianigf.ca\/wp-content\/uploads\/2019\/02\/paul_andersen_headshot.png\" alt=\"\" class=\"wp-image-842\" srcset=\"https:\/\/canadianigf.ca\/wp-content\/uploads\/2019\/02\/paul_andersen_headshot.png 326w, https:\/\/canadianigf.ca\/wp-content\/uploads\/2019\/02\/paul_andersen_headshot-150x150.png 150w, https:\/\/canadianigf.ca\/wp-content\/uploads\/2019\/02\/paul_andersen_headshot-300x300.png 300w, https:\/\/canadianigf.ca\/wp-content\/uploads\/2019\/02\/paul_andersen_headshot-100x100.png 100w\" sizes=\"(max-width: 326px) 100vw, 326px\" \/><\/figure>\n\n\n\n<p><strong>Paul Andersen<\/strong><br>EgateNETWORKS<\/p>\n\n\n\n<p>Paul Andersen est pr\u00e9sident d\u2019egateNETWORKS, un fournisseur de services de gestion de r\u00e9seau situ\u00e9 \u00e0 Toronto qu\u2019il a fond\u00e9 en 1996. Il est actuellement pr\u00e9sident du conseil d\u2019administration de l\u2019American Registry for Internet Numbers, o\u00f9 il a \u00e9galement \u00e9t\u00e9 vice-pr\u00e9sident, tr\u00e9sorier et membre du conseil consultatif des politiques. Paul a pass\u00e9 une grande partie de sa carri\u00e8re dans diverses communaut\u00e9s multipartites associ\u00e9es \u00e0 la gouvernance d\u2019Internet. Il a \u00e9t\u00e9 pr\u00e9sident du conseil d\u2019administration de l\u2019Autorit\u00e9 canadienne pour les enregistrements Internet et du Toronto Internet Exchange. Paul est un membre agr\u00e9\u00e9 de l\u2019Ordre des ing\u00e9nieurs de l\u2019Ontario et est titulaire d\u2019un baccalaur\u00e9at \u00e8s sciences appliqu\u00e9es en g\u00e9nie informatique de l\u2019Universit\u00e9 de Toronto.  <\/p>\n\n\n\n<figure class=\"wp-block-image is-resized\"><img decoding=\"async\" src=\"https:\/\/canadianigf.ca\/wp-content\/uploads\/2019\/02\/Konstantinos-Komaitis.jpg\" alt=\"\" class=\"wp-image-917\" width=\"309\" height=\"309\" srcset=\"https:\/\/canadianigf.ca\/wp-content\/uploads\/2019\/02\/Konstantinos-Komaitis.jpg 600w, https:\/\/canadianigf.ca\/wp-content\/uploads\/2019\/02\/Konstantinos-Komaitis-150x150.jpg 150w, https:\/\/canadianigf.ca\/wp-content\/uploads\/2019\/02\/Konstantinos-Komaitis-300x300.jpg 300w, https:\/\/canadianigf.ca\/wp-content\/uploads\/2019\/02\/Konstantinos-Komaitis-100x100.jpg 100w\" sizes=\"(max-width: 309px) 100vw, 309px\" \/><\/figure>\n\n\n\n<p><strong>Konstantinos Komaitis<\/strong><br>Internet Society <\/p>\n\n\n\n<p>Le Dr Konstantinos Komaitis est directeur principal de l\u2019\u00e9laboration des politiques et de la strat\u00e9gie \u00e0 l\u2019<em>Internet Society<\/em>. M.&nbsp;Komaitis dispense des conseils strat\u00e9giques et effectue des analyses au soutien de la mission de l\u2019<em>Internet Society<\/em>, ce qui comprend la promotion du d\u00e9veloppement, de l\u2019\u00e9volution et de l\u2019utilisation libres de l\u2019Internet. M.&nbsp;Komaitis poss\u00e8de une vaste exp\u00e9rience des politiques de l\u2019Internet. Il a occup\u00e9 des postes vari\u00e9s de leadership, y compris celui de pr\u00e9sident du groupe des utilisateurs non commerciaux \u00e0 <em>ICANN<\/em>. M.&nbsp;Komaitis a ralli\u00e9 les rangs de l\u2019<em>Internet Society<\/em> apr\u00e8s avoir occup\u00e9 un poste de charg\u00e9 de cours senior \u00e0 l\u2019Universit\u00e9 de Strathclyde \u00e0 Glasgow, au R.-U. Il est titulaire d\u2019un baccalaur\u00e9at en droit de l\u2019Universit\u00e9 Aristote de Thessalonique. Il est \u00e9galement titulaire de deux ma\u00eetrises, en droit international et europ\u00e9en (Sheffield) et en technologies de l\u2019information et t\u00e9l\u00e9communications (Strathclyde) respectivement. En outre, il est titulaire d\u2019un doctorat et est l\u2019auteur du livre intitul\u00e9 \u00ab\u2009<em>The Current State of Domain Name Regulation<\/em>\u2009\u00bb. Il est \u00e9galement arbitre pour le tribunal d\u2019arbitrage tch\u00e8que ainsi que conf\u00e9rencier TedX. M.&nbsp;Komaitis habite Gen\u00e8ve.<\/p>\n\n\n\n<figure class=\"wp-block-image\"><img loading=\"lazy\" decoding=\"async\" width=\"399\" height=\"224\" src=\"https:\/\/canadianigf.ca\/wp-content\/uploads\/2019\/01\/Picture-Fen-Hampson.jpg\" alt=\"\" class=\"wp-image-755\" srcset=\"https:\/\/canadianigf.ca\/wp-content\/uploads\/2019\/01\/Picture-Fen-Hampson.jpg 399w, https:\/\/canadianigf.ca\/wp-content\/uploads\/2019\/01\/Picture-Fen-Hampson-300x168.jpg 300w\" sizes=\"(max-width: 399px) 100vw, 399px\" \/><\/figure>\n\n\n\n<p><strong>Fen Hampson&nbsp;<\/strong><br>\nDirecteur, programme S\u00e9curit\u00e9 et politiques internationales, Centre pour l\u2019innovation\ndans la gouvernance internationale (CIGI)<\/p>\n\n\n\n<p>Fen Osler Hampson est membre \u00e9m\u00e9rite et directeur du\nprogramme S\u00e9curit\u00e9 et politiques internationales au Centre pour l\u2019innovation\ndans la gouvernance internationale (CIGI) et est \u00e9galement professeur\nchancelier \u00e0 l\u2019Universit\u00e9 Carleton d\u2019Ottawa, au Canada. Le professeur Hampson\nest directeur du Conseil mondial pour les r\u00e9fugi\u00e9s et \u00e9tait codirecteur de la\nCommission mondiale sur la gouvernance de l\u2019Internet (CMGI). Il est titulaire d\u2019un\ndoctorat et d\u2019une ma\u00eetrise \u00e8s arts de l\u2019Universit\u00e9 Harvard (tous deux avec\ndistinction), d\u2019une ma\u00eetrise \u00e8s sciences (en \u00e9conomie) de la London School of\nEconomics et d\u2019un baccalaur\u00e9at sp\u00e9cialis\u00e9 de l\u2019Universit\u00e9 de Toronto.&nbsp;&nbsp; <\/p>\n\n\n\n<p>Membre de la Soci\u00e9t\u00e9 royale du Canada, il est l\u2019auteur\nou le co-auteur de 13 livres et l\u2019\u00e9diteur ou le co-\u00e9diteur de 28 autres\nouvrages. En outre, il a \u00e9crit plus de 100 articles et chapitres de livres sur\nles affaires internationales. Robert Fife, du Globe and Mail, a qualifi\u00e9 son\ndernier ouvrage, <em>Master of Persuasion:\nBrian Mulroney\u2019s Global Legacy<\/em>&nbsp;(Penguin\/Random House 2018), d\u2019\u00ab&nbsp;un\nexamen tant attendu de la politique \u00e9trang\u00e8re de Mulroney&nbsp;\u00bb qui \u00ab&nbsp;d\u00e9taille\ndans une prose bien \u00e9crite les coulisses des n\u00e9gociations dramatiques sur les\npactes commerciaux entre le Canada et les \u00c9tats-Unis et l\u2019ALENA, qui sont\nparticuli\u00e8rement pertinentes dans les discussions actuelles difficiles en vue\nde moderniser l\u2019accord&nbsp;\u00bb. Il travaille actuellement sur un nouveau livre\nintitul\u00e9 <em>BravER Canada: Navigating a\nStormy and Un predictable World<\/em> (avec Derek Burney) qui sera publi\u00e9 l\u2019ann\u00e9e\nprochaine. <\/p>\n","protected":false},"excerpt":{"rendered":"<p>15&nbsp;h \u00e0 16&nbsp;h&nbsp;10 La lutte pour le contr\u00f4le de l\u2019Internet est-elle en train de s\u2019intensifier? L\u2019espace en ligne traverse une p\u00e9riode de surveillance accrue. L\u2019ing\u00e9rence \u00e9lectorale, l\u2019utilisation abusive des donn\u00e9es personnelles, les fausses nouvelles et la mod\u00e9ration du contenu sont au centre des pr\u00e9occupations de presque tous les gouvernements de la plan\u00e8te. Cependant, une grande [&hellip;]<\/p>\n","protected":false},"author":1,"featured_media":0,"parent":0,"menu_order":123,"comment_status":"closed","ping_status":"closed","template":"","meta":{"cybocfi_hide_featured_image":"","footnotes":""},"class_list":["post-682","page","type-page","status-publish","hentry"],"_links":{"self":[{"href":"https:\/\/canadianigf.ca\/fr\/wp-json\/wp\/v2\/pages\/682","targetHints":{"allow":["GET"]}}],"collection":[{"href":"https:\/\/canadianigf.ca\/fr\/wp-json\/wp\/v2\/pages"}],"about":[{"href":"https:\/\/canadianigf.ca\/fr\/wp-json\/wp\/v2\/types\/page"}],"author":[{"embeddable":true,"href":"https:\/\/canadianigf.ca\/fr\/wp-json\/wp\/v2\/users\/1"}],"replies":[{"embeddable":true,"href":"https:\/\/canadianigf.ca\/fr\/wp-json\/wp\/v2\/comments?post=682"}],"version-history":[{"count":5,"href":"https:\/\/canadianigf.ca\/fr\/wp-json\/wp\/v2\/pages\/682\/revisions"}],"predecessor-version":[{"id":949,"href":"https:\/\/canadianigf.ca\/fr\/wp-json\/wp\/v2\/pages\/682\/revisions\/949"}],"wp:attachment":[{"href":"https:\/\/canadianigf.ca\/fr\/wp-json\/wp\/v2\/media?parent=682"}],"curies":[{"name":"wp","href":"https:\/\/api.w.org\/{rel}","templated":true}]}}