{"id":757,"date":"2019-01-18T13:49:36","date_gmt":"2019-01-18T18:49:36","guid":{"rendered":"https:\/\/canadianigf.ca\/?page_id=757"},"modified":"2019-01-27T19:49:25","modified_gmt":"2019-01-28T00:49:25","slug":"elliot-noss","status":"publish","type":"page","link":"https:\/\/canadianigf.ca\/fr\/elliot-noss\/","title":{"rendered":"Elliot Noss"},"content":{"rendered":"\n<p>Discours d\u2019ouverture  : 9:10 a.m. \u2013 9:55 a.m.  <\/p>\n\n\n\n<p>Les plus grands probl\u00e8mes du monde sont\nd\u2019envergure mondiale&nbsp;: la paix et la s\u00e9curit\u00e9, les changements climatiques\net la diminution de la p\u00eache pour n\u2019en nommer que quelques-uns. Ces enjeux ne\npeuvent \u00eatre r\u00e9solus au moyen de cadres nationaux. L\u2019Internet facilite \u00e0 la\nfois la collaboration mondiale et l\u2019engagement local. L\u2019approche distribu\u00e9e et\n\u00e0 intervenants multiples envers la gouvernance de l\u2019Internet sert de mod\u00e8le\npour aborder des enjeux mondiaux dans un monde sans fronti\u00e8re, mais elle\nrepr\u00e9sente \u00e9galement une r\u00e9orientation majeure des relations multilat\u00e9rales.\nComment les Canadiens doivent-ils conceptualiser notre r\u00f4le sur la sc\u00e8ne\npost-nationale? <\/p>\n\n\n\n<figure class=\"wp-block-image is-resized\"><img fetchpriority=\"high\" decoding=\"async\" src=\"https:\/\/canadianigf.ca\/wp-content\/uploads\/2019\/01\/elliot_noss-high-res-1024x682.jpg\" alt=\"\" class=\"wp-image-695\" width=\"318\" height=\"211\" srcset=\"https:\/\/canadianigf.ca\/wp-content\/uploads\/2019\/01\/elliot_noss-high-res-1024x682.jpg 1024w, https:\/\/canadianigf.ca\/wp-content\/uploads\/2019\/01\/elliot_noss-high-res-300x200.jpg 300w, https:\/\/canadianigf.ca\/wp-content\/uploads\/2019\/01\/elliot_noss-high-res-768x512.jpg 768w, https:\/\/canadianigf.ca\/wp-content\/uploads\/2019\/01\/elliot_noss-high-res.jpg 2000w\" sizes=\"(max-width: 318px) 100vw, 318px\" \/><figcaption> Elliot Noss, Pr\u00e9sident &amp; CEO, Tucows <\/figcaption><\/figure>\n\n\n\n<p>Sous la direction d\u2019Elliot, Tucows a\nremis en question la fa\u00e7on dont les logiciels \u00e9taient distribu\u00e9s dans les\nann\u00e9es&nbsp;90 et dont les noms de domaine \u00e9taient offerts et g\u00e9r\u00e9s dans les\nann\u00e9es&nbsp;2000, et l\u2019entreprise r\u00e9invente maintenant la mani\u00e8re dont les services de\nt\u00e9l\u00e9phonie mobile et d\u2019Internet fixe sont fournis.<\/p>\n\n\n\n<p>Depuis presque vingt ans, Elliot\ns\u2019int\u00e9resse \u00e0 l\u2019Internet et le d\u00e9fend comme \u00e9tant le meilleur agent de changement\npositif que le monde a connu. Avec son poste chez Tucows, son engagement dans l\u2019ICANN\net ses efforts personnels, il s\u2019est donn\u00e9 un r\u00f4le de lobbyiste, d\u2019agitateur\net d\u2019\u00e9ducateur afin de promouvoir cette vision et de prot\u00e9ger un Internet\nouvert \u00e0 l\u2019\u00e9chelle du monde.<\/p>\n","protected":false},"excerpt":{"rendered":"<p>Discours d\u2019ouverture : 9:10 a.m. \u2013 9:55 a.m. Les plus grands probl\u00e8mes du monde sont d\u2019envergure mondiale&nbsp;: la paix et la s\u00e9curit\u00e9, les changements climatiques et la diminution de la p\u00eache pour n\u2019en nommer que quelques-uns. Ces enjeux ne peuvent \u00eatre r\u00e9solus au moyen de cadres nationaux. L\u2019Internet facilite \u00e0 la fois la collaboration mondiale [&hellip;]<\/p>\n","protected":false},"author":1,"featured_media":0,"parent":0,"menu_order":121,"comment_status":"closed","ping_status":"closed","template":"","meta":{"cybocfi_hide_featured_image":"","footnotes":""},"class_list":["post-757","page","type-page","status-publish","hentry"],"_links":{"self":[{"href":"https:\/\/canadianigf.ca\/fr\/wp-json\/wp\/v2\/pages\/757","targetHints":{"allow":["GET"]}}],"collection":[{"href":"https:\/\/canadianigf.ca\/fr\/wp-json\/wp\/v2\/pages"}],"about":[{"href":"https:\/\/canadianigf.ca\/fr\/wp-json\/wp\/v2\/types\/page"}],"author":[{"embeddable":true,"href":"https:\/\/canadianigf.ca\/fr\/wp-json\/wp\/v2\/users\/1"}],"replies":[{"embeddable":true,"href":"https:\/\/canadianigf.ca\/fr\/wp-json\/wp\/v2\/comments?post=757"}],"version-history":[{"count":2,"href":"https:\/\/canadianigf.ca\/fr\/wp-json\/wp\/v2\/pages\/757\/revisions"}],"predecessor-version":[{"id":783,"href":"https:\/\/canadianigf.ca\/fr\/wp-json\/wp\/v2\/pages\/757\/revisions\/783"}],"wp:attachment":[{"href":"https:\/\/canadianigf.ca\/fr\/wp-json\/wp\/v2\/media?parent=757"}],"curies":[{"name":"wp","href":"https:\/\/api.w.org\/{rel}","templated":true}]}}