{"id":846,"date":"2019-02-11T15:09:42","date_gmt":"2019-02-11T20:09:42","guid":{"rendered":"https:\/\/canadianigf.ca\/?page_id=846"},"modified":"2019-02-24T14:21:31","modified_gmt":"2019-02-24T19:21:31","slug":"la-desinformation-les-robots-informatiques-et-la-democratie","status":"publish","type":"page","link":"https:\/\/canadianigf.ca\/fr\/la-desinformation-les-robots-informatiques-et-la-democratie\/","title":{"rendered":"La d\u00e9sinformation, les robots informatiques et la d\u00e9mocratie"},"content":{"rendered":"\n<p>Au cours des deux ann\u00e9es qui se sont \u00e9coul\u00e9es depuis les \u00e9lections pr\u00e9sidentielles am\u00e9ricaines de 2016, les fausses nouvelles et les gros titres faux ou trompeurs sur les r\u00e9seaux sociaux sont devenus une cause de pr\u00e9occupation pour les d\u00e9cideurs politiques et les journalistes. Et bien que les fausses nouvelles ne soient pas un ph\u00e9nom\u00e8ne nouveau, leur distribution \u00e0 l\u2019aide d\u2019outils modernes tels que les r\u00e9seaux sociaux et les robots informatiques amplifie leur influence. Pourtant, ces m\u00eames outils aident \u00e0 uniformiser les r\u00e8gles du jeu, permettant aux Canadiens d\u2019exprimer leurs opinions politiques \u00e0 un public inaccessible dans le monde de l\u2019imprim\u00e9 uniquement. Dans ce panel, nous explorerons le d\u00e9fi r\u00e9glementaire que repr\u00e9sente la pr\u00e9servation d\u2019\u00e9lections canadiennes libres et justes.<\/p>\n\n\n\n<p><strong>Conf\u00e9renciers :<\/strong><br>Anatoliy Gruzd, Universit\u00e9 Ryerson <br>David Skok, The Logic <\/p>\n\n\n\n<figure class=\"wp-block-image is-resized\"><img fetchpriority=\"high\" decoding=\"async\" src=\"https:\/\/canadianigf.ca\/wp-content\/uploads\/2019\/02\/Anatoliy_Gruzd_39-575x1024.jpg\" alt=\"\" class=\"wp-image-912\" width=\"236\" height=\"421\" srcset=\"https:\/\/canadianigf.ca\/wp-content\/uploads\/2019\/02\/Anatoliy_Gruzd_39-575x1024.jpg 575w, https:\/\/canadianigf.ca\/wp-content\/uploads\/2019\/02\/Anatoliy_Gruzd_39-168x300.jpg 168w, https:\/\/canadianigf.ca\/wp-content\/uploads\/2019\/02\/Anatoliy_Gruzd_39-768x1367.jpg 768w\" sizes=\"(max-width: 236px) 100vw, 236px\" \/><\/figure>\n\n\n\n<p> Anatoliy Gruzd <br>Universit\u00e9 Ryerson<\/p>\n\n\n\n<p>Anatoliy Gruzd est titulaire de la Chaire de recherche du Canada en <a href=\"http:\/\/socialmediadata.org\/\">g\u00e9rance des donn\u00e9es dans les m\u00e9dias sociaux<\/a>, professeur adjoint \u00e0 l\u2019<a href=\"http:\/\/www.ryerson.ca\/tedrogersschool\/\">\u00c9cole de gestion Ted Rogers<\/a> de l\u2019<a href=\"http:\/\/www.ryerson.ca\/\">Universit\u00e9 Ryerson<\/a> et directeur de recherche du <a rel=\"noreferrer noopener\" href=\"http:\/\/socialmedialab.ca\/\" target=\"_blank\">Social Media Lab<\/a>. Il est \u00e9galement membre du <a href=\"https:\/\/rsc-src.ca\/en\/college-new-scholars-artists-and-scientists\">Coll\u00e8ge de nouveaux chercheurs et cr\u00e9ateurs en art et en science de la Soci\u00e9t\u00e9 royale du Canada<\/a>, co\u00e9diteur d\u2019une revue multidisciplinaire sur les m\u00e9gadonn\u00e9es et la soci\u00e9t\u00e9 intitul\u00e9e <a href=\"http:\/\/bigdatasoc.blogspot.ca\/p\/big-data-and-society.html\">Big Data and Society<\/a> et copr\u00e9sident fondateur de la Conf\u00e9rence internationale sur les m\u00e9dias sociaux et la soci\u00e9t\u00e9 (<a href=\"http:\/\/socialmediaandsociety.org\/\">International Conference on Social Media and Society<\/a>). Son travail cherche \u00e0 examiner comment les plateformes de r\u00e9seaux sociaux modifient la fa\u00e7on dont les gens et les organisations communiquent, collaborent et diffusent de l\u2019information et comment ces changements affectent les normes et les structures sociales, \u00e9conomiques et politiques de la soci\u00e9t\u00e9 moderne.<\/p>\n\n\n\n<figure class=\"wp-block-image\"><img decoding=\"async\" width=\"283\" height=\"284\" src=\"https:\/\/canadianigf.ca\/wp-content\/uploads\/2019\/02\/David-Skok-headshot.png\" alt=\"\" class=\"wp-image-928\" srcset=\"https:\/\/canadianigf.ca\/wp-content\/uploads\/2019\/02\/David-Skok-headshot.png 283w, https:\/\/canadianigf.ca\/wp-content\/uploads\/2019\/02\/David-Skok-headshot-150x150.png 150w, https:\/\/canadianigf.ca\/wp-content\/uploads\/2019\/02\/David-Skok-headshot-100x100.png 100w\" sizes=\"(max-width: 283px) 100vw, 283px\" \/><\/figure>\n\n\n\n<p>David Skok\u00a0 <br>The Logic<\/p>\n\n\n\n<p>M.&nbsp;David Skok est le fondateur et le\nr\u00e9dacteur en chef de <em>The Logic<\/em>, un\nbureau de presse sur abonnement qui pr\u00e9sente des reportages et des analyses\napprofondies sur l\u2019\u00e9conomie de l\u2019innovation au Canada et autour du monde. Avant\nde fonder <em>The Logic<\/em>, M.&nbsp;Skok\n\u00e9tait cor\u00e9dacteur et chef de la strat\u00e9gie \u00e9ditoriale au <em>Toronto Star<\/em>. <\/p>\n\n\n\n<p>M.&nbsp;Skok a auparavant occup\u00e9 le poste d\u2019\u00e9diteur\nen chef et de vice-pr\u00e9sident du num\u00e9rique au <em>Boston Globe<\/em>. Il \u00e9tait le chef de file de la salle de presse et de\nla transformation num\u00e9rique de cette organisation \u00e2g\u00e9e de 145 ans. Avant cela,\nM.&nbsp;Skok \u00e9tait directeur du num\u00e9rique pour <em>Global News<\/em>. Il y a lanc\u00e9 globalnews.ca, un site canadien de\nnouvelles \u00e0 l\u2019\u00e9chelle nationale. <\/p>\n\n\n\n<p>M.&nbsp;Skok est un th\u00e9oricien d\u2019avant-garde\nen ce qui concerne la transformation num\u00e9rique des m\u00e9dias. En collaboration\navec M.&nbsp;Clayton M. Christensen, professeur \u00e0 la <em>Harvard Business School<\/em>, il a copubli\u00e9 un rapport intitul\u00e9 \u00ab\u2009<em>Breaking News<\/em>\u2009\u00bb, qui applique les le\u00e7ons\ntir\u00e9es de l\u2019innovation perturbatrice \u00e0 l\u2019industrie des m\u00e9dias. M.&nbsp;Skok\nsi\u00e8ge au conseil consultatif de la fondation Nieman pour le journalisme \u00e0 l\u2019Universit\u00e9\nHarvard. Il a \u00e9galement \u00e9t\u00e9 membre du jury pour les prix Pulitzer en\njournalisme.&nbsp; <\/p>\n","protected":false},"excerpt":{"rendered":"<p>Au cours des deux ann\u00e9es qui se sont \u00e9coul\u00e9es depuis les \u00e9lections pr\u00e9sidentielles am\u00e9ricaines de 2016, les fausses nouvelles et les gros titres faux ou trompeurs sur les r\u00e9seaux sociaux sont devenus une cause de pr\u00e9occupation pour les d\u00e9cideurs politiques et les journalistes. Et bien que les fausses nouvelles ne soient pas un ph\u00e9nom\u00e8ne nouveau, [&hellip;]<\/p>\n","protected":false},"author":1,"featured_media":0,"parent":0,"menu_order":119,"comment_status":"closed","ping_status":"closed","template":"","meta":{"cybocfi_hide_featured_image":"","footnotes":""},"class_list":["post-846","page","type-page","status-publish","hentry"],"_links":{"self":[{"href":"https:\/\/canadianigf.ca\/fr\/wp-json\/wp\/v2\/pages\/846","targetHints":{"allow":["GET"]}}],"collection":[{"href":"https:\/\/canadianigf.ca\/fr\/wp-json\/wp\/v2\/pages"}],"about":[{"href":"https:\/\/canadianigf.ca\/fr\/wp-json\/wp\/v2\/types\/page"}],"author":[{"embeddable":true,"href":"https:\/\/canadianigf.ca\/fr\/wp-json\/wp\/v2\/users\/1"}],"replies":[{"embeddable":true,"href":"https:\/\/canadianigf.ca\/fr\/wp-json\/wp\/v2\/comments?post=846"}],"version-history":[{"count":2,"href":"https:\/\/canadianigf.ca\/fr\/wp-json\/wp\/v2\/pages\/846\/revisions"}],"predecessor-version":[{"id":951,"href":"https:\/\/canadianigf.ca\/fr\/wp-json\/wp\/v2\/pages\/846\/revisions\/951"}],"wp:attachment":[{"href":"https:\/\/canadianigf.ca\/fr\/wp-json\/wp\/v2\/media?parent=846"}],"curies":[{"name":"wp","href":"https:\/\/api.w.org\/{rel}","templated":true}]}}