{"id":872,"date":"2019-02-13T13:13:21","date_gmt":"2019-02-13T18:13:21","guid":{"rendered":"https:\/\/canadianigf.ca\/?page_id=872"},"modified":"2019-02-13T13:16:03","modified_gmt":"2019-02-13T18:16:03","slug":"respect-de-la-vie-privee-et-surveillance-2","status":"publish","type":"page","link":"https:\/\/canadianigf.ca\/fr\/respect-de-la-vie-privee-et-surveillance-2\/","title":{"rendered":"Respect de la vie priv\u00e9e et surveillance"},"content":{"rendered":"\n<p>Un panel sur la confidentialit\u00e9, la surveillance et la gouvernance des donn\u00e9es &#8211; un expos\u00e9 sur l\u2019\u00e9tat de la situation actuelle et ce qui est attendu du gouvernement et des autres acteurs du milieu de la gestion de l\u2019Internet. Cette discussion se tiendra presque un an jour pour jour apr\u00e8s la publication par le Comit\u00e9 permanent de l&#8217;acc\u00e8s \u00e0 l&#8217;information, de la protection des renseignements personnels et de l&#8217;\u00e9thique de son rapport concernant la LPRPD\u00c9. Cependant, sept mois plus tard, le commissaire a signal\u00e9 plusieurs\u00a0 pr\u00e9occupations en mati\u00e8re de protection de la vie priv\u00e9e.<br><br><strong>Conf\u00e9renciers :<\/strong> <br>Vance Lockton, Office of the Privacy Commissioner of Canada<br>Evan Light, York University <\/p>\n","protected":false},"excerpt":{"rendered":"<p>Un panel sur la confidentialit\u00e9, la surveillance et la gouvernance des donn\u00e9es &#8211; un expos\u00e9 sur l\u2019\u00e9tat de la situation actuelle et ce qui est attendu du gouvernement et des autres acteurs du milieu de la gestion de l\u2019Internet. Cette discussion se tiendra presque un an jour pour jour apr\u00e8s la publication par le Comit\u00e9 [&hellip;]<\/p>\n","protected":false},"author":1,"featured_media":0,"parent":0,"menu_order":117,"comment_status":"closed","ping_status":"closed","template":"","meta":{"cybocfi_hide_featured_image":"","footnotes":""},"class_list":["post-872","page","type-page","status-publish","hentry"],"_links":{"self":[{"href":"https:\/\/canadianigf.ca\/fr\/wp-json\/wp\/v2\/pages\/872","targetHints":{"allow":["GET"]}}],"collection":[{"href":"https:\/\/canadianigf.ca\/fr\/wp-json\/wp\/v2\/pages"}],"about":[{"href":"https:\/\/canadianigf.ca\/fr\/wp-json\/wp\/v2\/types\/page"}],"author":[{"embeddable":true,"href":"https:\/\/canadianigf.ca\/fr\/wp-json\/wp\/v2\/users\/1"}],"replies":[{"embeddable":true,"href":"https:\/\/canadianigf.ca\/fr\/wp-json\/wp\/v2\/comments?post=872"}],"version-history":[{"count":2,"href":"https:\/\/canadianigf.ca\/fr\/wp-json\/wp\/v2\/pages\/872\/revisions"}],"predecessor-version":[{"id":875,"href":"https:\/\/canadianigf.ca\/fr\/wp-json\/wp\/v2\/pages\/872\/revisions\/875"}],"wp:attachment":[{"href":"https:\/\/canadianigf.ca\/fr\/wp-json\/wp\/v2\/media?parent=872"}],"curies":[{"name":"wp","href":"https:\/\/api.w.org\/{rel}","templated":true}]}}