{"id":9532,"date":"2026-05-04T12:48:52","date_gmt":"2026-05-04T17:48:52","guid":{"rendered":"https:\/\/canadianigf.ca\/?page_id=9532"},"modified":"2026-05-04T13:02:55","modified_gmt":"2026-05-04T18:02:55","slug":"details-de-levenement","status":"publish","type":"page","link":"https:\/\/canadianigf.ca\/fr\/details-de-levenement\/","title":{"rendered":"D\u00e9tails de l&#8217;\u00e9v\u00e9nement"},"content":{"rendered":"\t\t<div data-elementor-type=\"wp-page\" data-elementor-id=\"9532\" class=\"elementor elementor-9532\" data-elementor-post-type=\"page\">\n\t\t\t\t\t\t<section class=\"elementor-section elementor-top-section elementor-element elementor-element-caf223f elementor-section-boxed elementor-section-height-default elementor-section-height-default\" data-id=\"caf223f\" data-element_type=\"section\">\n\t\t\t\t\t\t<div class=\"elementor-container elementor-column-gap-default\">\n\t\t\t\t\t<div class=\"elementor-column elementor-col-100 elementor-top-column elementor-element elementor-element-62c7914\" data-id=\"62c7914\" data-element_type=\"column\">\n\t\t\t<div class=\"elementor-widget-wrap elementor-element-populated\">\n\t\t\t\t\t\t<div class=\"elementor-element elementor-element-f2ff9bd divider-yes aleft elementor-widget elementor-widget-wgl-double-heading\" data-id=\"f2ff9bd\" data-element_type=\"widget\" data-widget_type=\"wgl-double-heading.default\">\n\t\t\t\t<div class=\"elementor-widget-container\">\n\t\t\t<div class=\"wgl-double-heading\"><div class=\"dblh__subtitle\">4 Novembre 2026<\/div><div class=\"dblh__wrapper\"><h3 class=\"dblh__title-wrapper\"><span class=\"dblh__title dblh__title-1\">FCGI 2026 :  <\/span><span class=\"dblh__title dblh__title-2\">\u00c0 ANNONCER<\/span><\/h3><\/div><\/div>\t\t<\/div>\n\t\t\t\t<\/div>\n\t\t\t\t<div class=\"elementor-element elementor-element-ef1de55 elementor-icon-list--layout-inline elementor-widget elementor-widget-wgl-header-list-info\" data-id=\"ef1de55\" data-element_type=\"widget\" data-widget_type=\"wgl-header-list-info.default\">\n\t\t\t\t<div class=\"elementor-widget-container\">\n\t\t\t<ul class=\"wgl-header-list-info elementor-icon-list-items elementor-inline-items\"><li class=\"elementor-icon-list-item\" ><a href=\"https:\/\/share.google\/j3nuMzE7emiGwpbjZ\" target=\"_blank\"><span class=\"wgl-header-list-icon elementor-icon-list-icon\"><i aria-hidden=\"true\" class=\"fas fa-map-pin\"><\/i><\/span><span class=\"wgl-header-list-text elementor-icon-list-text\">The Ottawa Art Gallery<\/span><\/a><\/li><\/ul>\t\t<\/div>\n\t\t\t\t<\/div>\n\t\t\t\t\t<\/div>\n\t\t<\/div>\n\t\t\t\t\t<\/div>\n\t\t<\/section>\n\t\t\t\t<\/div>\n\t\t","protected":false},"excerpt":{"rendered":"<p>4 Novembre 2026 FCGI 2026 : \u00c0 ANNONCER The Ottawa Art Gallery<\/p>\n","protected":false},"author":3458,"featured_media":0,"parent":0,"menu_order":113,"comment_status":"closed","ping_status":"closed","template":"","meta":{"cybocfi_hide_featured_image":"","footnotes":""},"class_list":["post-9532","page","type-page","status-publish","hentry"],"_links":{"self":[{"href":"https:\/\/canadianigf.ca\/fr\/wp-json\/wp\/v2\/pages\/9532","targetHints":{"allow":["GET"]}}],"collection":[{"href":"https:\/\/canadianigf.ca\/fr\/wp-json\/wp\/v2\/pages"}],"about":[{"href":"https:\/\/canadianigf.ca\/fr\/wp-json\/wp\/v2\/types\/page"}],"author":[{"embeddable":true,"href":"https:\/\/canadianigf.ca\/fr\/wp-json\/wp\/v2\/users\/3458"}],"replies":[{"embeddable":true,"href":"https:\/\/canadianigf.ca\/fr\/wp-json\/wp\/v2\/comments?post=9532"}],"version-history":[{"count":7,"href":"https:\/\/canadianigf.ca\/fr\/wp-json\/wp\/v2\/pages\/9532\/revisions"}],"predecessor-version":[{"id":9539,"href":"https:\/\/canadianigf.ca\/fr\/wp-json\/wp\/v2\/pages\/9532\/revisions\/9539"}],"wp:attachment":[{"href":"https:\/\/canadianigf.ca\/fr\/wp-json\/wp\/v2\/media?parent=9532"}],"curies":[{"name":"wp","href":"https:\/\/api.w.org\/{rel}","templated":true}]}}